{"id":993,"date":"2017-01-03T07:14:54","date_gmt":"2017-01-03T07:14:54","guid":{"rendered":"http:\/\/photostory.dk\/?page_id=993"},"modified":"2017-01-03T07:16:07","modified_gmt":"2017-01-03T07:16:07","slug":"karlslunde-halindvielse-karlslunde-hallerne","status":"publish","type":"page","link":"https:\/\/www.photostory.dk\/?page_id=993","title":{"rendered":"Karlslunde Halindvielse &#8211; Karlslunde Hallerne"},"content":{"rendered":"<p><a href=\"http:\/\/photostory.dk\/wp-content\/uploads\/2017\/01\/co-7-karlslundehallerne.jpg\"><img decoding=\"async\" loading=\"lazy\" class=\"aligncenter wp-image-994\" src=\"http:\/\/photostory.dk\/wp-content\/uploads\/2017\/01\/co-7-karlslundehallerne-1024x825.jpg\" width=\"550\" height=\"443\" srcset=\"https:\/\/www.photostory.dk\/wp-content\/uploads\/2017\/01\/co-7-karlslundehallerne-1024x825.jpg 1024w, https:\/\/www.photostory.dk\/wp-content\/uploads\/2017\/01\/co-7-karlslundehallerne-273x220.jpg 273w, https:\/\/www.photostory.dk\/wp-content\/uploads\/2017\/01\/co-7-karlslundehallerne-768x619.jpg 768w\" sizes=\"(max-width: 550px) 100vw, 550px\" \/><\/a><\/p>\n<p style=\"text-align: center;\">Karlslunde Halindvielse &#8211;\u00a0Karlslunde Hallerne<\/p>\n<p>Tegning fra 1981 tegnet af en elev p\u00e5 Karlslunde Skole med den nye Karlslunde hal 2 i Greve Kommune. Hallen er opf\u00f8rt delvis for egne indsamlede midler og med kommunal st\u00f8tte. Hallen blev indviet i 1981\u00a0p\u00e5 Kongens Enge 42 &#8211; 2690 Karlslunde<\/p>\n<p>Hallerne er bygget, s\u00e5 vidt jeg husker i gule mursten og der er grund til at flage med Dannebrog. Se mere om: <a href=\"http:\/\/www.karlslunde-if.dk\/\">Karlslunde Idr\u00e6tsforening<\/a>.<\/p>\n<p style=\"text-align: center;\"><a href=\"http:\/\/photostory.dk\/?page_id=835\">Oversigt over Costa Karlslunde Digte 1981. Skoledigte<\/a><\/p>\n","protected":false},"excerpt":{"rendered":"<p>Karlslunde Halindvielse &#8211;\u00a0Karlslunde Hallerne Tegning fra 1981 tegnet af en elev p\u00e5 Karlslunde Skole med den nye Karlslunde hal 2 i Greve Kommune. Hallen er opf\u00f8rt delvis for egne indsamlede midler og med kommunal st\u00f8tte. Hallen blev indviet i 1981\u00a0p\u00e5 Kongens Enge 42 &#8211; 2690 Karlslunde Hallerne er bygget, s\u00e5 vidt jeg husker i gule &hellip; <a href=\"https:\/\/www.photostory.dk\/?page_id=993\" class=\"more-link\">L\u00e6s mere <span class=\"screen-reader-text\">Karlslunde Halindvielse &#8211; Karlslunde Hallerne<\/span><\/a><\/p>\n","protected":false},"author":1,"featured_media":0,"parent":0,"menu_order":0,"comment_status":"closed","ping_status":"closed","template":"","meta":[],"_links":{"self":[{"href":"https:\/\/www.photostory.dk\/index.php?rest_route=\/wp\/v2\/pages\/993"}],"collection":[{"href":"https:\/\/www.photostory.dk\/index.php?rest_route=\/wp\/v2\/pages"}],"about":[{"href":"https:\/\/www.photostory.dk\/index.php?rest_route=\/wp\/v2\/types\/page"}],"author":[{"embeddable":true,"href":"https:\/\/www.photostory.dk\/index.php?rest_route=\/wp\/v2\/users\/1"}],"replies":[{"embeddable":true,"href":"https:\/\/www.photostory.dk\/index.php?rest_route=%2Fwp%2Fv2%2Fcomments&post=993"}],"version-history":[{"count":2,"href":"https:\/\/www.photostory.dk\/index.php?rest_route=\/wp\/v2\/pages\/993\/revisions"}],"predecessor-version":[{"id":996,"href":"https:\/\/www.photostory.dk\/index.php?rest_route=\/wp\/v2\/pages\/993\/revisions\/996"}],"wp:attachment":[{"href":"https:\/\/www.photostory.dk\/index.php?rest_route=%2Fwp%2Fv2%2Fmedia&parent=993"}],"curies":[{"name":"wp","href":"https:\/\/api.w.org\/{rel}","templated":true}]}}