{"id":992,"date":"2017-01-03T09:26:47","date_gmt":"2017-01-03T09:26:47","guid":{"rendered":"http:\/\/photostory.dk\/?page_id=992"},"modified":"2017-01-03T09:28:11","modified_gmt":"2017-01-03T09:28:11","slug":"karlslunde-digt-1981-det-sner-i-karlslunde","status":"publish","type":"page","link":"https:\/\/www.photostory.dk\/?page_id=992","title":{"rendered":"Karlslunde Digt 1981: Det sner i Karlslunde"},"content":{"rendered":"<p><a href=\"http:\/\/photostory.dk\/wp-content\/uploads\/2017\/01\/co-11-det-sner_small.jpg\"><img decoding=\"async\" loading=\"lazy\" class=\"size-full wp-image-1000 aligncenter\" src=\"http:\/\/photostory.dk\/wp-content\/uploads\/2017\/01\/co-11-det-sner_small.jpg\" alt=\"\" width=\"500\" height=\"596\" srcset=\"https:\/\/www.photostory.dk\/wp-content\/uploads\/2017\/01\/co-11-det-sner_small.jpg 500w, https:\/\/www.photostory.dk\/wp-content\/uploads\/2017\/01\/co-11-det-sner_small-185x220.jpg 185w\" sizes=\"(max-width: 500px) 100vw, 500px\" \/><\/a><\/p>\n<p style=\"text-align: center;\">Costa Karlslunde Digte 1981 &#8211;\u00a0&#8220;Det sner i Karlslunde&#8221;<\/p>\n<table class=\" aligncenter\" style=\"width: 305px; background-color: #f1f1f1;\">\n<tbody>\n<tr>\n<td style=\"width: 305px;\">\n<p>Det sner i Karlslunde.<\/p>\n<p>Det sner, det sner<br \/>\nholder det da aldrig op<br \/>\nman dr\u00f8mmer sig til sommerens varme<br \/>\nog at f\u00f8le den p\u00e5 sin krop.<\/p>\n<p>I skolen der kastes med snebolde<br \/>\ni h\u00f8jtaleren r\u00e5bes hold op<br \/>\nhalsterkl\u00e6de, hue og vanter<br \/>\nnu kan det snart v\u00e6re nok.<\/td>\n<\/tr>\n<\/tbody>\n<\/table>\n<p style=\"text-align: center;\"><a href=\"http:\/\/photostory.dk\/?page_id=835\">Oversigt over Costa Karlslunde Digte 1981. Skoledigte<\/a><\/p>\n","protected":false},"excerpt":{"rendered":"<p>Costa Karlslunde Digte 1981 &#8211;\u00a0&#8220;Det sner i Karlslunde&#8221; Det sner i Karlslunde. Det sner, det sner holder det da aldrig op man dr\u00f8mmer sig til sommerens varme og at f\u00f8le den p\u00e5 sin krop. I skolen der kastes med snebolde i h\u00f8jtaleren r\u00e5bes hold op halsterkl\u00e6de, hue og vanter nu kan det snart v\u00e6re nok. &hellip; <a href=\"https:\/\/www.photostory.dk\/?page_id=992\" class=\"more-link\">L\u00e6s mere <span class=\"screen-reader-text\">Karlslunde Digt 1981: Det sner i Karlslunde<\/span><\/a><\/p>\n","protected":false},"author":1,"featured_media":0,"parent":0,"menu_order":0,"comment_status":"closed","ping_status":"closed","template":"","meta":[],"_links":{"self":[{"href":"https:\/\/www.photostory.dk\/index.php?rest_route=\/wp\/v2\/pages\/992"}],"collection":[{"href":"https:\/\/www.photostory.dk\/index.php?rest_route=\/wp\/v2\/pages"}],"about":[{"href":"https:\/\/www.photostory.dk\/index.php?rest_route=\/wp\/v2\/types\/page"}],"author":[{"embeddable":true,"href":"https:\/\/www.photostory.dk\/index.php?rest_route=\/wp\/v2\/users\/1"}],"replies":[{"embeddable":true,"href":"https:\/\/www.photostory.dk\/index.php?rest_route=%2Fwp%2Fv2%2Fcomments&post=992"}],"version-history":[{"count":3,"href":"https:\/\/www.photostory.dk\/index.php?rest_route=\/wp\/v2\/pages\/992\/revisions"}],"predecessor-version":[{"id":1003,"href":"https:\/\/www.photostory.dk\/index.php?rest_route=\/wp\/v2\/pages\/992\/revisions\/1003"}],"wp:attachment":[{"href":"https:\/\/www.photostory.dk\/index.php?rest_route=%2Fwp%2Fv2%2Fmedia&parent=992"}],"curies":[{"name":"wp","href":"https:\/\/api.w.org\/{rel}","templated":true}]}}