{"id":988,"date":"2017-01-03T09:36:12","date_gmt":"2017-01-03T09:36:12","guid":{"rendered":"http:\/\/photostory.dk\/?page_id=988"},"modified":"2017-01-03T09:36:12","modified_gmt":"2017-01-03T09:36:12","slug":"costa-karlslunde-digte-saadan-gaar-dagen-i-karlslunde","status":"publish","type":"page","link":"https:\/\/www.photostory.dk\/?page_id=988","title":{"rendered":"Costa Karlslunde Digte: S\u00e5dan g\u00e5r dagen i Karlslunde"},"content":{"rendered":"<p><a href=\"http:\/\/photostory.dk\/wp-content\/uploads\/2017\/01\/co-12-landsby.jpg\"><img decoding=\"async\" loading=\"lazy\" class=\"aligncenter wp-image-1004\" src=\"http:\/\/photostory.dk\/wp-content\/uploads\/2017\/01\/co-12-landsby-626x1024.jpg\" width=\"550\" height=\"900\" srcset=\"https:\/\/www.photostory.dk\/wp-content\/uploads\/2017\/01\/co-12-landsby-626x1024.jpg 626w, https:\/\/www.photostory.dk\/wp-content\/uploads\/2017\/01\/co-12-landsby-134x220.jpg 134w, https:\/\/www.photostory.dk\/wp-content\/uploads\/2017\/01\/co-12-landsby-768x1256.jpg 768w, https:\/\/www.photostory.dk\/wp-content\/uploads\/2017\/01\/co-12-landsby.jpg 1529w\" sizes=\"(max-width: 550px) 100vw, 550px\" \/><\/a><\/p>\n<p style=\"text-align: center;\">Costa Karlslunde Digte 1981 &#8211; Karlslunde Landsby<\/p>\n<table class=\" aligncenter\" style=\"width: 305px; background-color: #f1f1f1;\">\n<tbody>\n<tr>\n<td style=\"width: 305px;\">\n<p>KARLSLUNDE LANDSBY<\/p>\n<p>Alle kender vel en landsby,<br \/>\nsom ligger ude p\u00e5 landet &#8211;<br \/>\nKarlslunde ligger ogs\u00e5 ude p\u00e5 landet.<\/p>\n<p>Alt er, som det plejer,<br \/>\n\u00e6nderne rapper,<br \/>\nb\u00f8rnene g\u00e5r i skole,<br \/>\nde voksne p\u00e5 arbejde.<\/p>\n<p>N\u00e5r s\u00e5 b\u00f8rnene kommer hjem fra skole &#8211;<br \/>\ng\u00e5r nogle til ridning,<br \/>\nnogle til fodbold<br \/>\nog andre sportsgrene.<\/p>\n<p>N\u00e5r s\u00e5 man kommer hjem<br \/>\nfra de forskellige ting,<br \/>\ner ens mor og far ogs\u00e5 kommet hjem,<br \/>\nman spiser &#8211;<br \/>\nbagefter ser man TV.<br \/>\nS\u00e5 g\u00e5r b\u00f8rnene i seng &#8211;<br \/>\nlidt senere g\u00e5r de voksne ogs\u00e5 i seng.<\/p>\n<p>S\u00e5dan g\u00e5r dagen i KARLSLUNDE<\/td>\n<\/tr>\n<\/tbody>\n<\/table>\n<p style=\"text-align: center;\"><a href=\"http:\/\/photostory.dk\/?page_id=835\">Oversigt over Costa Karlslunde Digte 1981. Skoledigte<\/a><\/p>\n","protected":false},"excerpt":{"rendered":"<p>Costa Karlslunde Digte 1981 &#8211; Karlslunde Landsby KARLSLUNDE LANDSBY Alle kender vel en landsby, som ligger ude p\u00e5 landet &#8211; Karlslunde ligger ogs\u00e5 ude p\u00e5 landet. Alt er, som det plejer, \u00e6nderne rapper, b\u00f8rnene g\u00e5r i skole, de voksne p\u00e5 arbejde. N\u00e5r s\u00e5 b\u00f8rnene kommer hjem fra skole &#8211; g\u00e5r nogle til ridning, nogle til &hellip; <a href=\"https:\/\/www.photostory.dk\/?page_id=988\" class=\"more-link\">L\u00e6s mere <span class=\"screen-reader-text\">Costa Karlslunde Digte: S\u00e5dan g\u00e5r dagen i Karlslunde<\/span><\/a><\/p>\n","protected":false},"author":1,"featured_media":0,"parent":0,"menu_order":0,"comment_status":"closed","ping_status":"closed","template":"","meta":[],"_links":{"self":[{"href":"https:\/\/www.photostory.dk\/index.php?rest_route=\/wp\/v2\/pages\/988"}],"collection":[{"href":"https:\/\/www.photostory.dk\/index.php?rest_route=\/wp\/v2\/pages"}],"about":[{"href":"https:\/\/www.photostory.dk\/index.php?rest_route=\/wp\/v2\/types\/page"}],"author":[{"embeddable":true,"href":"https:\/\/www.photostory.dk\/index.php?rest_route=\/wp\/v2\/users\/1"}],"replies":[{"embeddable":true,"href":"https:\/\/www.photostory.dk\/index.php?rest_route=%2Fwp%2Fv2%2Fcomments&post=988"}],"version-history":[{"count":3,"href":"https:\/\/www.photostory.dk\/index.php?rest_route=\/wp\/v2\/pages\/988\/revisions"}],"predecessor-version":[{"id":1006,"href":"https:\/\/www.photostory.dk\/index.php?rest_route=\/wp\/v2\/pages\/988\/revisions\/1006"}],"wp:attachment":[{"href":"https:\/\/www.photostory.dk\/index.php?rest_route=%2Fwp%2Fv2%2Fmedia&parent=988"}],"curies":[{"name":"wp","href":"https:\/\/api.w.org\/{rel}","templated":true}]}}