{"id":972,"date":"2017-01-02T22:59:07","date_gmt":"2017-01-02T22:59:07","guid":{"rendered":"http:\/\/photostory.dk\/?page_id=972"},"modified":"2017-01-02T23:00:45","modified_gmt":"2017-01-02T23:00:45","slug":"costa-karlslunde-digte-1981-skateboard","status":"publish","type":"page","link":"https:\/\/www.photostory.dk\/?page_id=972","title":{"rendered":"Costa Karlslunde Digte 1981 &#8211; Skateboard"},"content":{"rendered":"<p><a href=\"http:\/\/photostory.dk\/wp-content\/uploads\/2017\/01\/co-10-skateboard.jpg\"><img decoding=\"async\" loading=\"lazy\" class=\"alignnone wp-image-973 aligncenter\" src=\"http:\/\/photostory.dk\/wp-content\/uploads\/2017\/01\/co-10-skateboard-799x1024.jpg\" width=\"550\" height=\"705\" srcset=\"https:\/\/www.photostory.dk\/wp-content\/uploads\/2017\/01\/co-10-skateboard-799x1024.jpg 799w, https:\/\/www.photostory.dk\/wp-content\/uploads\/2017\/01\/co-10-skateboard-172x220.jpg 172w, https:\/\/www.photostory.dk\/wp-content\/uploads\/2017\/01\/co-10-skateboard-768x984.jpg 768w, https:\/\/www.photostory.dk\/wp-content\/uploads\/2017\/01\/co-10-skateboard.jpg 975w\" sizes=\"(max-width: 550px) 100vw, 550px\" \/><\/a><\/p>\n<p style=\"text-align: center;\">Costa Karlslunde Digte 1981 &#8211;\u00a0Skateboard<\/p>\n<table class=\" aligncenter\" style=\"background-color: #f1f1f1; width: 305px;\">\n<tbody>\n<tr>\n<td style=\"width: 305px;\">\n<p>Skateboard<\/p>\n<p>Skateboard er dejligt<br \/>\nmen farligt<br \/>\nMen der er ikke mange steder<br \/>\nman kan k\u00f8re<br \/>\nkun to steder i Karlslunde<br \/>\nDet er sk\u00f8nt at k\u00f8re<br \/>\np\u00e5 skatboard<br \/>\nN\u00e5r man k\u00f8rer f\u00f8ler man<br \/>\nat man ikke er i en verden<br \/>\nJeg afreagerer og bruger<br \/>\nmin energi p\u00e5 skateboard<br \/>\nEn af mine kammerater<br \/>\nk\u00f8rer skidegodt p\u00e5 boardet<br \/>\nMen han har ogs\u00e5 k\u00f8rt<br \/>\ni 3 \u00e5r i en klub<br \/>\nMen hvor jeg bor<br \/>\ner der ikke nogen klub<br \/>\nin\u00e6rheden<br \/>\nJeg skal helt til K\u00f8ge<br \/>\nfor at k\u00f8re i klub<\/td>\n<\/tr>\n<\/tbody>\n<\/table>\n<p style=\"text-align: center;\"><a href=\"http:\/\/photostory.dk\/?page_id=835\">Oversigt over Costa Karlslunde Digte 1981. Skoledigte<\/a><\/p>\n","protected":false},"excerpt":{"rendered":"<p>Costa Karlslunde Digte 1981 &#8211;\u00a0Skateboard Skateboard Skateboard er dejligt men farligt Men der er ikke mange steder man kan k\u00f8re kun to steder i Karlslunde Det er sk\u00f8nt at k\u00f8re p\u00e5 skatboard N\u00e5r man k\u00f8rer f\u00f8ler man at man ikke er i en verden Jeg afreagerer og bruger min energi p\u00e5 skateboard En af mine &hellip; <a href=\"https:\/\/www.photostory.dk\/?page_id=972\" class=\"more-link\">L\u00e6s mere <span class=\"screen-reader-text\">Costa Karlslunde Digte 1981 &#8211; Skateboard<\/span><\/a><\/p>\n","protected":false},"author":1,"featured_media":0,"parent":0,"menu_order":0,"comment_status":"closed","ping_status":"closed","template":"","meta":[],"_links":{"self":[{"href":"https:\/\/www.photostory.dk\/index.php?rest_route=\/wp\/v2\/pages\/972"}],"collection":[{"href":"https:\/\/www.photostory.dk\/index.php?rest_route=\/wp\/v2\/pages"}],"about":[{"href":"https:\/\/www.photostory.dk\/index.php?rest_route=\/wp\/v2\/types\/page"}],"author":[{"embeddable":true,"href":"https:\/\/www.photostory.dk\/index.php?rest_route=\/wp\/v2\/users\/1"}],"replies":[{"embeddable":true,"href":"https:\/\/www.photostory.dk\/index.php?rest_route=%2Fwp%2Fv2%2Fcomments&post=972"}],"version-history":[{"count":3,"href":"https:\/\/www.photostory.dk\/index.php?rest_route=\/wp\/v2\/pages\/972\/revisions"}],"predecessor-version":[{"id":977,"href":"https:\/\/www.photostory.dk\/index.php?rest_route=\/wp\/v2\/pages\/972\/revisions\/977"}],"wp:attachment":[{"href":"https:\/\/www.photostory.dk\/index.php?rest_route=%2Fwp%2Fv2%2Fmedia&parent=972"}],"curies":[{"name":"wp","href":"https:\/\/api.w.org\/{rel}","templated":true}]}}