{"id":939,"date":"2017-01-02T16:34:49","date_gmt":"2017-01-02T16:34:49","guid":{"rendered":"http:\/\/photostory.dk\/?page_id=939"},"modified":"2017-01-02T16:34:49","modified_gmt":"2017-01-02T16:34:49","slug":"costa-karlslunde-digte-forventning-og-haab","status":"publish","type":"page","link":"https:\/\/www.photostory.dk\/?page_id=939","title":{"rendered":"Costa Karlslunde digte: Forventning og h\u00e5b"},"content":{"rendered":"<p style=\"text-align: center;\"><a href=\"http:\/\/photostory.dk\/wp-content\/uploads\/2017\/01\/co-5.jpg\"><img decoding=\"async\" loading=\"lazy\" class=\"aligncenter wp-image-940 size-large\" src=\"http:\/\/photostory.dk\/wp-content\/uploads\/2017\/01\/co-5-792x1024.jpg\" width=\"660\" height=\"853\" srcset=\"https:\/\/www.photostory.dk\/wp-content\/uploads\/2017\/01\/co-5-792x1024.jpg 792w, https:\/\/www.photostory.dk\/wp-content\/uploads\/2017\/01\/co-5-170x220.jpg 170w, https:\/\/www.photostory.dk\/wp-content\/uploads\/2017\/01\/co-5-768x993.jpg 768w\" sizes=\"(max-width: 660px) 100vw, 660px\" \/><\/a><\/p>\n<table class=\" aligncenter\" style=\"background-color: #f1f1f1; width: 305px;\">\n<tbody>\n<tr>\n<td style=\"width: 305px;\">\n<p>Forventning og h\u00e5b.<\/p>\n<p>Himlen er m\u00f8rk.<br \/>\nSkyerne er sorte.<br \/>\nVejen en lysende stiplende stribe.<br \/>\nViskerne skubber regnen bort.<br \/>\nJollen p\u00e5 taget.<br \/>\nP\u00e5 vej til udenbysst\u00e6vne.<br \/>\nVindstille.<br \/>\nV\u00e5d asfalt ruller ind under vognen<\/p>\n<p>Havnen eller&#8217;s rolig.<br \/>\nMyldrende af liv<br \/>\nB\u00f8rn og for\u00e6ldre g\u00e5r hj\u00e6lpsomme rundt.<br \/>\nMavemusklerne sp\u00e6nder.<br \/>\nForventning og h\u00e5b.<br \/>\nAt deltage ikke l\u00e6ngere nok.<br \/>\nM\u00e5ske f\u00e5r en kommende mester.<br \/>\nIdag sin d\u00e5b.<\/p>\n<p>Et vindpust kommer.<br \/>\nFejer de triste regndr\u00e5ber bort.<br \/>\nEn skelen til skyerne.<br \/>\nbliver vejert nu let eller h\u00e5rdt.<\/td>\n<\/tr>\n<\/tbody>\n<\/table>\n<p style=\"text-align: center;\">\n<a href=\"http:\/\/photostory.dk\/?page_id=835\">Oversigt over Costa Karlslunde Digte 1981. Skoledigte<\/a><\/p>\n","protected":false},"excerpt":{"rendered":"<p>Forventning og h\u00e5b. Himlen er m\u00f8rk. Skyerne er sorte. Vejen en lysende stiplende stribe. Viskerne skubber regnen bort. Jollen p\u00e5 taget. P\u00e5 vej til udenbysst\u00e6vne. Vindstille. V\u00e5d asfalt ruller ind under vognen Havnen eller&#8217;s rolig. Myldrende af liv B\u00f8rn og for\u00e6ldre g\u00e5r hj\u00e6lpsomme rundt. Mavemusklerne sp\u00e6nder. Forventning og h\u00e5b. At deltage ikke l\u00e6ngere nok. M\u00e5ske &hellip; <a href=\"https:\/\/www.photostory.dk\/?page_id=939\" class=\"more-link\">L\u00e6s mere <span class=\"screen-reader-text\">Costa Karlslunde digte: Forventning og h\u00e5b<\/span><\/a><\/p>\n","protected":false},"author":1,"featured_media":0,"parent":0,"menu_order":0,"comment_status":"closed","ping_status":"closed","template":"","meta":[],"_links":{"self":[{"href":"https:\/\/www.photostory.dk\/index.php?rest_route=\/wp\/v2\/pages\/939"}],"collection":[{"href":"https:\/\/www.photostory.dk\/index.php?rest_route=\/wp\/v2\/pages"}],"about":[{"href":"https:\/\/www.photostory.dk\/index.php?rest_route=\/wp\/v2\/types\/page"}],"author":[{"embeddable":true,"href":"https:\/\/www.photostory.dk\/index.php?rest_route=\/wp\/v2\/users\/1"}],"replies":[{"embeddable":true,"href":"https:\/\/www.photostory.dk\/index.php?rest_route=%2Fwp%2Fv2%2Fcomments&post=939"}],"version-history":[{"count":3,"href":"https:\/\/www.photostory.dk\/index.php?rest_route=\/wp\/v2\/pages\/939\/revisions"}],"predecessor-version":[{"id":943,"href":"https:\/\/www.photostory.dk\/index.php?rest_route=\/wp\/v2\/pages\/939\/revisions\/943"}],"wp:attachment":[{"href":"https:\/\/www.photostory.dk\/index.php?rest_route=%2Fwp%2Fv2%2Fmedia&parent=939"}],"curies":[{"name":"wp","href":"https:\/\/api.w.org\/{rel}","templated":true}]}}