{"id":866,"date":"2017-01-02T16:56:57","date_gmt":"2017-01-02T16:56:57","guid":{"rendered":"http:\/\/photostory.dk\/?page_id=866"},"modified":"2017-02-19T11:41:30","modified_gmt":"2017-02-19T11:41:30","slug":"en-hyldest-til-karlslunde","status":"publish","type":"page","link":"https:\/\/www.photostory.dk\/?page_id=866","title":{"rendered":"En hyldest til Karlslunde"},"content":{"rendered":"<p><a href=\"http:\/\/photostory.dk\/wp-content\/uploads\/2017\/01\/en-hyldest-karlslunde-greve.jpg\"><img decoding=\"async\" loading=\"lazy\" class=\"aligncenter wp-image-953\" src=\"http:\/\/photostory.dk\/wp-content\/uploads\/2017\/01\/en-hyldest-karlslunde-greve-645x1024.jpg\" width=\"400\" height=\"635\" srcset=\"https:\/\/www.photostory.dk\/wp-content\/uploads\/2017\/01\/en-hyldest-karlslunde-greve-645x1024.jpg 645w, https:\/\/www.photostory.dk\/wp-content\/uploads\/2017\/01\/en-hyldest-karlslunde-greve-139x220.jpg 139w, https:\/\/www.photostory.dk\/wp-content\/uploads\/2017\/01\/en-hyldest-karlslunde-greve-768x1220.jpg 768w, https:\/\/www.photostory.dk\/wp-content\/uploads\/2017\/01\/en-hyldest-karlslunde-greve.jpg 893w\" sizes=\"(max-width: 400px) 100vw, 400px\" \/><\/a><\/p>\n<p style=\"text-align: center;\"><strong>En hyldest til Karlslunde.<\/strong><\/p>\n<p style=\"text-align: center;\">N\u00e5r i byen man s\u00e5dan har<br \/>\nv\u00e6ret p\u00e5 bes\u00f8g,<br \/>\nog atter vender n\u00e6sen hjem,<br \/>\njeg siger til meg selv<br \/>\n\u00e5h gudskelov.<br \/>\nMit Costa Karlslunde<br \/>\nhvis jeg m\u00e5 ha&#8217; lov.<br \/>\nJeg har boet i \u00f8st,<br \/>\njeg har boet i vest.<br \/>\nDog her n\u00e6r K\u00f8ge bugts kyst<br \/>\ni Costa Karlslunde<br \/>\nder er dog bedst.<\/p>\n<p style=\"text-align: left;\">\u201cCosta Karlslunde Digte 1981\u201d var en del af et undervisningsprojekt i 1981 p\u00e5 Karlslunde Skole om lokalmilj\u00f8er i bl.a. Aved\u00f8re, Lyngby og Karlslunde. De her gengivne digte m.m. er fra Karlslunde og omegn og udf\u00f8rt af eleverne fra 5, 6 og 7. klasse. De er efterf\u00f8lgende udgivet p\u00e5 internettet af Lars Bj\u00f8rnsten til inspiration for andre.<\/p>\n<p style=\"text-align: center;\"><a href=\"http:\/\/photostory.dk\/?page_id=835\">Oversigt over Costa Karlslunde Digte 1981. Skoledigte<\/a><\/p>\n","protected":false},"excerpt":{"rendered":"<p>En hyldest til Karlslunde. N\u00e5r i byen man s\u00e5dan har v\u00e6ret p\u00e5 bes\u00f8g, og atter vender n\u00e6sen hjem, jeg siger til meg selv \u00e5h gudskelov. Mit Costa Karlslunde hvis jeg m\u00e5 ha&#8217; lov. Jeg har boet i \u00f8st, jeg har boet i vest. Dog her n\u00e6r K\u00f8ge bugts kyst i Costa Karlslunde der er dog &hellip; <a href=\"https:\/\/www.photostory.dk\/?page_id=866\" class=\"more-link\">L\u00e6s mere <span class=\"screen-reader-text\">En hyldest til Karlslunde<\/span><\/a><\/p>\n","protected":false},"author":1,"featured_media":0,"parent":0,"menu_order":0,"comment_status":"closed","ping_status":"closed","template":"","meta":[],"_links":{"self":[{"href":"https:\/\/www.photostory.dk\/index.php?rest_route=\/wp\/v2\/pages\/866"}],"collection":[{"href":"https:\/\/www.photostory.dk\/index.php?rest_route=\/wp\/v2\/pages"}],"about":[{"href":"https:\/\/www.photostory.dk\/index.php?rest_route=\/wp\/v2\/types\/page"}],"author":[{"embeddable":true,"href":"https:\/\/www.photostory.dk\/index.php?rest_route=\/wp\/v2\/users\/1"}],"replies":[{"embeddable":true,"href":"https:\/\/www.photostory.dk\/index.php?rest_route=%2Fwp%2Fv2%2Fcomments&post=866"}],"version-history":[{"count":17,"href":"https:\/\/www.photostory.dk\/index.php?rest_route=\/wp\/v2\/pages\/866\/revisions"}],"predecessor-version":[{"id":3585,"href":"https:\/\/www.photostory.dk\/index.php?rest_route=\/wp\/v2\/pages\/866\/revisions\/3585"}],"wp:attachment":[{"href":"https:\/\/www.photostory.dk\/index.php?rest_route=%2Fwp%2Fv2%2Fmedia&parent=866"}],"curies":[{"name":"wp","href":"https:\/\/api.w.org\/{rel}","templated":true}]}}