{"id":845,"date":"2017-01-02T09:44:51","date_gmt":"2017-01-02T09:44:51","guid":{"rendered":"http:\/\/photostory.dk\/?page_id=845"},"modified":"2017-01-18T22:50:17","modified_gmt":"2017-01-18T22:50:17","slug":"min-fritid-i-ping-pong","status":"publish","type":"page","link":"https:\/\/www.photostory.dk\/?page_id=845","title":{"rendered":"Min fritid i ping pong"},"content":{"rendered":"<p style=\"text-align: center;\"><a href=\"http:\/\/photostory.dk\/wp-content\/uploads\/2017\/01\/co-11-ping-pong_mall.jpg\"><img decoding=\"async\" loading=\"lazy\" class=\"aligncenter wp-image-846\" src=\"http:\/\/photostory.dk\/wp-content\/uploads\/2017\/01\/co-11-ping-pong_mall.jpg\" width=\"550\" height=\"355\" srcset=\"https:\/\/www.photostory.dk\/wp-content\/uploads\/2017\/01\/co-11-ping-pong_mall.jpg 500w, https:\/\/www.photostory.dk\/wp-content\/uploads\/2017\/01\/co-11-ping-pong_mall-295x191.jpg 295w\" sizes=\"(max-width: 550px) 100vw, 550px\" \/><\/a><\/p>\n<p style=\"text-align: center;\">Min fritid i ping pong.<\/p>\n<p style=\"text-align: center;\">Bordtennis er en dejlig sport<br \/>\nhver mandag og tirsdag jeg g\u00e5r<br \/>\njeg spiller med piger, jeg spiller med drenge<br \/>\njeg taber, jeg vinder<br \/>\nmen hvad g\u00f8r det n\u00e5r<br \/>\nbordtennis er en dejlig sport.<\/p>\n<p style=\"text-align: center;\">Pluder og plader.<\/p>\n<p style=\"text-align: center;\">Hold op, hold op<br \/>\nder sidder jo en loppe<br \/>\nhold ned, hold, ned<br \/>\nder sidder jo en ged<br \/>\nhvorfor alt dette pluder og plader<br \/>\nn\u00e5r vi heler vil sige stop.<\/p>\n<p style=\"text-align: center;\"><a href=\"http:\/\/photostory.dk\/?page_id=835\">Oversigt over Costa Karlslunde Digte 1981. Skoledigte<\/a><\/p>\n","protected":false},"excerpt":{"rendered":"<p>Min fritid i ping pong. Bordtennis er en dejlig sport hver mandag og tirsdag jeg g\u00e5r jeg spiller med piger, jeg spiller med drenge jeg taber, jeg vinder men hvad g\u00f8r det n\u00e5r bordtennis er en dejlig sport. Pluder og plader. Hold op, hold op der sidder jo en loppe hold ned, hold, ned der &hellip; <a href=\"https:\/\/www.photostory.dk\/?page_id=845\" class=\"more-link\">L\u00e6s mere <span class=\"screen-reader-text\">Min fritid i ping pong<\/span><\/a><\/p>\n","protected":false},"author":1,"featured_media":0,"parent":0,"menu_order":0,"comment_status":"closed","ping_status":"closed","template":"","meta":[],"_links":{"self":[{"href":"https:\/\/www.photostory.dk\/index.php?rest_route=\/wp\/v2\/pages\/845"}],"collection":[{"href":"https:\/\/www.photostory.dk\/index.php?rest_route=\/wp\/v2\/pages"}],"about":[{"href":"https:\/\/www.photostory.dk\/index.php?rest_route=\/wp\/v2\/types\/page"}],"author":[{"embeddable":true,"href":"https:\/\/www.photostory.dk\/index.php?rest_route=\/wp\/v2\/users\/1"}],"replies":[{"embeddable":true,"href":"https:\/\/www.photostory.dk\/index.php?rest_route=%2Fwp%2Fv2%2Fcomments&post=845"}],"version-history":[{"count":43,"href":"https:\/\/www.photostory.dk\/index.php?rest_route=\/wp\/v2\/pages\/845\/revisions"}],"predecessor-version":[{"id":1948,"href":"https:\/\/www.photostory.dk\/index.php?rest_route=\/wp\/v2\/pages\/845\/revisions\/1948"}],"wp:attachment":[{"href":"https:\/\/www.photostory.dk\/index.php?rest_route=%2Fwp%2Fv2%2Fmedia&parent=845"}],"curies":[{"name":"wp","href":"https:\/\/api.w.org\/{rel}","templated":true}]}}