{"id":835,"date":"2017-01-01T22:06:29","date_gmt":"2017-01-01T22:06:29","guid":{"rendered":"http:\/\/photostory.dk\/?page_id=835"},"modified":"2017-02-19T12:34:44","modified_gmt":"2017-02-19T12:34:44","slug":"oversigt-over-costa-karlslunde-digte-1981-skoledigte","status":"publish","type":"page","link":"https:\/\/www.photostory.dk\/?page_id=835","title":{"rendered":"Oversigt Costa Karlslunde, Digte"},"content":{"rendered":"<p style=\"text-align: center;\"><a href=\"http:\/\/photostory.dk\/wp-content\/uploads\/2017\/01\/collage-001.jpg\"><img decoding=\"async\" loading=\"lazy\" class=\"size-full wp-image-2931 aligncenter\" src=\"http:\/\/photostory.dk\/wp-content\/uploads\/2017\/01\/collage-001.jpg\" alt=\"\" width=\"1024\" height=\"366\" srcset=\"https:\/\/www.photostory.dk\/wp-content\/uploads\/2017\/01\/collage-001.jpg 1024w, https:\/\/www.photostory.dk\/wp-content\/uploads\/2017\/01\/collage-001-295x105.jpg 295w, https:\/\/www.photostory.dk\/wp-content\/uploads\/2017\/01\/collage-001-768x275.jpg 768w\" sizes=\"(max-width: 1024px) 100vw, 1024px\" \/><\/a><\/p>\n<p>Costa Karlslunde,\u00a0Digte 1981, 5b. 6b. 7b, Karlslunde Skole.\u00a0L\u00e6s om baggrunden for projektet &#8220;Costa Karlslunde Digte 1981&#8221; <strong><a href=\"http:\/\/photostory.dk\/?page_id=828\">her!<\/a><\/strong><\/p>\n<p><strong>Oversigt over skoledigte m.m.<\/strong><\/p>\n<p><a href=\"http:\/\/photostory.dk\/?page_id=866\">Digt: En hyldest til Karlslunde.<\/a><br \/>\n<a href=\"http:\/\/photostory.dk\/?page_id=3586\">Karlslunde, langt v\u00e6k fra byen, byen med liv i , verdens bedste by.<\/a><br \/>\n<a href=\"http:\/\/photostory.dk\/?page_id=3591\">B\u00e6nk med to b\u00f8rn flankeret af en skraldespand og et tr\u00e6.<\/a><br \/>\n<a href=\"http:\/\/photostory.dk\/?page_id=333\">Karlslunde Bager og k\u00e6rlighed i Karlslunde<\/a><br \/>\n<a href=\"http:\/\/photostory.dk\/?page_id=939\">Forventning og h\u00e5b<\/a><br \/>\n<a href=\"http:\/\/photostory.dk\/?page_id=990\">Digt: Rideskolen og tegning af Samson i en hestesko<\/a><br \/>\n<a href=\"http:\/\/photostory.dk\/?page_id=993\">Tegning: Karlslunde Halindvielse<\/a><br \/>\n<a href=\"http:\/\/photostory.dk\/?page_id=824\">T\u00e6nk hvis Karlslunde lignede New York..<\/a><br \/>\n<a href=\"http:\/\/photostory.dk\/?page_id=967\">Tegning af Karlslunde Gadek\u00e6r<\/a><br \/>\n<a href=\"http:\/\/photostory.dk\/?page_id=972\">Skateboard<\/a><br \/>\n<a href=\"http:\/\/photostory.dk\/?page_id=986\">Ildebrand p\u00e5 Karlslundeg\u00e5rden<\/a><br \/>\n<a href=\"http:\/\/photostory.dk\/?page_id=845\">&#8220;Min fritid i ping pong&#8221; og &#8220;Pluder og plader&#8221;.<\/a><br \/>\n<a href=\"http:\/\/photostory.dk\/?page_id=992\">&#8220;Det sner i Karlslunde&#8221;<\/a><br \/>\n<a href=\"http:\/\/photostory.dk\/?page_id=988\">&#8220;Karlslunde Landsby&#8221;<\/a><br \/>\n<a href=\"http:\/\/photostory.dk\/?page_id=984\">\u00c5ret ved gadek\u00e6ret i Karlslunde<\/a><br \/>\n<a href=\"http:\/\/photostory.dk\/?page_id=1990\">Ved k\u00e6ret<\/a><br \/>\n<a href=\"http:\/\/photostory.dk\/?page_id=2000\">&#8220;Den f\u00f8rste gang&#8221;<\/a><br \/>\n<a href=\"http:\/\/photostory.dk\/?page_id=2005\">&#8220;I Karlslunde er der et gadek\u00e6r eller en branddam&#8221;.<\/a><br \/>\n<a href=\"http:\/\/photostory.dk\/?page_id=1956\">&#8220;Karlslunde er gr\u00f8n&#8221;<\/a><br \/>\n<a href=\"http:\/\/photostory.dk\/?page_id=2018\">Isen flyder hen over Karlslunde<\/a><br \/>\n<a href=\"http:\/\/photostory.dk\/?page_id=2039\">\u00c6blerov<\/a><br \/>\n<a href=\"http:\/\/photostory.dk\/?page_id=2026\">&#8220;Karlslunde &#8211; vi kender vel alle en landsby&#8221;<\/a><br \/>\n<a href=\"http:\/\/photostory.dk\/?page_id=2051\">&#8220;Karlslunde er en dejlig by&#8221;<\/a><br \/>\n<a href=\"http:\/\/photostory.dk\/?page_id=2057\">&#8220;Havnen&#8221;<\/a><br \/>\n<a href=\"http:\/\/photostory.dk\/?page_id=2046\">&#8220;Bondehuse&#8221;<\/a><br \/>\n<a href=\"http:\/\/photostory.dk\/?page_id=2065\">Karlslunde by<\/a><br \/>\n<a href=\"http:\/\/photostory.dk\/?page_id=2072\">Sommer<\/a><br \/>\n<a href=\"http:\/\/photostory.dk\/?page_id=2148\">Karlslunde &#8211; Rideskole<\/a><br \/>\n<a href=\"http:\/\/photostory.dk\/?page_id=1956\">Karlslunde &#8211; mosen er gr\u00f8n, byen er livlig<\/a><br \/>\n<a href=\"http:\/\/photostory.dk\/?page_id=2896\">Rim<\/a><br \/>\n<a href=\"http:\/\/photostory.dk\/?page_id=2157\">Digt: Se der ligger skolen<\/a><br \/>\nTegning: Karlslunde Skole i Greve kommune, facaden mod Karlslunde Landevej<br \/>\n<a href=\"http:\/\/photostory.dk\/?page_id=2164\">Digt &#8211; Klokken ringer til en time<\/a><br \/>\n<a href=\"http:\/\/photostory.dk\/?page_id=2170\">&#8220;Skoledag&#8221;<\/a><br \/>\n<a href=\"http:\/\/photostory.dk\/?page_id=2175\">&#8220;Skolen ! &#8220;<\/a><br \/>\n<a href=\"http:\/\/photostory.dk\/?page_id=981\">Regnetimen<\/a><br \/>\n<a href=\"http:\/\/photostory.dk\/?page_id=2218\">Skoleg\u00e5rden<\/a><br \/>\n<a href=\"http:\/\/photostory.dk\/?page_id=2033\">&#8220;Karameller&#8221;<\/a><br \/>\n<a href=\"http:\/\/photostory.dk\/?page_id=2223\">&#8220;Forsent&#8221;<\/a><br \/>\n<a href=\"http:\/\/photostory.dk\/?page_id=2888\">Lejrskole<\/a><br \/>\n<a href=\"http:\/\/photostory.dk\/?page_id=2906\">Tegning af &#8220;Sk\u00f8nne Karlslunde&#8221;<\/a><br \/>\n<a href=\"http:\/\/photostory.dk\/?page_id=2911\">Ukrudt<\/a><br \/>\n<a href=\"http:\/\/photostory.dk\/?page_id=2916\">&#8220;Tabellen&#8221;<\/a><br \/>\n<a href=\"http:\/\/photostory.dk\/?page_id=2922\">&#8220;Det er solskin i dag&#8221;<\/a><br \/>\n<a href=\"http:\/\/photostory.dk\/?page_id=2927\">Jeg sidder her for mig selv<\/a><br \/>\n<a href=\"http:\/\/photostory.dk\/?page_id=2096\">&#8220;En tur til Lejre&#8221;<\/a><br \/>\n<a href=\"http:\/\/photostory.dk\/?page_id=2941\">Den sidste dag for 10. Klasse<\/a><br \/>\n<a href=\"http:\/\/photostory.dk\/?page_id=2111\">&#8220;Skolen er et vigtigt sted&#8221;<\/a><br \/>\n<a href=\"http:\/\/photostory.dk\/?page_id=2947\">&#8220;Beskrivelse af en klasse&#8221;<\/a><br \/>\n<a href=\"http:\/\/photostory.dk\/?page_id=2952\">&#8220;Landsbygrillen i Karlslunde&#8221;<\/a><br \/>\n<a href=\"http:\/\/photostory.dk\/?page_id=2956\">Sidste time<\/a><br \/>\n<a href=\"http:\/\/photostory.dk\/?page_id=2961\">Der er larm i klassen<\/a><br \/>\n<a href=\"http:\/\/photostory.dk\/?page_id=2972\">&#8220;Skolen&#8230;..Sm\u00e5 og store l\u00f8ber rundt mellem hinanden&#8221;<\/a><br \/>\n<a href=\"http:\/\/photostory.dk\/?page_id=2977\">&#8220;Alle larmer&#8221;<\/a><br \/>\n<a href=\"http:\/\/photostory.dk\/?page_id=2987\">&#8220;Den f\u00f8rste gang&#8221;<\/a><br \/>\n<a href=\"http:\/\/photostory.dk\/?page_id=2982\">&#8220;Tegning Karlslunde Skole&#8221;<\/a><br \/>\n<a href=\"http:\/\/photostory.dk\/?page_id=2992\">&#8220;Hvorfor g\u00e5r man i skole?&#8221;<\/a><br \/>\n<a href=\"http:\/\/photostory.dk\/?page_id=2998\">&#8220;Noget om Karlslundeskole&#8221;<\/a><br \/>\n<a href=\"http:\/\/photostory.dk\/?page_id=3003\">Klassen!<\/a><br \/>\n<a href=\"http:\/\/photostory.dk\/?page_id=3008\">\u00a0Skoles\u00e6t<\/a><br \/>\n<a href=\"http:\/\/photostory.dk\/?page_id=3013\">Om brevskrivning<\/a><br \/>\n<a href=\"http:\/\/photostory.dk\/?page_id=3018\">Tegning af bondehus i Karlslunde i Greve Kommune<\/a><br \/>\n<a href=\"http:\/\/photostory.dk\/?page_id=3023\">Rabarber<\/a><br \/>\n<a href=\"http:\/\/photostory.dk\/?page_id=3028\">P-digt<\/a><br \/>\n<a href=\"http:\/\/photostory.dk\/?page_id=3034\">En bold<\/a><br \/>\n<a href=\"http:\/\/photostory.dk\/?page_id=3049\">Stranden<\/a><br \/>\n<a href=\"http:\/\/photostory.dk\/?page_id=3054\">Den sure mand<\/a><br \/>\n<a href=\"http:\/\/photostory.dk\/?page_id=3058\">De s\u00f8de hunde<\/a><br \/>\n<a href=\"http:\/\/photostory.dk\/?page_id=3063\">Fluen<\/a><br \/>\n<a href=\"http:\/\/photostory.dk\/?page_id=3070\">Den fjollede dag<\/a><br \/>\n<a href=\"http:\/\/photostory.dk\/?page_id=3076\">Der er et lille hus<\/a><br \/>\n<a href=\"http:\/\/photostory.dk\/?page_id=3098\">Modemyren<\/a><br \/>\n<a href=\"http:\/\/photostory.dk\/?page_id=3103\">Bilen<\/a><br \/>\n<a href=\"http:\/\/photostory.dk\/?page_id=3107\">Skraldespanden<\/a><br \/>\n<a href=\"http:\/\/photostory.dk\/?page_id=3111\">Jeg st\u00e5r og drikker en bajer<\/a><br \/>\n<a href=\"http:\/\/photostory.dk\/?page_id=3117\">Manden fra Karlslunde<\/a><br \/>\n<a href=\"http:\/\/photostory.dk\/?page_id=3122\">Tegning: Hjerte<\/a><br \/>\n<a href=\"http:\/\/photostory.dk\/?page_id=3126\">Goddag og farvel.<\/a><br \/>\n<a href=\"http:\/\/photostory.dk\/?page_id=3132\">Jeg ville kysse dig<\/a><br \/>\n<a href=\"http:\/\/photostory.dk\/?page_id=3137\">Alene hjemme<\/a><br \/>\n<a href=\"http:\/\/photostory.dk\/?page_id=3143\">K\u00f8re hjem fra arbejde<\/a><br \/>\n<a href=\"http:\/\/photostory.dk\/?page_id=3148\">Tegning af Barnevogn &#8211; Resultatskasse. \u00c5rgang 1981.<\/a><br \/>\n<a href=\"http:\/\/photostory.dk\/?page_id=3154\">Tvillinger<\/a><br \/>\n<a href=\"http:\/\/photostory.dk\/?page_id=3162\">Atletik &#8211; et hyldestdigt<\/a><br \/>\n<a href=\"http:\/\/photostory.dk\/?page_id=3166\">F\u00f8rste gang jeg kyssede, en dreng var jeg otte \u00e5r.<\/a><br \/>\n<a href=\"http:\/\/photostory.dk\/?page_id=3172\">Tegning af Brugsen i Karlslunde 1981<\/a><br \/>\n<a href=\"http:\/\/photostory.dk\/?page_id=3176\">F\u00f8rste gang jeg fik et dyr<\/a><br \/>\n<a href=\"http:\/\/photostory.dk\/?page_id=3182\">&#8220;Str\u00f8get&#8230;.i K\u00f8benhavn&#8221;<\/a><br \/>\n<a href=\"http:\/\/photostory.dk\/?page_id=3197\">Alene&#8230;.Jeg var alene hjemme<\/a><br \/>\n<a href=\"http:\/\/photostory.dk\/?page_id=3192\">&#8220;L\u00f8rdag&#8230;..Det er l\u00f8rdag&#8221;<\/a><br \/>\n<a href=\"http:\/\/photostory.dk\/?page_id=3197\">En nat jeg var alene<\/a><br \/>\n<a href=\"http:\/\/photostory.dk\/?page_id=3226\">Str\u00f8get&#8230;.. Jeg g\u00e5r p\u00e5 Str\u00f8get<\/a><br \/>\n<a href=\"http:\/\/photostory.dk\/?page_id=3234\">Den f\u00f8rste gang jeg skulle i skole<\/a><br \/>\n<a href=\"http:\/\/photostory.dk\/?page_id=3240\">Alene hjemme&#8230;. Jeg sidder helt alene<\/a><br \/>\n<a href=\"http:\/\/photostory.dk\/?page_id=3244\">Til Italien<\/a><br \/>\n<a href=\"http:\/\/photostory.dk\/?page_id=3249\">Den f\u00f8rste gang jeg kyssede en dreng<\/a><br \/>\n<a href=\"http:\/\/photostory.dk\/?page_id=3254\">Det er en varm sommerdag<\/a><br \/>\n<a href=\"http:\/\/photostory.dk\/?page_id=3259\">Skolehesten<\/a><br \/>\n<a href=\"http:\/\/photostory.dk\/?page_id=3264\">&#8220;Vi var p\u00e5 spejderlejr&#8221;<\/a><br \/>\n<a href=\"http:\/\/photostory.dk\/?page_id=3268\">&#8220;Armen&#8221;<\/a><br \/>\n<a href=\"http:\/\/photostory.dk\/?page_id=3272\">F\u00f8rste gang jeg l\u00e6rte at g\u00e5<\/a><br \/>\n<a href=\"http:\/\/photostory.dk\/?page_id=3277\">&#8220;Hun d\u00f8de&#8221;<\/a><br \/>\n<a href=\"http:\/\/photostory.dk\/?page_id=3282\">&#8220;Hvad g\u00f8r man hvis&#8221;<\/a><br \/>\n<a href=\"http:\/\/photostory.dk\/?page_id=3287\">&#8220;Lam&#8230;..Totalt lam i benene&#8221;<\/a><br \/>\n<a href=\"http:\/\/photostory.dk\/?page_id=3291\">Teenageralderen!<\/a><br \/>\n<a href=\"http:\/\/photostory.dk\/?page_id=3296\">Universet (Set fra planetariet i Karlslunde!!)<\/a><br \/>\n<a href=\"http:\/\/photostory.dk\/?page_id=3301\">Tegning af dytten<\/a><br \/>\n<a href=\"http:\/\/photostory.dk\/?page_id=3307\">Fantasidigt<\/a><br \/>\n<a href=\"http:\/\/photostory.dk\/?page_id=3315\">Landet er i krise<\/a><br \/>\n<a href=\"http:\/\/photostory.dk\/?page_id=3319\">T\u00e6nk hvis&#8230;..<\/a><br \/>\n<a href=\"http:\/\/photostory.dk\/?page_id=3323\">Bobby Sands<\/a><br \/>\n<a href=\"http:\/\/photostory.dk\/?page_id=3328\">Den f\u00f8rste gang vi var ude at k\u00f8re<\/a><br \/>\n<a href=\"http:\/\/photostory.dk\/?page_id=3332\">Vi skriver \u00e5r 2348<\/a><br \/>\n<a href=\"http:\/\/photostory.dk\/?page_id=3340\">Mennesker<\/a><br \/>\n<a href=\"http:\/\/photostory.dk\/?page_id=3346\">Om fjernsynet<\/a><br \/>\n<a href=\"http:\/\/photostory.dk\/?page_id=3351\">\u00c5r 2000<\/a><br \/>\n<a href=\"http:\/\/photostory.dk\/?page_id=3356\">Krig<\/a><br \/>\n<a href=\"http:\/\/photostory.dk\/?page_id=3360\">Tegning af l\u00e6kker bil nr. 77<\/a><br \/>\n<a href=\"http:\/\/photostory.dk\/?page_id=3365\">Hvorfor skriver vi digte<\/a><br \/>\n<a href=\"http:\/\/photostory.dk\/?page_id=3371\">En t\u00e5get dag.<\/a><br \/>\n<a href=\"http:\/\/photostory.dk\/?page_id=3376\">Hvorfor skal vi skrive digte<\/a><br \/>\n<a href=\"http:\/\/photostory.dk\/?page_id=3381\">Jeg sidder og venter<\/a><br \/>\n<a href=\"http:\/\/photostory.dk\/?page_id=3388\">Digt. Hvad er et digt?<\/a><br \/>\n<a href=\"http:\/\/photostory.dk\/?page_id=3393\">Digtervers<\/a><br \/>\n<a href=\"http:\/\/photostory.dk\/?page_id=3398\">Digter<\/a><br \/>\n<a href=\"http:\/\/photostory.dk\/?page_id=3403\">Der var en gang en digter<\/a><br \/>\n<a href=\"http:\/\/photostory.dk\/?page_id=3408\">Jeg sidder her og knokler<\/a><br \/>\n<a href=\"http:\/\/photostory.dk\/?page_id=3415\">Digt. Der er lys p\u00e5 kastanien<\/a><br \/>\n<a href=\"http:\/\/photostory.dk\/?page_id=3419\">Kulde<\/a><br \/>\n<a href=\"http:\/\/photostory.dk\/?page_id=3424\">At g\u00e5 en tur i skoven<\/a><br \/>\n<a href=\"http:\/\/photostory.dk\/?page_id=3429\">Nu sover alle skovens dyr<\/a><br \/>\n<a href=\"http:\/\/photostory.dk\/?page_id=3429\">Nu falder alle skovens blade<\/a><br \/>\n<a href=\"http:\/\/photostory.dk\/?page_id=3437\">Ud at cykle<\/a><br \/>\n<a href=\"http:\/\/photostory.dk\/?page_id=3442\">Et tr\u00e6 har gr\u00f8nne blad<\/a><br \/>\n<a href=\"http:\/\/photostory.dk\/?page_id=3449\">Det er varmt<\/a><br \/>\n<a href=\"http:\/\/photostory.dk\/?page_id=3454\">Sol<\/a><br \/>\n<a href=\"http:\/\/photostory.dk\/?page_id=3464\">Hundesl\u00e6den<\/a><br \/>\n<a href=\"http:\/\/photostory.dk\/?page_id=3469\">For\u00e5r<\/a><br \/>\n<a href=\"http:\/\/photostory.dk\/?page_id=3473\">Sommer<\/a><br \/>\n<a href=\"http:\/\/photostory.dk\/?page_id=3477\">Fuglen<\/a><br \/>\n<a href=\"http:\/\/photostory.dk\/?page_id=3482\">Sneen<\/a><br \/>\n<a href=\"http:\/\/photostory.dk\/?page_id=3487\">\u00c5rstider<\/a><br \/>\n<a href=\"http:\/\/photostory.dk\/?page_id=3491\">Sommer&#8230; solen skinner<\/a><br \/>\n<a href=\"http:\/\/photostory.dk\/?page_id=3496\">&#8220;Efter\u00e5r&#8230;.I efter\u00e5rets mulm og m\u00f8rke&#8221;<\/a><br \/>\n<a href=\"http:\/\/photostory.dk\/?page_id=3501\">Skoven er gr\u00f8n<\/a><br \/>\n<a href=\"http:\/\/photostory.dk\/?page_id=3506\">&#8220;Sommer&#8230;..De voksne ligger i sandet&#8221;<\/a><br \/>\n<a href=\"http:\/\/photostory.dk\/?page_id=3511\">&#8220;Solen!&#8230;.Solen skinner man bliver r\u00f8d&#8221;<\/a><br \/>\n<a href=\"http:\/\/photostory.dk\/?page_id=3516\">Den f\u00f8rste sne<\/a><br \/>\n<a href=\"http:\/\/photostory.dk\/?page_id=3521\">&#8220;Om sommeren, kan vi g\u00e5 til aktiviteterne&#8221;<\/a><br \/>\n<a href=\"http:\/\/photostory.dk\/?page_id=3526\">Den f\u00f8rste sommerdag<\/a><br \/>\n<a href=\"http:\/\/photostory.dk\/?page_id=3531\">Digt &#8230;B\u00f8rn og unge<\/a><br \/>\n<a href=\"http:\/\/photostory.dk\/?page_id=3537\">Digt &#8230;Fugle kvidrer<\/a><br \/>\n<a href=\"http:\/\/photostory.dk\/?page_id=3541\">&#8220;Solen er rund&#8221;<\/a><br \/>\n<a href=\"http:\/\/photostory.dk\/?page_id=3547\">Nu er det sommer&#8230;.Jeg tr\u00e6kker hesten ud i folden<\/a><br \/>\n<a href=\"http:\/\/photostory.dk\/?page_id=3554\">Fisketuren er s\u00e5 nem<\/a><br \/>\n<a href=\"http:\/\/photostory.dk\/?page_id=3559\">Tegning af Speedy D-3192<\/a><br \/>\n<a href=\"http:\/\/photostory.dk\/?page_id=3564\">S\u00f8en<\/a><br \/>\n<a href=\"http:\/\/photostory.dk\/?page_id=3569\">Sommer. Solen skinner man bliver brun<\/a><br \/>\n<a href=\"http:\/\/photostory.dk\/?page_id=3573\">Landsbygrillen i Karlslunde<\/a><br \/>\n<a href=\"http:\/\/photostory.dk\/?page_id=3577\">Tegning: Sol over Karlslunde<\/a><\/p>\n<p>&nbsp;<\/p>\n","protected":false},"excerpt":{"rendered":"<p>Costa Karlslunde,\u00a0Digte 1981, 5b. 6b. 7b, Karlslunde Skole.\u00a0L\u00e6s om baggrunden for projektet &#8220;Costa Karlslunde Digte 1981&#8221; her! Oversigt over skoledigte m.m. Digt: En hyldest til Karlslunde. Karlslunde, langt v\u00e6k fra byen, byen med liv i , verdens bedste by. B\u00e6nk med to b\u00f8rn flankeret af en skraldespand og et tr\u00e6. Karlslunde Bager og k\u00e6rlighed i &hellip; <a href=\"https:\/\/www.photostory.dk\/?page_id=835\" class=\"more-link\">L\u00e6s mere <span class=\"screen-reader-text\">Oversigt Costa Karlslunde, Digte<\/span><\/a><\/p>\n","protected":false},"author":1,"featured_media":0,"parent":0,"menu_order":0,"comment_status":"closed","ping_status":"closed","template":"","meta":[],"_links":{"self":[{"href":"https:\/\/www.photostory.dk\/index.php?rest_route=\/wp\/v2\/pages\/835"}],"collection":[{"href":"https:\/\/www.photostory.dk\/index.php?rest_route=\/wp\/v2\/pages"}],"about":[{"href":"https:\/\/www.photostory.dk\/index.php?rest_route=\/wp\/v2\/types\/page"}],"author":[{"embeddable":true,"href":"https:\/\/www.photostory.dk\/index.php?rest_route=\/wp\/v2\/users\/1"}],"replies":[{"embeddable":true,"href":"https:\/\/www.photostory.dk\/index.php?rest_route=%2Fwp%2Fv2%2Fcomments&post=835"}],"version-history":[{"count":55,"href":"https:\/\/www.photostory.dk\/index.php?rest_route=\/wp\/v2\/pages\/835\/revisions"}],"predecessor-version":[{"id":3597,"href":"https:\/\/www.photostory.dk\/index.php?rest_route=\/wp\/v2\/pages\/835\/revisions\/3597"}],"wp:attachment":[{"href":"https:\/\/www.photostory.dk\/index.php?rest_route=%2Fwp%2Fv2%2Fmedia&parent=835"}],"curies":[{"name":"wp","href":"https:\/\/api.w.org\/{rel}","templated":true}]}}