{"id":828,"date":"2017-01-01T21:53:53","date_gmt":"2017-01-01T21:53:53","guid":{"rendered":"http:\/\/photostory.dk\/?page_id=828"},"modified":"2017-04-03T05:50:38","modified_gmt":"2017-04-03T05:50:38","slug":"costa-karlslunde-digte-karlslunde-skole-greve-kommune","status":"publish","type":"page","link":"https:\/\/www.photostory.dk\/?page_id=828","title":{"rendered":"Costa Karlslunde Digte. Karlslunde Skole. Greve Kommune"},"content":{"rendered":"<p style=\"text-align: center;\"><a href=\"http:\/\/photostory.dk\/wp-content\/uploads\/2017\/01\/costa-karlslunde-digte-dec2008.jpg\"><img decoding=\"async\" loading=\"lazy\" class=\"size-full wp-image-829 aligncenter\" src=\"http:\/\/photostory.dk\/wp-content\/uploads\/2017\/01\/costa-karlslunde-digte-dec2008.jpg\" alt=\"\" width=\"545\" height=\"800\" srcset=\"https:\/\/www.photostory.dk\/wp-content\/uploads\/2017\/01\/costa-karlslunde-digte-dec2008.jpg 545w, https:\/\/www.photostory.dk\/wp-content\/uploads\/2017\/01\/costa-karlslunde-digte-dec2008-150x220.jpg 150w\" sizes=\"(max-width: 545px) 100vw, 545px\" \/><\/a><\/p>\n<p style=\"text-align: center;\"><strong>5b. 6b. 7b,\u00a0Karlslunde Skole,\u00a0Costa\u00a0Karlslunde,\u00a0Digte 1981<\/strong><\/p>\n<p>Costa Karlslunde Digte 1981 var en del af et undervisningsprojekt i 1981 p\u00e5 bl.a. Karlslunde Skole i Greve Kommune. Der blev iv\u00e6rksat lokale p\u00e6dagogiske fors\u00f8g med med lokalmilj\u00f8erne i bl.a. Aved\u00f8re, Lyngby, Karlslunde som emner. De her gengivne digte fra Karlslunde og omegn er eleverne fra 5, 6 og 7. klasses fortjeneste. N\u00e5r man i dag n\u00e6sten 36\u00a0\u00e5r efter kigger tilbage er digtsamlingen &#8220;Costa Karlslunde Digte&#8221; fra 1981, et smukt og levende bidrag til historien om et lokalsamfunds udvikling. Digtene er alt for gode til at ligge gemt v\u00e6k for omverdenen p\u00e5 et loft i en villa i Odense.<\/p>\n<p style=\"text-align: center;\"><a href=\"http:\/\/photostory.dk\/?page_id=835\"><strong>Se oversigten over alle digtene her!<\/strong><\/a><\/p>\n<p>Grundtanken i projektet var at eleverne skulle udtrykke deres umiddelbare oplevelser, tanker, f\u00f8lelser og erfaring igennem tekst og billeder. Grundtanken i var at unders\u00f8ge om , at jegets identitet dannes og udvikles i samspil med vores n\u00e6rmeste omgivelser, s\u00e5vel fysisk og psykisk. Projektet er lavet i samarbejde med forfatteren Peter Poulsen, Kenneth Olwig og Thorkild Borup Jensen samt l\u00e6rere p\u00e5 Karlslunde Skole, Bodil H\u00f8jfeldt, Erik Bierrings, Lars Bj\u00f8rnsten, Ulla Pihl, Betty Christiansen og Hanne Thomsen samt en masse dygtige elever.<\/p>\n<p>Projektet er n\u00e6rmere beskrevet i to b\u00f8ger &#8220;Herfra hvor vi bor&#8221; Nr.1. og 2. &#8211; om lokalmilj\u00f8et og b\u00f8rn digtning i skolen. Udgivet af Gyldendal i 1985. Den ene bog omhandler projektet med f\u00f8lgende temaer:<\/p>\n<ul>\n<li>Peter Poulsen: Den korte s\u00f8vn- om b\u00f8rn, digtning og fantasi<\/li>\n<li>Kenneth Olwig: Lokalnatur, geografisk identitet og digtning<\/li>\n<li>Thorkild Borup Jepsen: Digte og digtning af b\u00f8rn og unge &#8211; en vigtig del af undervisningen eller pop-p\u00e6dagogik?<\/li>\n<\/ul>\n<p>Den anden bog omhandler eksempler p\u00e5 digte og tegninger fra projekterne.<\/p>\n<p>Lars Bj\u00f8rnsten 1. januar\u00a02017<\/p>\n","protected":false},"excerpt":{"rendered":"<p>5b. 6b. 7b,\u00a0Karlslunde Skole,\u00a0Costa\u00a0Karlslunde,\u00a0Digte 1981 Costa Karlslunde Digte 1981 var en del af et undervisningsprojekt i 1981 p\u00e5 bl.a. Karlslunde Skole i Greve Kommune. Der blev iv\u00e6rksat lokale p\u00e6dagogiske fors\u00f8g med med lokalmilj\u00f8erne i bl.a. Aved\u00f8re, Lyngby, Karlslunde som emner. De her gengivne digte fra Karlslunde og omegn er eleverne fra 5, 6 og 7. &hellip; <a href=\"https:\/\/www.photostory.dk\/?page_id=828\" class=\"more-link\">L\u00e6s mere <span class=\"screen-reader-text\">Costa Karlslunde Digte. Karlslunde Skole. Greve Kommune<\/span><\/a><\/p>\n","protected":false},"author":1,"featured_media":0,"parent":0,"menu_order":0,"comment_status":"closed","ping_status":"closed","template":"","meta":[],"_links":{"self":[{"href":"https:\/\/www.photostory.dk\/index.php?rest_route=\/wp\/v2\/pages\/828"}],"collection":[{"href":"https:\/\/www.photostory.dk\/index.php?rest_route=\/wp\/v2\/pages"}],"about":[{"href":"https:\/\/www.photostory.dk\/index.php?rest_route=\/wp\/v2\/types\/page"}],"author":[{"embeddable":true,"href":"https:\/\/www.photostory.dk\/index.php?rest_route=\/wp\/v2\/users\/1"}],"replies":[{"embeddable":true,"href":"https:\/\/www.photostory.dk\/index.php?rest_route=%2Fwp%2Fv2%2Fcomments&post=828"}],"version-history":[{"count":9,"href":"https:\/\/www.photostory.dk\/index.php?rest_route=\/wp\/v2\/pages\/828\/revisions"}],"predecessor-version":[{"id":3662,"href":"https:\/\/www.photostory.dk\/index.php?rest_route=\/wp\/v2\/pages\/828\/revisions\/3662"}],"wp:attachment":[{"href":"https:\/\/www.photostory.dk\/index.php?rest_route=%2Fwp%2Fv2%2Fmedia&parent=828"}],"curies":[{"name":"wp","href":"https:\/\/api.w.org\/{rel}","templated":true}]}}