{"id":824,"date":"2017-01-01T21:58:31","date_gmt":"2017-01-01T21:58:31","guid":{"rendered":"http:\/\/photostory.dk\/?page_id=824"},"modified":"2017-01-18T22:53:33","modified_gmt":"2017-01-18T22:53:33","slug":"taenk-hvis-karlslunde-lignede-new-york","status":"publish","type":"page","link":"https:\/\/www.photostory.dk\/?page_id=824","title":{"rendered":"T\u00e6nk, hvis Karlslunde lignede New York"},"content":{"rendered":"<p style=\"text-align: center;\"><a href=\"http:\/\/photostory.dk\/wp-content\/uploads\/2017\/01\/co-8-new-york_small.jpg\"><img decoding=\"async\" loading=\"lazy\" class=\"aligncenter wp-image-825 size-full\" src=\"http:\/\/photostory.dk\/wp-content\/uploads\/2017\/01\/co-8-new-york_small.jpg\" width=\"499\" height=\"494\" srcset=\"https:\/\/www.photostory.dk\/wp-content\/uploads\/2017\/01\/co-8-new-york_small.jpg 499w, https:\/\/www.photostory.dk\/wp-content\/uploads\/2017\/01\/co-8-new-york_small-222x220.jpg 222w\" sizes=\"(max-width: 499px) 100vw, 499px\" \/><\/a><\/p>\n<p style=\"text-align: center;\">Karlslunde<\/p>\n<p style=\"text-align: center;\">T\u00e6nk hvis Karlslunde lignede<br \/>\nNew York<br \/>\neller t\u00e6nk hvis Karlslunde<br \/>\nikke var her<br \/>\nVi har det godt i Karlslunde<br \/>\nVi mangler ikke noget<br \/>\nvi har grillen<br \/>\nHvor byens unge samles<br \/>\nf\u00e5r sig en \u00f8l<br \/>\nstarter knallerten<br \/>\nk\u00f8rer<br \/>\nTjaw Tjaw<\/p>\n<p style=\"text-align: center;\"><a href=\"http:\/\/photostory.dk\/?page_id=835\">Oversigt over Costa Karlslunde Digte 1981. Skoledigte<\/a><\/p>\n","protected":false},"excerpt":{"rendered":"<p>Karlslunde T\u00e6nk hvis Karlslunde lignede New York eller t\u00e6nk hvis Karlslunde ikke var her Vi har det godt i Karlslunde Vi mangler ikke noget vi har grillen Hvor byens unge samles f\u00e5r sig en \u00f8l starter knallerten k\u00f8rer Tjaw Tjaw Oversigt over Costa Karlslunde Digte 1981. Skoledigte<\/p>\n","protected":false},"author":1,"featured_media":0,"parent":0,"menu_order":0,"comment_status":"closed","ping_status":"closed","template":"","meta":[],"_links":{"self":[{"href":"https:\/\/www.photostory.dk\/index.php?rest_route=\/wp\/v2\/pages\/824"}],"collection":[{"href":"https:\/\/www.photostory.dk\/index.php?rest_route=\/wp\/v2\/pages"}],"about":[{"href":"https:\/\/www.photostory.dk\/index.php?rest_route=\/wp\/v2\/types\/page"}],"author":[{"embeddable":true,"href":"https:\/\/www.photostory.dk\/index.php?rest_route=\/wp\/v2\/users\/1"}],"replies":[{"embeddable":true,"href":"https:\/\/www.photostory.dk\/index.php?rest_route=%2Fwp%2Fv2%2Fcomments&post=824"}],"version-history":[{"count":42,"href":"https:\/\/www.photostory.dk\/index.php?rest_route=\/wp\/v2\/pages\/824\/revisions"}],"predecessor-version":[{"id":1950,"href":"https:\/\/www.photostory.dk\/index.php?rest_route=\/wp\/v2\/pages\/824\/revisions\/1950"}],"wp:attachment":[{"href":"https:\/\/www.photostory.dk\/index.php?rest_route=%2Fwp%2Fv2%2Fmedia&parent=824"}],"curies":[{"name":"wp","href":"https:\/\/api.w.org\/{rel}","templated":true}]}}