{"id":767,"date":"2016-12-31T11:38:54","date_gmt":"2016-12-31T11:38:54","guid":{"rendered":"http:\/\/photostory.dk\/?page_id=767"},"modified":"2016-12-31T11:39:55","modified_gmt":"2016-12-31T11:39:55","slug":"eventyrets-by-odense","status":"publish","type":"page","link":"https:\/\/www.photostory.dk\/?page_id=767","title":{"rendered":"Eventyrets by &#8211; Odense"},"content":{"rendered":"<p style=\"text-align: center;\"><a href=\"http:\/\/photostory.dk\/wp-content\/uploads\/2016\/12\/hca-info1.jpg\"><img decoding=\"async\" loading=\"lazy\" class=\"size-full wp-image-768 aligncenter\" src=\"http:\/\/photostory.dk\/wp-content\/uploads\/2016\/12\/hca-info1.jpg\" alt=\"\" width=\"801\" height=\"510\" srcset=\"https:\/\/www.photostory.dk\/wp-content\/uploads\/2016\/12\/hca-info1.jpg 801w, https:\/\/www.photostory.dk\/wp-content\/uploads\/2016\/12\/hca-info1-295x188.jpg 295w, https:\/\/www.photostory.dk\/wp-content\/uploads\/2016\/12\/hca-info1-768x489.jpg 768w\" sizes=\"(max-width: 801px) 100vw, 801px\" \/><\/a><\/p>\n<p style=\"text-align: left;\">H.C. Andersen var f\u00f8dt i Odense\u00a0den 2. april 1805. Han\u00a0havde en fattig barndom\u00a0og havde store ambitioner om at blive noget &#8220;stort&#8221; og trods stor modgang, hvor ingen rigtig troede p\u00e5 ham og hans evner blev han til noget stort. Dette skyldes, at\u00a0var der nogle f\u00e5, som troede p\u00e5 ham og hans evner og st\u00f8ttede ham videre i det sv\u00e6re liv.\u00a0Troen p\u00e5 livet afstedkom en masse eventyr, romaner, rejsebeskrivelser, digte. Desuden\u00a0krydrede han sin litter\u00e6re virksomhed med sine kreative evner ved\u00a0bl.a. at klippe og tegne.\u00a0Heldigvis er de fleste af hans frembringelser bevaret for eftertiden. Dette og meget mere kan du l\u00e6se om p\u00e5 <a href=\"http:\/\/www.hcandersen-homepage.dk\/\">H.C. Andersen Information.<\/a><\/p>\n<p style=\"text-align: left;\">Lars Bj\u00f8rnsten Odense 2016<\/p>\n","protected":false},"excerpt":{"rendered":"<p>H.C. Andersen var f\u00f8dt i Odense\u00a0den 2. april 1805. Han\u00a0havde en fattig barndom\u00a0og havde store ambitioner om at blive noget &#8220;stort&#8221; og trods stor modgang, hvor ingen rigtig troede p\u00e5 ham og hans evner blev han til noget stort. Dette skyldes, at\u00a0var der nogle f\u00e5, som troede p\u00e5 ham og hans evner og st\u00f8ttede ham &hellip; <a href=\"https:\/\/www.photostory.dk\/?page_id=767\" class=\"more-link\">L\u00e6s mere <span class=\"screen-reader-text\">Eventyrets by &#8211; Odense<\/span><\/a><\/p>\n","protected":false},"author":1,"featured_media":0,"parent":0,"menu_order":0,"comment_status":"closed","ping_status":"closed","template":"","meta":[],"_links":{"self":[{"href":"https:\/\/www.photostory.dk\/index.php?rest_route=\/wp\/v2\/pages\/767"}],"collection":[{"href":"https:\/\/www.photostory.dk\/index.php?rest_route=\/wp\/v2\/pages"}],"about":[{"href":"https:\/\/www.photostory.dk\/index.php?rest_route=\/wp\/v2\/types\/page"}],"author":[{"embeddable":true,"href":"https:\/\/www.photostory.dk\/index.php?rest_route=\/wp\/v2\/users\/1"}],"replies":[{"embeddable":true,"href":"https:\/\/www.photostory.dk\/index.php?rest_route=%2Fwp%2Fv2%2Fcomments&post=767"}],"version-history":[{"count":3,"href":"https:\/\/www.photostory.dk\/index.php?rest_route=\/wp\/v2\/pages\/767\/revisions"}],"predecessor-version":[{"id":771,"href":"https:\/\/www.photostory.dk\/index.php?rest_route=\/wp\/v2\/pages\/767\/revisions\/771"}],"wp:attachment":[{"href":"https:\/\/www.photostory.dk\/index.php?rest_route=%2Fwp%2Fv2%2Fmedia&parent=767"}],"curies":[{"name":"wp","href":"https:\/\/api.w.org\/{rel}","templated":true}]}}