{"id":728,"date":"2016-12-30T10:58:52","date_gmt":"2016-12-30T10:58:52","guid":{"rendered":"http:\/\/photostory.dk\/?page_id=728"},"modified":"2016-12-30T10:59:49","modified_gmt":"2016-12-30T10:59:49","slug":"skulpturen-mennesker-ved-havet-paa-saedding-strand","status":"publish","type":"page","link":"https:\/\/www.photostory.dk\/?page_id=728","title":{"rendered":"Skulpturen &#8220;Mennesker ved havet&#8221; p\u00e5 S\u00e6dding Strand"},"content":{"rendered":"<p style=\"text-align: center;\"><a href=\"http:\/\/photostory.dk\/wp-content\/uploads\/2016\/12\/050312.esbjerg-010-001.jpg\"><img decoding=\"async\" loading=\"lazy\" class=\"alignnone size-large wp-image-729\" src=\"http:\/\/photostory.dk\/wp-content\/uploads\/2016\/12\/050312.esbjerg-010-001-1024x767.jpg\" alt=\"\" width=\"660\" height=\"494\" srcset=\"https:\/\/www.photostory.dk\/wp-content\/uploads\/2016\/12\/050312.esbjerg-010-001.jpg 1024w, https:\/\/www.photostory.dk\/wp-content\/uploads\/2016\/12\/050312.esbjerg-010-001-295x220.jpg 295w, https:\/\/www.photostory.dk\/wp-content\/uploads\/2016\/12\/050312.esbjerg-010-001-768x575.jpg 768w\" sizes=\"(max-width: 660px) 100vw, 660px\" \/><\/a><\/p>\n<p style=\"text-align: center;\">&#8220;Mennesker ved havet&#8221;<\/p>\n<p style=\"text-align: left;\">&#8220;Mennesker ved havet&#8221; er en 9 meter h\u00f8j monumentale skulpturgruppe af beton malet hvid. Den er udf\u00f8rt af billedhugger, og maler Svend Wiig Hansen, og blev opstillet ved S\u00e6dding Strand i Esbjerg i 1995.<\/p>\n<p>Bes\u00f8gende, der kommer til Esbjerg fra s\u00f8siden bliver budt velkommen af &#8220;Mennesker ved havet&#8221;. Skulpturgruppen kan ses i klart vejr op til 10 km. v\u00e6k. Skulpturgruppen blev opf\u00f8rt i samarbejde mellem Esbjerg Kommune, Statens Kunstfond og private sponsorer for at markere Esbjergs kommune jubil\u00e6um i 1994.<\/p>\n<p>Monumentet skal symbolisere menneskets m\u00f8de med naturen. De 4 ens ansigter stirrer ud over havet og giver et n\u00e6sten guddommeligt indtryk.\u00a0I de tidligste skitser fra 1954 var skulpturgruppen t\u00e6nkt til en placering p\u00e5 Skagens Gren. Der er sket store forandringer fra de f\u00f8rste skitser til det endelig resultat.<\/p>\n","protected":false},"excerpt":{"rendered":"<p>&#8220;Mennesker ved havet&#8221; &#8220;Mennesker ved havet&#8221; er en 9 meter h\u00f8j monumentale skulpturgruppe af beton malet hvid. Den er udf\u00f8rt af billedhugger, og maler Svend Wiig Hansen, og blev opstillet ved S\u00e6dding Strand i Esbjerg i 1995. Bes\u00f8gende, der kommer til Esbjerg fra s\u00f8siden bliver budt velkommen af &#8220;Mennesker ved havet&#8221;. Skulpturgruppen kan ses i &hellip; <a href=\"https:\/\/www.photostory.dk\/?page_id=728\" class=\"more-link\">L\u00e6s mere <span class=\"screen-reader-text\">Skulpturen &#8220;Mennesker ved havet&#8221; p\u00e5 S\u00e6dding Strand<\/span><\/a><\/p>\n","protected":false},"author":1,"featured_media":0,"parent":0,"menu_order":0,"comment_status":"closed","ping_status":"closed","template":"","meta":[],"_links":{"self":[{"href":"https:\/\/www.photostory.dk\/index.php?rest_route=\/wp\/v2\/pages\/728"}],"collection":[{"href":"https:\/\/www.photostory.dk\/index.php?rest_route=\/wp\/v2\/pages"}],"about":[{"href":"https:\/\/www.photostory.dk\/index.php?rest_route=\/wp\/v2\/types\/page"}],"author":[{"embeddable":true,"href":"https:\/\/www.photostory.dk\/index.php?rest_route=\/wp\/v2\/users\/1"}],"replies":[{"embeddable":true,"href":"https:\/\/www.photostory.dk\/index.php?rest_route=%2Fwp%2Fv2%2Fcomments&post=728"}],"version-history":[{"count":2,"href":"https:\/\/www.photostory.dk\/index.php?rest_route=\/wp\/v2\/pages\/728\/revisions"}],"predecessor-version":[{"id":731,"href":"https:\/\/www.photostory.dk\/index.php?rest_route=\/wp\/v2\/pages\/728\/revisions\/731"}],"wp:attachment":[{"href":"https:\/\/www.photostory.dk\/index.php?rest_route=%2Fwp%2Fv2%2Fmedia&parent=728"}],"curies":[{"name":"wp","href":"https:\/\/api.w.org\/{rel}","templated":true}]}}