{"id":713,"date":"2016-12-30T09:24:05","date_gmt":"2016-12-30T09:24:05","guid":{"rendered":"http:\/\/photostory.dk\/?page_id=713"},"modified":"2016-12-30T09:27:08","modified_gmt":"2016-12-30T09:27:08","slug":"ammoniakkuglen-paa-odense-havn-25-juni-2006","status":"publish","type":"page","link":"https:\/\/www.photostory.dk\/?page_id=713","title":{"rendered":"Ammoniakkuglen p\u00e5 Odense Havn 25. juni 2006"},"content":{"rendered":"<p><a href=\"http:\/\/photostory.dk\/wp-content\/uploads\/2016\/12\/odense-250606_ammoniakkugle.jpg\"><img decoding=\"async\" loading=\"lazy\" class=\"alignnone size-large wp-image-714\" src=\"http:\/\/photostory.dk\/wp-content\/uploads\/2016\/12\/odense-250606_ammoniakkugle-1024x766.jpg\" alt=\"\" width=\"660\" height=\"494\" srcset=\"https:\/\/www.photostory.dk\/wp-content\/uploads\/2016\/12\/odense-250606_ammoniakkugle-1024x766.jpg 1024w, https:\/\/www.photostory.dk\/wp-content\/uploads\/2016\/12\/odense-250606_ammoniakkugle-295x220.jpg 295w, https:\/\/www.photostory.dk\/wp-content\/uploads\/2016\/12\/odense-250606_ammoniakkugle-768x575.jpg 768w\" sizes=\"(max-width: 660px) 100vw, 660px\" \/><\/a><\/p>\n<p>Ammoniakkuglen p\u00e5 Odense Havn fotograferet 25. juni 2006 Lars Bj\u00f8rnsten<\/p>\n<p>Ovenst\u00e5ende billeder er fra Arkitekturens dag , hvor 2. pr\u00e6mien ved fotokonkurrencen &#8220;Bevar mig vel&#8221; var billedet af &#8220;Ammoniakkuglen&#8221; p\u00e5 Odense Havn . En konkurrence, som Odense Kommune, Creo Arkitekter, Billedbutikken og Fyens Stiftstidende har udskrevet i anledning af Arkitekturens dag den 1. oktober 2007<\/p>\n<p><strong>Lidt historie om ammoniakkuglen p\u00e5 Odense Havn<\/strong><\/p>\n<p>Den er etableret f\u00f8r 1. juni 1965, hvorn\u00e5r vides ikke med sikkerhed. Der var en mand ansat der hed Andersen og han var eneste ansat p\u00e5 ammoniakdepotet og l\u00f8nnet af de to konkurrenter DAG (Dansk Andels G\u00f8dningsforretning) og Det Danske G\u00f8dningskompagni, som s\u00e5 vidt vides delte ejerskabet i kuglen. Det menes at der blev p\u00e5fyldt flydende ammoniak fra tankb\u00e5de, som f.eks kunne v\u00e6re kommet fra Lyngs Odde, nord for for den gamle Lilleb\u00e6ltsbro p\u00e5 jyllandssiden. Det vides ikke , hvor ammoniakken blev produceret henne, men muligvis p\u00e5 fabrikken i Fredericia eller i Gren\u00e5 hvor man ogs\u00e5 producerede ammoniak direkte udvundet fra luften.<\/p>\n<p>I den sp\u00e6de start af brug af flydendeammoniak i landbruget sad Ivan Pedersen sad som 1. mand under Aksel Larsen i DAG p\u00e5 Finlandkaj i Odense Havn og bestyrede tildelingen ud til maskinstationerne, af de trykflasker, som blev fyldt fra &#8220;kuglen&#8221; og k\u00f8rt ud i landbruget.\u00a0Videreudviklingen var en mindre marktank hvorfra maskinstationen kunne tappe fra, senere blev det marktanke, som der blev nedf\u00e6ldet direkte fra, som igen blev forsynet fra tankbiler der kom fra Lyngs Odde.<\/p>\n<p>Summa summarum &#8212; &#8220;Kuglen er antagelig opf\u00f8rt mellem 1960 og 1965 og dens oprindelige form\u00e5l med opfyldning af de sm\u00e5 flasker er nok sluttet omkring 1970.\u00a0Lige pt. kan kilden ikke huske &#8220;kuglens&#8221; videre historie der var et eller andet som ikke var korn og s\u00e5 var der noget med benzinselskabet Haahr o.s.v&#8221;.<\/p>\n<p>Kilden stod i l\u00e6re ved DAG &#8211; Dansk Andels G\u00f8dningsforretning &#8211; i perioden 1968 -1971 og husker tydeligt den travle periode med udbringning af ammoniak og holdt til nede p\u00e5 Finlandkaj, der hvor der nu skal v\u00e6re vandkulturhus.<\/p>\n<p>Lars Bj\u00f8rnsten 2007<\/p>\n","protected":false},"excerpt":{"rendered":"<p>Ammoniakkuglen p\u00e5 Odense Havn fotograferet 25. juni 2006 Lars Bj\u00f8rnsten Ovenst\u00e5ende billeder er fra Arkitekturens dag , hvor 2. pr\u00e6mien ved fotokonkurrencen &#8220;Bevar mig vel&#8221; var billedet af &#8220;Ammoniakkuglen&#8221; p\u00e5 Odense Havn . En konkurrence, som Odense Kommune, Creo Arkitekter, Billedbutikken og Fyens Stiftstidende har udskrevet i anledning af Arkitekturens dag den 1. oktober 2007 &hellip; <a href=\"https:\/\/www.photostory.dk\/?page_id=713\" class=\"more-link\">L\u00e6s mere <span class=\"screen-reader-text\">Ammoniakkuglen p\u00e5 Odense Havn 25. juni 2006<\/span><\/a><\/p>\n","protected":false},"author":1,"featured_media":0,"parent":0,"menu_order":0,"comment_status":"closed","ping_status":"closed","template":"","meta":[],"_links":{"self":[{"href":"https:\/\/www.photostory.dk\/index.php?rest_route=\/wp\/v2\/pages\/713"}],"collection":[{"href":"https:\/\/www.photostory.dk\/index.php?rest_route=\/wp\/v2\/pages"}],"about":[{"href":"https:\/\/www.photostory.dk\/index.php?rest_route=\/wp\/v2\/types\/page"}],"author":[{"embeddable":true,"href":"https:\/\/www.photostory.dk\/index.php?rest_route=\/wp\/v2\/users\/1"}],"replies":[{"embeddable":true,"href":"https:\/\/www.photostory.dk\/index.php?rest_route=%2Fwp%2Fv2%2Fcomments&post=713"}],"version-history":[{"count":4,"href":"https:\/\/www.photostory.dk\/index.php?rest_route=\/wp\/v2\/pages\/713\/revisions"}],"predecessor-version":[{"id":718,"href":"https:\/\/www.photostory.dk\/index.php?rest_route=\/wp\/v2\/pages\/713\/revisions\/718"}],"wp:attachment":[{"href":"https:\/\/www.photostory.dk\/index.php?rest_route=%2Fwp%2Fv2%2Fmedia&parent=713"}],"curies":[{"name":"wp","href":"https:\/\/api.w.org\/{rel}","templated":true}]}}