{"id":703,"date":"2017-01-17T09:06:08","date_gmt":"2017-01-17T09:06:08","guid":{"rendered":"http:\/\/photostory.dk\/?page_id=703"},"modified":"2017-01-17T09:06:08","modified_gmt":"2017-01-17T09:06:08","slug":"mergelgraven-kildegaarden-karlslunde-landevej-2","status":"publish","type":"page","link":"https:\/\/www.photostory.dk\/?page_id=703","title":{"rendered":"Mergelgraven Kildegaarden Karlslunde Landevej 2"},"content":{"rendered":"<p><a href=\"http:\/\/photostory.dk\/wp-content\/uploads\/2017\/01\/karlslunde_0012_mergel.jpg\"><img decoding=\"async\" loading=\"lazy\" class=\"size-full wp-image-1778 aligncenter\" src=\"http:\/\/photostory.dk\/wp-content\/uploads\/2017\/01\/karlslunde_0012_mergel.jpg\" alt=\"\" width=\"550\" height=\"776\" srcset=\"https:\/\/www.photostory.dk\/wp-content\/uploads\/2017\/01\/karlslunde_0012_mergel.jpg 550w, https:\/\/www.photostory.dk\/wp-content\/uploads\/2017\/01\/karlslunde_0012_mergel-156x220.jpg 156w\" sizes=\"(max-width: 550px) 100vw, 550px\" \/><\/a><\/p>\n<p style=\"text-align: center;\">Mergelgraven\u00a0Kildegaarden Karlslunde Landevej 2<\/p>\n<p>Mergelgraven ved Kildegaarden. I gamle dage var der en mark. Nu ligger der en mergelgrav. Det er et stort hul.\u00a0I dag er det stadigv\u00e6k et hul, men det er mindre end f\u00f8r.\u00a0I fremtiden vil det igen blive en mark.<\/p>\n<p>\u00bbKarlslunde f\u00f8r og nu \u2013 og lidt om fremtiden\u00ab er titlen p\u00e5 et undervisningsforl\u00f8b, som elever i en 4. klasse med stor dygtighed udf\u00f8rte p\u00e5 Karlslunde Skole i Greve Kommune i slutningen af \u00e5ret 1981. Se mere om undervisningsforl\u00f8bet <a href=\"http:\/\/photostory.dk\/?page_id=297\">her!<\/a><\/p>\n<p style=\"text-align: center;\"><a href=\"http:\/\/photostory.dk\/?page_id=289\">Oversigt over \u00bbKarlslunde f\u00f8r og nu \u2013 og lidt om fremtiden\u00ab 1981<\/a><\/p>\n","protected":false},"excerpt":{"rendered":"<p>Mergelgraven\u00a0Kildegaarden Karlslunde Landevej 2 Mergelgraven ved Kildegaarden. I gamle dage var der en mark. Nu ligger der en mergelgrav. Det er et stort hul.\u00a0I dag er det stadigv\u00e6k et hul, men det er mindre end f\u00f8r.\u00a0I fremtiden vil det igen blive en mark. \u00bbKarlslunde f\u00f8r og nu \u2013 og lidt om fremtiden\u00ab er titlen p\u00e5 &hellip; <a href=\"https:\/\/www.photostory.dk\/?page_id=703\" class=\"more-link\">L\u00e6s mere <span class=\"screen-reader-text\">Mergelgraven Kildegaarden Karlslunde Landevej 2<\/span><\/a><\/p>\n","protected":false},"author":1,"featured_media":0,"parent":0,"menu_order":0,"comment_status":"closed","ping_status":"closed","template":"","meta":[],"_links":{"self":[{"href":"https:\/\/www.photostory.dk\/index.php?rest_route=\/wp\/v2\/pages\/703"}],"collection":[{"href":"https:\/\/www.photostory.dk\/index.php?rest_route=\/wp\/v2\/pages"}],"about":[{"href":"https:\/\/www.photostory.dk\/index.php?rest_route=\/wp\/v2\/types\/page"}],"author":[{"embeddable":true,"href":"https:\/\/www.photostory.dk\/index.php?rest_route=\/wp\/v2\/users\/1"}],"replies":[{"embeddable":true,"href":"https:\/\/www.photostory.dk\/index.php?rest_route=%2Fwp%2Fv2%2Fcomments&post=703"}],"version-history":[{"count":2,"href":"https:\/\/www.photostory.dk\/index.php?rest_route=\/wp\/v2\/pages\/703\/revisions"}],"predecessor-version":[{"id":1779,"href":"https:\/\/www.photostory.dk\/index.php?rest_route=\/wp\/v2\/pages\/703\/revisions\/1779"}],"wp:attachment":[{"href":"https:\/\/www.photostory.dk\/index.php?rest_route=%2Fwp%2Fv2%2Fmedia&parent=703"}],"curies":[{"name":"wp","href":"https:\/\/api.w.org\/{rel}","templated":true}]}}