{"id":68,"date":"2016-12-18T17:13:12","date_gmt":"2016-12-18T17:13:12","guid":{"rendered":"http:\/\/photostory.dk\/?page_id=68"},"modified":"2016-12-20T07:06:33","modified_gmt":"2016-12-20T07:06:33","slug":"bernstorff-slot-ved-gentofte","status":"publish","type":"page","link":"https:\/\/www.photostory.dk\/?page_id=68","title":{"rendered":"Bernstorff Slot ved Gentofte"},"content":{"rendered":"<p align=\"center\"><i><span style=\"font-size: small;\"><img decoding=\"async\" loading=\"lazy\" class=\"size-full wp-image-69 alignleft\" src=\"http:\/\/photostory.dk\/wp-content\/uploads\/2016\/12\/bernstorff-slot..jpg\" alt=\"\" width=\"708\" height=\"475\" srcset=\"https:\/\/www.photostory.dk\/wp-content\/uploads\/2016\/12\/bernstorff-slot..jpg 708w, https:\/\/www.photostory.dk\/wp-content\/uploads\/2016\/12\/bernstorff-slot.-300x201.jpg 300w\" sizes=\"(max-width: 708px) 100vw, 708px\" \/><\/span><\/i><\/p>\n<p align=\"center\"><i><span style=\"font-size: small;\">Bernstorff Slot ved Gjentofte. Bygget af den \u00e6ldre Grev Bernstorff.\u00a0H.M. Kongens Sommerresidens<\/span><\/i><\/p>\n<p style=\"text-align: left;\" align=\"center\">\u00a0Bernstorff Slot ved Gjentofte. Bygget af den \u00e6ldre Grev Bernstorff. H.M. Kongens Sommerresidens<br \/>\nBernstorff Slot ligger centralt placeret i Gentofte Kommune lidt nord for K\u00f8benhavn. Det er bygget i 1765 til Bernstorffs f\u00f8rste ejer udenrigsminister J.H.E. Bernstorff. I 1842 k\u00f8bte kong Christian den 8 slottet og brugte det som sommerresidens.<br \/>\nBernstorff Slot v\u00e6ret i kongens eje indtil 1939, hvor den danske stat overtog ejendommen. Slottet er bygget i nyklassisistisk stil af bygmester og arkitekt N.H. Jardin. I dag bruges slottet af Beredskabsstyrelsen.<\/p>\n<p style=\"text-align: left;\" align=\"center\">\n","protected":false},"excerpt":{"rendered":"<p>Bernstorff Slot ved Gjentofte. Bygget af den \u00e6ldre Grev Bernstorff.\u00a0H.M. Kongens Sommerresidens \u00a0Bernstorff Slot ved Gjentofte. Bygget af den \u00e6ldre Grev Bernstorff. H.M. Kongens Sommerresidens Bernstorff Slot ligger centralt placeret i Gentofte Kommune lidt nord for K\u00f8benhavn. Det er bygget i 1765 til Bernstorffs f\u00f8rste ejer udenrigsminister J.H.E. Bernstorff. I 1842 k\u00f8bte kong Christian den &hellip; <a href=\"https:\/\/www.photostory.dk\/?page_id=68\" class=\"more-link\">L\u00e6s mere <span class=\"screen-reader-text\">Bernstorff Slot ved Gentofte<\/span><\/a><\/p>\n","protected":false},"author":1,"featured_media":0,"parent":105,"menu_order":0,"comment_status":"closed","ping_status":"closed","template":"","meta":[],"_links":{"self":[{"href":"https:\/\/www.photostory.dk\/index.php?rest_route=\/wp\/v2\/pages\/68"}],"collection":[{"href":"https:\/\/www.photostory.dk\/index.php?rest_route=\/wp\/v2\/pages"}],"about":[{"href":"https:\/\/www.photostory.dk\/index.php?rest_route=\/wp\/v2\/types\/page"}],"author":[{"embeddable":true,"href":"https:\/\/www.photostory.dk\/index.php?rest_route=\/wp\/v2\/users\/1"}],"replies":[{"embeddable":true,"href":"https:\/\/www.photostory.dk\/index.php?rest_route=%2Fwp%2Fv2%2Fcomments&post=68"}],"version-history":[{"count":5,"href":"https:\/\/www.photostory.dk\/index.php?rest_route=\/wp\/v2\/pages\/68\/revisions"}],"predecessor-version":[{"id":189,"href":"https:\/\/www.photostory.dk\/index.php?rest_route=\/wp\/v2\/pages\/68\/revisions\/189"}],"up":[{"embeddable":true,"href":"https:\/\/www.photostory.dk\/index.php?rest_route=\/wp\/v2\/pages\/105"}],"wp:attachment":[{"href":"https:\/\/www.photostory.dk\/index.php?rest_route=%2Fwp%2Fv2%2Fmedia&parent=68"}],"curies":[{"name":"wp","href":"https:\/\/api.w.org\/{rel}","templated":true}]}}