{"id":653,"date":"2016-12-29T20:33:35","date_gmt":"2016-12-29T20:33:35","guid":{"rendered":"http:\/\/photostory.dk\/?page_id=653"},"modified":"2017-01-16T13:14:11","modified_gmt":"2017-01-16T13:14:11","slug":"jylland","status":"publish","type":"page","link":"https:\/\/www.photostory.dk\/?page_id=653","title":{"rendered":"Jylland"},"content":{"rendered":"<ul>\n<li id=\"menu-item-650\" class=\"menu-item menu-item-type-post_type menu-item-object-page menu-item-650\"><a href=\"http:\/\/photostory.dk\/?page_id=644\">Skamlingsbanken og danskheden<\/a><\/li>\n<li id=\"menu-item-354\" class=\"menu-item menu-item-type-post_type menu-item-object-page menu-item-has-children menu-item-354\"><a href=\"http:\/\/photostory.dk\/?page_id=349\">Thorupstrand<\/a><\/li>\n<li id=\"menu-item-733\" class=\"menu-item menu-item-type-post_type menu-item-object-page menu-item-733\"><a href=\"http:\/\/photostory.dk\/?page_id=728\">Skulpturen \u201cMennesker ved havet\u201d p\u00e5 S\u00e6dding Strand<\/a><\/li>\n<li><a href=\"http:\/\/photostory.dk\/?page_id=1671\">En fredfyldt park i Aarhus<\/a><\/li>\n<li><a href=\"http:\/\/photostory.dk\/?page_id=1688\">Marselisborg i \u00c5rhus \u2013 en kold december morgen<\/a><\/li>\n<\/ul>\n<p>&nbsp;<\/p>\n","protected":false},"excerpt":{"rendered":"<p>Skamlingsbanken og danskheden Thorupstrand Skulpturen \u201cMennesker ved havet\u201d p\u00e5 S\u00e6dding Strand En fredfyldt park i Aarhus Marselisborg i \u00c5rhus \u2013 en kold december morgen &nbsp;<\/p>\n","protected":false},"author":1,"featured_media":0,"parent":0,"menu_order":0,"comment_status":"closed","ping_status":"closed","template":"","meta":[],"_links":{"self":[{"href":"https:\/\/www.photostory.dk\/index.php?rest_route=\/wp\/v2\/pages\/653"}],"collection":[{"href":"https:\/\/www.photostory.dk\/index.php?rest_route=\/wp\/v2\/pages"}],"about":[{"href":"https:\/\/www.photostory.dk\/index.php?rest_route=\/wp\/v2\/types\/page"}],"author":[{"embeddable":true,"href":"https:\/\/www.photostory.dk\/index.php?rest_route=\/wp\/v2\/users\/1"}],"replies":[{"embeddable":true,"href":"https:\/\/www.photostory.dk\/index.php?rest_route=%2Fwp%2Fv2%2Fcomments&post=653"}],"version-history":[{"count":5,"href":"https:\/\/www.photostory.dk\/index.php?rest_route=\/wp\/v2\/pages\/653\/revisions"}],"predecessor-version":[{"id":1719,"href":"https:\/\/www.photostory.dk\/index.php?rest_route=\/wp\/v2\/pages\/653\/revisions\/1719"}],"wp:attachment":[{"href":"https:\/\/www.photostory.dk\/index.php?rest_route=%2Fwp%2Fv2%2Fmedia&parent=653"}],"curies":[{"name":"wp","href":"https:\/\/api.w.org\/{rel}","templated":true}]}}