{"id":644,"date":"2016-12-29T20:13:02","date_gmt":"2016-12-29T20:13:02","guid":{"rendered":"http:\/\/photostory.dk\/?page_id=644"},"modified":"2016-12-29T20:27:02","modified_gmt":"2016-12-29T20:27:02","slug":"644-2","status":"publish","type":"page","link":"https:\/\/www.photostory.dk\/?page_id=644","title":{"rendered":"Skamlingsbanken og danskheden"},"content":{"rendered":"<p style=\"text-align: center;\"><a href=\"http:\/\/photostory.dk\/wp-content\/uploads\/2016\/12\/skamlingsbanken.jpg\"><img decoding=\"async\" loading=\"lazy\" class=\"aligncenter wp-image-645 size-full\" src=\"http:\/\/photostory.dk\/wp-content\/uploads\/2016\/12\/skamlingsbanken.jpg\" width=\"480\" height=\"640\" srcset=\"https:\/\/www.photostory.dk\/wp-content\/uploads\/2016\/12\/skamlingsbanken.jpg 480w, https:\/\/www.photostory.dk\/wp-content\/uploads\/2016\/12\/skamlingsbanken-165x220.jpg 165w\" sizes=\"(max-width: 480px) 100vw, 480px\" \/><\/a><\/p>\n<p style=\"text-align: center;\">Foto Lars Bj\u00f8rnsten Odense<\/p>\n<p><strong>Historien om Skamlingsbanken<\/strong><\/p>\n<p>Skamlingsbanken er med sine 113 meter over havet S\u00f8nderjyllands h\u00f8jeste punkt og ligger i et frodigt kuperet naturomr\u00e5de med udsigt over Lilleb\u00e6lt til Fyn og over hele egnen mellem Kolding og Christiansfeld. P\u00e5 selve banken st\u00e5r den ca. 16 meter h\u00f8je st\u00f8tte med navne p\u00e5\u00a018 m\u00e6nd, der st\u00f8ttede det danske sprog og danskheden. St\u00f8tten er lavet af 25 granitblokke fra Sverige til minde om den danske sags fork\u00e6mpere i Slesvig. Skamlingsbanken blev is\u00e6r kendt for de mange folkefester for danskheden , der blev holdt i \u00e5rene 1843-59 og den blev under fremmedherred\u00f8mmet 1864 &#8211; 1920 et nationalt samlingssted.<\/p>\n<p>Granitst\u00f8tten er bygget i 1863 og udf\u00f8rt af Stenhugger Klewin, Flensborg og navnene p\u00e5 st\u00f8tten er f\u00f8lgende: W.H.F. Abrahamson (1744 -1812), A.G. Fabricius (d\u00f8d 1804), Frederik Fischer (1809 -1871), Christian Flor (1792 -1875), Peter Hiort-Lorenzen (1791 -1845), T. Hoyer-Jensen (1771 -1839), Claus Jaspersen (1777 -1847), Peter Christian Koch (1807 -1880), Hans Andersen Kr\u00fcger (1816 -1881), Nis Lorenzen Lilholt (1794 -1860), Christian Manicus (1795 -1877), Hans Nissen (1788 -1857), C.H. Overbeck (1743 -1796), Paul Detlev Christian Paulsen (1798 -1854), E. Pontoppidan (1698 -1764), Laurids Skau (1817-1864), Hans Ivar Staal (1796 -1861) og S. von Wimpfen (1802 -1839).<\/p>\n","protected":false},"excerpt":{"rendered":"<p>Foto Lars Bj\u00f8rnsten Odense Historien om Skamlingsbanken Skamlingsbanken er med sine 113 meter over havet S\u00f8nderjyllands h\u00f8jeste punkt og ligger i et frodigt kuperet naturomr\u00e5de med udsigt over Lilleb\u00e6lt til Fyn og over hele egnen mellem Kolding og Christiansfeld. P\u00e5 selve banken st\u00e5r den ca. 16 meter h\u00f8je st\u00f8tte med navne p\u00e5\u00a018 m\u00e6nd, der st\u00f8ttede &hellip; <a href=\"https:\/\/www.photostory.dk\/?page_id=644\" class=\"more-link\">L\u00e6s mere <span class=\"screen-reader-text\">Skamlingsbanken og danskheden<\/span><\/a><\/p>\n","protected":false},"author":1,"featured_media":0,"parent":219,"menu_order":5,"comment_status":"closed","ping_status":"closed","template":"","meta":[],"_links":{"self":[{"href":"https:\/\/www.photostory.dk\/index.php?rest_route=\/wp\/v2\/pages\/644"}],"collection":[{"href":"https:\/\/www.photostory.dk\/index.php?rest_route=\/wp\/v2\/pages"}],"about":[{"href":"https:\/\/www.photostory.dk\/index.php?rest_route=\/wp\/v2\/types\/page"}],"author":[{"embeddable":true,"href":"https:\/\/www.photostory.dk\/index.php?rest_route=\/wp\/v2\/users\/1"}],"replies":[{"embeddable":true,"href":"https:\/\/www.photostory.dk\/index.php?rest_route=%2Fwp%2Fv2%2Fcomments&post=644"}],"version-history":[{"count":3,"href":"https:\/\/www.photostory.dk\/index.php?rest_route=\/wp\/v2\/pages\/644\/revisions"}],"predecessor-version":[{"id":648,"href":"https:\/\/www.photostory.dk\/index.php?rest_route=\/wp\/v2\/pages\/644\/revisions\/648"}],"up":[{"embeddable":true,"href":"https:\/\/www.photostory.dk\/index.php?rest_route=\/wp\/v2\/pages\/219"}],"wp:attachment":[{"href":"https:\/\/www.photostory.dk\/index.php?rest_route=%2Fwp%2Fv2%2Fmedia&parent=644"}],"curies":[{"name":"wp","href":"https:\/\/api.w.org\/{rel}","templated":true}]}}