{"id":643,"date":"2017-01-17T09:09:54","date_gmt":"2017-01-17T09:09:54","guid":{"rendered":"http:\/\/photostory.dk\/?page_id=643"},"modified":"2017-01-17T09:09:54","modified_gmt":"2017-01-17T09:09:54","slug":"vestergaard-i-karlslunde-hovedgaden-45-2690-karlslunde","status":"publish","type":"page","link":"https:\/\/www.photostory.dk\/?page_id=643","title":{"rendered":"Vestergaard i Karlslunde Hovedgaden 45 2690 Karlslunde"},"content":{"rendered":"<p><a href=\"http:\/\/photostory.dk\/wp-content\/uploads\/2017\/01\/karlslunde_0013_vestergaard.jpg\"><img decoding=\"async\" loading=\"lazy\" class=\"size-full wp-image-1780 aligncenter\" src=\"http:\/\/photostory.dk\/wp-content\/uploads\/2017\/01\/karlslunde_0013_vestergaard.jpg\" alt=\"\" width=\"550\" height=\"771\" srcset=\"https:\/\/www.photostory.dk\/wp-content\/uploads\/2017\/01\/karlslunde_0013_vestergaard.jpg 550w, https:\/\/www.photostory.dk\/wp-content\/uploads\/2017\/01\/karlslunde_0013_vestergaard-157x220.jpg 157w\" sizes=\"(max-width: 550px) 100vw, 550px\" \/><\/a><\/p>\n<p style=\"text-align: center;\">Vestergaard i Karlslunde\u00a0Hovedgaden 45 2690 Karlslunde<\/p>\n<p>Vesterg\u00e5rd i Karlslunde. I gamle dage var der en stor br\u00f8nd og to gamle huse. F\u00f8r de var der, var der marker, der gik k\u00f8er p\u00e5.\u00a0I dag er Vesterg\u00e5rd en g\u00e5rd med heste, katte og hunde.\u00a0Det er en helt almindelig g\u00e5rd. I fremtiden vil g\u00e5rden blive revet ned og der vil blive bygget andre huse.<\/p>\n<p>\u00bbKarlslunde f\u00f8r og nu \u2013 og lidt om fremtiden\u00ab er titlen p\u00e5 et undervisningsforl\u00f8b, som elever i en 4. klasse med stor dygtighed udf\u00f8rte p\u00e5 Karlslunde Skole i Greve Kommune i slutningen af \u00e5ret 1981. Se mere om undervisningsforl\u00f8bet <a href=\"http:\/\/photostory.dk\/?page_id=297\">her!<\/a><\/p>\n<p style=\"text-align: center;\"><a href=\"http:\/\/photostory.dk\/?page_id=289\">Oversigt over \u00bbKarlslunde f\u00f8r og nu \u2013 og lidt om fremtiden\u00ab 1981<\/a><\/p>\n","protected":false},"excerpt":{"rendered":"<p>Vestergaard i Karlslunde\u00a0Hovedgaden 45 2690 Karlslunde Vesterg\u00e5rd i Karlslunde. I gamle dage var der en stor br\u00f8nd og to gamle huse. F\u00f8r de var der, var der marker, der gik k\u00f8er p\u00e5.\u00a0I dag er Vesterg\u00e5rd en g\u00e5rd med heste, katte og hunde.\u00a0Det er en helt almindelig g\u00e5rd. I fremtiden vil g\u00e5rden blive revet ned og &hellip; <a href=\"https:\/\/www.photostory.dk\/?page_id=643\" class=\"more-link\">L\u00e6s mere <span class=\"screen-reader-text\">Vestergaard i Karlslunde Hovedgaden 45 2690 Karlslunde<\/span><\/a><\/p>\n","protected":false},"author":1,"featured_media":0,"parent":0,"menu_order":0,"comment_status":"closed","ping_status":"closed","template":"","meta":[],"_links":{"self":[{"href":"https:\/\/www.photostory.dk\/index.php?rest_route=\/wp\/v2\/pages\/643"}],"collection":[{"href":"https:\/\/www.photostory.dk\/index.php?rest_route=\/wp\/v2\/pages"}],"about":[{"href":"https:\/\/www.photostory.dk\/index.php?rest_route=\/wp\/v2\/types\/page"}],"author":[{"embeddable":true,"href":"https:\/\/www.photostory.dk\/index.php?rest_route=\/wp\/v2\/users\/1"}],"replies":[{"embeddable":true,"href":"https:\/\/www.photostory.dk\/index.php?rest_route=%2Fwp%2Fv2%2Fcomments&post=643"}],"version-history":[{"count":2,"href":"https:\/\/www.photostory.dk\/index.php?rest_route=\/wp\/v2\/pages\/643\/revisions"}],"predecessor-version":[{"id":1781,"href":"https:\/\/www.photostory.dk\/index.php?rest_route=\/wp\/v2\/pages\/643\/revisions\/1781"}],"wp:attachment":[{"href":"https:\/\/www.photostory.dk\/index.php?rest_route=%2Fwp%2Fv2%2Fmedia&parent=643"}],"curies":[{"name":"wp","href":"https:\/\/api.w.org\/{rel}","templated":true}]}}