{"id":595,"date":"2016-12-29T14:13:06","date_gmt":"2016-12-29T14:13:06","guid":{"rendered":"http:\/\/photostory.dk\/?page_id=595"},"modified":"2016-12-29T14:52:39","modified_gmt":"2016-12-29T14:52:39","slug":"oproeret-i-oktober-1878-og-foelgerne-heraf-12","status":"publish","type":"page","link":"https:\/\/www.photostory.dk\/?page_id=595","title":{"rendered":"Opr\u00f8ret i oktober 1878 og f\u00f8lgerne heraf (12)"},"content":{"rendered":"<p><strong>&#8220;Oktobernegrenes opr\u00f8r p\u00e5 St. Croix i 1878&#8221;<\/strong><\/p>\n<p>I konceptet til kommissionsberetningen af 1-5-1879 (14) udtaler den nedsatte kommission, at selve opr\u00f8rets udbrud var en tilf\u00e6ldighed, og at der ikke eksisterede en forudlagt plan for det stedfundne opr\u00f8r. Man fandt ud af at arbejderne ville g\u00f8re &#8220;noget&#8221; for at opn\u00e5 en h\u00f8jere betaling for deres arbejde i og at dette ville ske ved en &#8220;strike&#8221;. Kommissionen mener endvidere, at for at danne sig et klart overblik over de forhold, hvori de dybereliggende \u00e5rsager til bev\u00e6gelsen m\u00e5 s\u00f8ges, vil det v\u00e6re n\u00f8dvendigt at omtale udviklingen gennem en l\u00e6ngere periode. En af grundene til, at opr\u00f8ret fik s\u00e5 stort omfang var, at de lokale myndigheder ikke p\u00e5 forh\u00e5nd ans\u00e5 skiftedagen for nogen s\u00e6rlig urolig dag. Kilden (14) skriver &#8220;at grunden til at bev\u00e6gelsen d. 1 okt. , da der ikke var den forn\u00f8dne magt til stede til at nedsl\u00e5 den i f\u00f8dselen, fik en s\u00e5 s\u00f8rgelig udvikling m\u00e5 naturligvis s\u00f8ges i negrenes charactere og hele det \u00e5ndelige og sociale standpunkt&#8221;.<\/p>\n<p>Det fremg\u00e5r tydeligt af kilden at den pr\u00f8ver at undskylde &#8220;sig selv&#8221; bl.a. ved at skrive, at skiftedagen ikke plejer at v\u00e6re nogen urolig dag. De hvide har jo hele tiden f\u00f8lt sig truet, s\u00e5 hvorfor var de dog ikke p\u00e5 vagt en s\u00e5dan dag. Personlig mener jeg, at det bare er en undskyldning for deres manglende evne til skabe kontrol over situationen. Det med negrenes \u00e5ndelige og sociale standpunkt er ogs\u00e5 lidt m\u00e6rkeligt, her er det, som om den hvide mand pr\u00f8ver at forklare den sorte mands optr\u00e6den ved at till\u00e6gge denne befolkningsgruppe en r\u00e6kke meget belastende og diskriminerende egenskaber. Af bet\u00e6nkningen fremg\u00e5r det endvidere at man vil pr\u00f8ve at forene social forst\u00e5else med en samtidig for\u00f8gelse af autoriteterne og en sikring af den lovlige orden. Desuden skulle bet\u00e6nkningen angive forskellige veje til at opn\u00e5 en bedre \u00f8konomi p\u00e5 \u00f8erne.<\/p>\n<p>Da regeringen hjemme blev ledet af H\u00f8jre var det naturligt, at man str\u00e6bte efter at udbygge milit\u00e6ret p\u00e5 \u00f8en. Dette skete ved, at der skulle opf\u00f8res et kaserneanl\u00e6g p\u00e5 &#8220;Kingshill&#8221; midt p\u00e5 St.Croix, samtidig med oprettelse af borgerv\u00e6bninger i byerne baseret p\u00e5 tvungen tjeneste. Desuden skulle der oprettes et beredent patruljekorps p\u00e5 landet i og som yderlig beskyttelse skulle et orlogsskib have fast station ved \u00f8erne. Man ville n\u00f8digt i samme situation som ved oktoberopr\u00f8ret i 1878, hvor man m\u00e5tte have assistance fra England og Frankrig. Man ville ogs\u00e5 n\u00f8digt have i at det skulle se ud som om det danske milit\u00e6r var ude for en opgave, det ikke kunne magte. Alt i alt m\u00e5 man sige, at de hvide stadigv\u00e6k f\u00f8lte sig truet af den indf\u00f8dte del af befolkningen, der i antal var dem langt overlegne. Dette viser ihvertfald n\u00f8dvendigheden af s\u00e5 drastiske skridt som de allerede her n\u00e6vnte.<\/p>\n<p>Nu indeholdt bet\u00e6nkningen ikke kun bem\u00e6rkninger om milit\u00e6ret, men ogs\u00e5 bet\u00e6nkningen om de sociale reformer som skulle gennemf\u00f8res. Arbejdsforholdene skulle forbedres ved en \u00e6ndring af arbejdsregulativerne til en tyende-lov, som indeholdt rettigheder og pligter g\u00e6ldende for arbejdere og arbejdsgivere.<\/p>\n<p>Bet\u00e6nkningen indeholdt ogs\u00e5 et forslag til en l\u00f8sg\u00e6ngerilov, og i kommissionsberetningen af 1 maj. 1879 kan l\u00e6ses (15)&#8221;Kommisionen antager, at en s\u00e5dan lov affattes, s\u00e5ledes at den virker gennemgribende, vil have sin store om end ikke uovervurderlige vanskelighed. Vil en nemlig, som givet antydet i ministeriets skrivelse af 3 januar utvivlsomt, at arbejderregulativernes oph\u00e6velse, navnlig i begyndelsen vil fremkalde l\u00f8sg\u00e6ngeri i st\u00f8rre omfang velne(?) og slette elementer i befolkningen, hvis antal desv\u00e6rre ikke er lille, ville undg\u00e5, fast tjeneste&#8221;. I denne udtalelse m\u00e6rkes en tydelig nerv\u00f8sitet for det sorte flertal. Man pr\u00f8ver at undg\u00e5 uro, og griber derfor et mundheld som passer i deres kram, nemlig at lediggang er roden til alt ondt.<\/p>\n<p><strong>Sider:<\/strong> \u00a0<a href=\"http:\/\/photostory.dk\/?page_id=469\">0<\/a> \u00a0 <a href=\"http:\/\/photostory.dk\/?page_id=476\">1<\/a> \u00a0<a href=\"http:\/\/photostory.dk\/?page_id=490\">2<\/a> \u00a0<a href=\"http:\/\/photostory.dk\/?page_id=528\">3<\/a> \u00a0<a href=\"http:\/\/photostory.dk\/?page_id=532\">4<\/a> \u00a0<a href=\"http:\/\/photostory.dk\/?page_id=541\">5<\/a> \u00a0<a href=\"http:\/\/photostory.dk\/?page_id=551\">6<\/a> \u00a0<a href=\"http:\/\/photostory.dk\/?page_id=560\">7<\/a> \u00a0<a href=\"http:\/\/photostory.dk\/?page_id=566\">8<\/a> \u00a0<a href=\"http:\/\/photostory.dk\/?page_id=574\">9<\/a> \u00a0<a href=\"http:\/\/photostory.dk\/?page_id=584\">10<\/a> \u00a0<a href=\"http:\/\/photostory.dk\/?page_id=586\">11<\/a> \u00a0<a href=\"http:\/\/photostory.dk\/?page_id=595\">12<\/a> \u00a0<a href=\"http:\/\/photostory.dk\/?page_id=593\">13<\/a> \u00a0<a href=\"http:\/\/photostory.dk\/?page_id=590\">14<\/a> \u00a0<a href=\"http:\/\/photostory.dk\/?page_id=588\">15<\/a> \u00a0<a href=\"http:\/\/photostory.dk\/?page_id=547\">16<\/a><\/p>\n","protected":false},"excerpt":{"rendered":"<p>&#8220;Oktobernegrenes opr\u00f8r p\u00e5 St. Croix i 1878&#8221; I konceptet til kommissionsberetningen af 1-5-1879 (14) udtaler den nedsatte kommission, at selve opr\u00f8rets udbrud var en tilf\u00e6ldighed, og at der ikke eksisterede en forudlagt plan for det stedfundne opr\u00f8r. Man fandt ud af at arbejderne ville g\u00f8re &#8220;noget&#8221; for at opn\u00e5 en h\u00f8jere betaling for deres arbejde &hellip; <a href=\"https:\/\/www.photostory.dk\/?page_id=595\" class=\"more-link\">L\u00e6s mere <span class=\"screen-reader-text\">Opr\u00f8ret i oktober 1878 og f\u00f8lgerne heraf (12)<\/span><\/a><\/p>\n","protected":false},"author":1,"featured_media":0,"parent":0,"menu_order":0,"comment_status":"closed","ping_status":"closed","template":"","meta":[],"_links":{"self":[{"href":"https:\/\/www.photostory.dk\/index.php?rest_route=\/wp\/v2\/pages\/595"}],"collection":[{"href":"https:\/\/www.photostory.dk\/index.php?rest_route=\/wp\/v2\/pages"}],"about":[{"href":"https:\/\/www.photostory.dk\/index.php?rest_route=\/wp\/v2\/types\/page"}],"author":[{"embeddable":true,"href":"https:\/\/www.photostory.dk\/index.php?rest_route=\/wp\/v2\/users\/1"}],"replies":[{"embeddable":true,"href":"https:\/\/www.photostory.dk\/index.php?rest_route=%2Fwp%2Fv2%2Fcomments&post=595"}],"version-history":[{"count":5,"href":"https:\/\/www.photostory.dk\/index.php?rest_route=\/wp\/v2\/pages\/595\/revisions"}],"predecessor-version":[{"id":633,"href":"https:\/\/www.photostory.dk\/index.php?rest_route=\/wp\/v2\/pages\/595\/revisions\/633"}],"wp:attachment":[{"href":"https:\/\/www.photostory.dk\/index.php?rest_route=%2Fwp%2Fv2%2Fmedia&parent=595"}],"curies":[{"name":"wp","href":"https:\/\/api.w.org\/{rel}","templated":true}]}}