{"id":593,"date":"2016-12-29T14:18:03","date_gmt":"2016-12-29T14:18:03","guid":{"rendered":"http:\/\/photostory.dk\/?page_id=593"},"modified":"2016-12-29T14:53:15","modified_gmt":"2016-12-29T14:53:15","slug":"stoerre-selvbestemmelse-og-rettigheder-for-negrene-13","status":"publish","type":"page","link":"https:\/\/www.photostory.dk\/?page_id=593","title":{"rendered":"St\u00f8rre selvbestemmelse og rettigheder for negrene (13)"},"content":{"rendered":"<p>&#8220;Oktobernegrenes opr\u00f8r p\u00e5 St. Croix i 1878&#8221;<\/p>\n<p>Desuden var der forslag fremme om at statens plantager kunne omdannes til tvangsanstalter med et s\u00e6rligt arbejdsreglement og der skulle ogs\u00e5 startes en offentlig fattigfors\u00f8rgelse og foranstaltninger til gavn for befolkningens sundhed og for dens skolegang. For at give nogle af negrene mere selvbestemmelse ville man udstykke nogle store plantager til husmandsbrug. Den danske statskasse m\u00e5tte overtage udgifterne ved den vestindiske h\u00e6rstyrke og til geng\u00e6ld f\u00e5 bidrag fra kolonialkasserne.<\/p>\n<p>Myndighederne anslog udgifterne til alle disse reformer til ca. 203545 vestind. dollar (17) og indt\u00e6gterne til ca. 151303 vestind. dollar (17).<\/p>\n<p>Da nu bet\u00e6nkningen var afgivet ville det v\u00e6re interessant at se, hvorn\u00e5r man vedtog nogle af disse forslag, og gjorde dem til lov. Fra dansk side havde man \u00e5benbart ikke hastv\u00e6rk, da der f\u00f8rst i oktober 1879 vedtoges en tyendelov og en l\u00f8sg\u00e6ngerilov. Disse medf\u00f8rte, at fra nu af skulle en kontrakt over 1 mdr. mellem arbejder og arbejdsgiver affattes skriftligt og i overv\u00e6relse af vidner. Desuden skulle kontraktens oprettelse og vilk\u00e5r meddeles politikontoret. Opsigelsestiden blev fra 14 dage til 1 mdr. og ordningen med at arbejdsgiveren skulle tage sig af sine syge arbejdere bibeholdtes.<\/p>\n<p>M\u00e6rkeligt nok er der intet n\u00e6vnt om arbejdstiden, l\u00f8nnen og om tildeling af naturalier. Efter min opfattelse var arbejderne ogs\u00e5 ved opr\u00f8ret i 1878 utilfreds med l\u00f8nnen, og derfor undres man over, at intet er n\u00e6vnt om dette. Det er, som om man vil stikke bl\u00e5r i \u00f8jnene p\u00e5 negrene ved at vedtage andre mindre v\u00e6sentlige reformer.<\/p>\n<p>F\u00f8rst i 1881 da guvern\u00f8r J. Garde fratr\u00e5dte og Chr. Arendrup overtog hans post, kom der p\u00e5 ny gang i reformerne (18), men det var jo ogs\u00e5 p\u00e5 h\u00f8je tid. Man kunne m\u00e5ske tr\u00e6kke det s\u00e5 meget ud, at det begyndte at ulme i arbejderne igen, dette m\u00e5tte man v\u00e6re interesseret i at undg\u00e5 bl.a. for at opretholde en nogenlunde \u00f8konomi.<\/p>\n<p><strong>Sider:<\/strong> \u00a0<a href=\"http:\/\/photostory.dk\/?page_id=469\">0<\/a> \u00a0 <a href=\"http:\/\/photostory.dk\/?page_id=476\">1<\/a> \u00a0<a href=\"http:\/\/photostory.dk\/?page_id=490\">2<\/a> \u00a0<a href=\"http:\/\/photostory.dk\/?page_id=528\">3<\/a> \u00a0<a href=\"http:\/\/photostory.dk\/?page_id=532\">4<\/a> \u00a0<a href=\"http:\/\/photostory.dk\/?page_id=541\">5<\/a> \u00a0<a href=\"http:\/\/photostory.dk\/?page_id=551\">6<\/a> \u00a0<a href=\"http:\/\/photostory.dk\/?page_id=560\">7<\/a> \u00a0<a href=\"http:\/\/photostory.dk\/?page_id=566\">8<\/a> \u00a0<a href=\"http:\/\/photostory.dk\/?page_id=574\">9<\/a> \u00a0<a href=\"http:\/\/photostory.dk\/?page_id=584\">10<\/a> \u00a0<a href=\"http:\/\/photostory.dk\/?page_id=586\">11<\/a> \u00a0<a href=\"http:\/\/photostory.dk\/?page_id=595\">12<\/a> \u00a0<a href=\"http:\/\/photostory.dk\/?page_id=593\">13<\/a> \u00a0<a href=\"http:\/\/photostory.dk\/?page_id=590\">14<\/a> \u00a0<a href=\"http:\/\/photostory.dk\/?page_id=588\">15<\/a> \u00a0<a href=\"http:\/\/photostory.dk\/?page_id=547\">16<\/a><\/p>\n","protected":false},"excerpt":{"rendered":"<p>&#8220;Oktobernegrenes opr\u00f8r p\u00e5 St. Croix i 1878&#8221; Desuden var der forslag fremme om at statens plantager kunne omdannes til tvangsanstalter med et s\u00e6rligt arbejdsreglement og der skulle ogs\u00e5 startes en offentlig fattigfors\u00f8rgelse og foranstaltninger til gavn for befolkningens sundhed og for dens skolegang. For at give nogle af negrene mere selvbestemmelse ville man udstykke nogle &hellip; <a href=\"https:\/\/www.photostory.dk\/?page_id=593\" class=\"more-link\">L\u00e6s mere <span class=\"screen-reader-text\">St\u00f8rre selvbestemmelse og rettigheder for negrene (13)<\/span><\/a><\/p>\n","protected":false},"author":1,"featured_media":0,"parent":0,"menu_order":0,"comment_status":"closed","ping_status":"closed","template":"","meta":[],"_links":{"self":[{"href":"https:\/\/www.photostory.dk\/index.php?rest_route=\/wp\/v2\/pages\/593"}],"collection":[{"href":"https:\/\/www.photostory.dk\/index.php?rest_route=\/wp\/v2\/pages"}],"about":[{"href":"https:\/\/www.photostory.dk\/index.php?rest_route=\/wp\/v2\/types\/page"}],"author":[{"embeddable":true,"href":"https:\/\/www.photostory.dk\/index.php?rest_route=\/wp\/v2\/users\/1"}],"replies":[{"embeddable":true,"href":"https:\/\/www.photostory.dk\/index.php?rest_route=%2Fwp%2Fv2%2Fcomments&post=593"}],"version-history":[{"count":4,"href":"https:\/\/www.photostory.dk\/index.php?rest_route=\/wp\/v2\/pages\/593\/revisions"}],"predecessor-version":[{"id":634,"href":"https:\/\/www.photostory.dk\/index.php?rest_route=\/wp\/v2\/pages\/593\/revisions\/634"}],"wp:attachment":[{"href":"https:\/\/www.photostory.dk\/index.php?rest_route=%2Fwp%2Fv2%2Fmedia&parent=593"}],"curies":[{"name":"wp","href":"https:\/\/api.w.org\/{rel}","templated":true}]}}