{"id":590,"date":"2016-12-29T14:22:59","date_gmt":"2016-12-29T14:22:59","guid":{"rendered":"http:\/\/photostory.dk\/?page_id=590"},"modified":"2016-12-29T14:53:40","modified_gmt":"2016-12-29T14:53:40","slug":"reformer-om-bl-a-undervisning-arbejde-og-sundhed-og-bolig-14","status":"publish","type":"page","link":"https:\/\/www.photostory.dk\/?page_id=590","title":{"rendered":"Reformer om bl.a. undervisning, arbejde og sundhed og bolig (14)"},"content":{"rendered":"<p>\u201cOktobernegrenes opr\u00f8r p\u00e5 St. Croix i 1878\u201d<\/p>\n<p>En af de f\u00f8rste reformer var en anordning af 7 maj 1884 vedr. skolev\u00e6senet p\u00e5 St. Croix. I denne blev der fastsat skolepligt for alle b\u00f8rn fra 6 \u00e5r &#8211; 13 \u00e5r. Skolegang, b\u00f8ger og skolerekvisitter skulle v\u00e6re gratis, og i byerne skulle eleverne undervises 18 timer ugentlig, p\u00e5 landet 20 timer. Sommerferien p\u00e5 landet blev fastsat til 6 uger, i byen kun til 14 dage. Fors\u00f8mmelse blev straffet med mulkt. Da dette var en anordning, ville det v\u00e6re interessant at se p\u00e5 hvad der er g\u00e5et forud og til beskrivelse af dette er bl. a. dette brev afsendt fra Gouvernementet for de dansk vestindiske \u00f8 til kommissionen nedsat efter opr\u00f8ret i 1878. (16)<\/p>\n<p align=\"center\"><em>&#8220;Brev fra Couvernementet for de dansk vestindiske \u00f8er.<\/em><\/p>\n<p><em>St.Croix 19 marts 1879.De grunds\u00e6tning, hvorefter skolev\u00e6senet formentlig b\u00f8r ordnes, er v\u00e6sentlig f\u00f8lgende. Skoletvangen burde gj\u00e6lde alle b\u00f8rn i alderen fra 6-13 \u00e5r. I landskolerne bur\u00adde undervisningstiden v\u00e6re 5 timer, daglig istedet for 4 timer som for tiden, dog med et par timers afkortning for sm\u00e5b\u00f8rn fra 6-9 \u00e5r og ligeledes for de \u00e6ldeste b\u00f8rn fra 11-13 \u00e5r, for de sidstes vedkommende for at s\u00e6tte dem i stand til at hj\u00e6lpe med ved deres for\u00e6ldres arbejde, idet dog de mere lovende af disse b\u00f8rn skulle have den fulde undervisningstid og derved uddannes som bihj\u00e6lpere for l\u00e6reren, det blev herefter i reglen kun b\u00f8rnene i 9-11 \u00e5rs, der fik den fulde undervisningstid af 5 timer daglig.<\/em><\/p>\n<p><em>J. A. Garde\u00a0 \/\u00a0\u00a0 H. Hanschiett (?)&#8221;<\/em><\/p>\n<p>Sammenligningen af disse to kilder: Vore gamle tropekolonier 2 &#8211; dansk vestindien, under redaktion af J.Br\u00f8ndsted og Finansministerets vestindiske kontor, udskilte journalsager RATA reol 22TV. fag c-d pk:&#8221; &#8220;Kommision og opr\u00f8r&#8221; under Kommisionens indkomne skrivelser 8 jan. 1879 &#8211; 20 marts 1879. er ret interessante.<\/p>\n<p>Anordningen er betydelig mere moderat i sit ordforr\u00e5d end brevet, der er ret h\u00e5rd og tydeligt tager parti for de hvide. Jeg tror ikke at s\u00e6tningen &#8220;for de sidstes vedkommende for at s\u00e6tte dem i stand til at hj\u00e6lpe med ved deres for\u00e6ldres arbejde, idet dog o.s.v.&#8221; er m\u00f8ntet p\u00e5 de hvide, da det ikke var s\u00e6rligt realistisk, at disse hjalp til med deres for\u00e6ldres arbejde. De mest lovende af b\u00f8rnene skulle g\u00e5 l\u00e6ngere tid i skole, men det er da klart, at b\u00f8rn af slaver ikke i starten vil kunne klare sig i skolen, s\u00e5 dette underbygger yderligere formodningen om, at ordningen i h\u00f8j grad favoriserede de hvide.<\/p>\n<p>Af reformer kom der yderligere den 9 juni 1884 en, som gjaldt vejv\u00e6senet p\u00e5 St. Croix. Den afl\u00f8ste vejreglementet af 1820. Den 29-11-1884 forel\u00e5 en anordning om tilvejebringelse af sundhedsvedt\u00e6gter p\u00e5 St. Croix, og 30 marts 1886 kunne man udstede bekendtg\u00f8relser om s\u00e5danne vedt\u00e6gter dels for de 2 byer og dels for landdistriktet. P\u00e5 landet blev det p\u00e5budt, at der ikke m\u00e5tte findes ukrudt, skarn, affald eller urent vand i en afstand af 20 fod fra boligerne. Svin m\u00e5tte heller ikke findes el. holdes i n\u00e6rheden af bebyggelsen, selv hestestaldene kunne kr\u00e6ves fjernet fra plantagebyerne. Arbejderboliger skulle p\u00e5 opfordring hvidtes indvendig. Ligeledes blev det p\u00e5lagt myndighederne at tr\u00e6ffe s\u00e6rlige foranstaltninger i tilf\u00e6lde af epidemier og over for spedalske. Endvidere indledte man foranstaltninger mod barned\u00f8deligheden. Den 2 november 1885 blev et velordnet jordemoderv\u00e6sen oprettet. I 1884 oprettedes Dronning Louises b\u00f8rnehospital i Christianssted. For at begr\u00e6nse det stigende spiritusforbrug indf\u00f8rtes regler for, hvem og hvorn\u00e5r man m\u00e5tte udsk\u00e6nke st\u00e6rke drikke. Et endnu mere vidtg\u00e5ende initiativ blev taget af Arendrup helt p\u00e5 egen h\u00e5nd. Han lod en af regeringens plantager udstykke til 37 husmandsbrug, som blev tildelt tidligere negerform\u00e6nd.<\/p>\n<p><strong>Sider:<\/strong> \u00a0<a href=\"http:\/\/photostory.dk\/?page_id=469\">0<\/a> \u00a0 <a href=\"http:\/\/photostory.dk\/?page_id=476\">1<\/a> \u00a0<a href=\"http:\/\/photostory.dk\/?page_id=490\">2<\/a> \u00a0<a href=\"http:\/\/photostory.dk\/?page_id=528\">3<\/a> \u00a0<a href=\"http:\/\/photostory.dk\/?page_id=532\">4<\/a> \u00a0<a href=\"http:\/\/photostory.dk\/?page_id=541\">5<\/a> \u00a0<a href=\"http:\/\/photostory.dk\/?page_id=551\">6<\/a> \u00a0<a href=\"http:\/\/photostory.dk\/?page_id=560\">7<\/a> \u00a0<a href=\"http:\/\/photostory.dk\/?page_id=566\">8<\/a> \u00a0<a href=\"http:\/\/photostory.dk\/?page_id=574\">9<\/a> \u00a0<a href=\"http:\/\/photostory.dk\/?page_id=584\">10<\/a> \u00a0<a href=\"http:\/\/photostory.dk\/?page_id=586\">11<\/a> \u00a0<a href=\"http:\/\/photostory.dk\/?page_id=595\">12<\/a> \u00a0<a href=\"http:\/\/photostory.dk\/?page_id=593\">13<\/a> \u00a0<a href=\"http:\/\/photostory.dk\/?page_id=590\">14<\/a> \u00a0<a href=\"http:\/\/photostory.dk\/?page_id=588\">15<\/a> \u00a0<a href=\"http:\/\/photostory.dk\/?page_id=547\">16<\/a><\/p>\n","protected":false},"excerpt":{"rendered":"<p>\u201cOktobernegrenes opr\u00f8r p\u00e5 St. Croix i 1878\u201d En af de f\u00f8rste reformer var en anordning af 7 maj 1884 vedr. skolev\u00e6senet p\u00e5 St. Croix. I denne blev der fastsat skolepligt for alle b\u00f8rn fra 6 \u00e5r &#8211; 13 \u00e5r. Skolegang, b\u00f8ger og skolerekvisitter skulle v\u00e6re gratis, og i byerne skulle eleverne undervises 18 timer ugentlig, &hellip; <a href=\"https:\/\/www.photostory.dk\/?page_id=590\" class=\"more-link\">L\u00e6s mere <span class=\"screen-reader-text\">Reformer om bl.a. undervisning, arbejde og sundhed og bolig (14)<\/span><\/a><\/p>\n","protected":false},"author":1,"featured_media":0,"parent":0,"menu_order":0,"comment_status":"closed","ping_status":"closed","template":"","meta":[],"_links":{"self":[{"href":"https:\/\/www.photostory.dk\/index.php?rest_route=\/wp\/v2\/pages\/590"}],"collection":[{"href":"https:\/\/www.photostory.dk\/index.php?rest_route=\/wp\/v2\/pages"}],"about":[{"href":"https:\/\/www.photostory.dk\/index.php?rest_route=\/wp\/v2\/types\/page"}],"author":[{"embeddable":true,"href":"https:\/\/www.photostory.dk\/index.php?rest_route=\/wp\/v2\/users\/1"}],"replies":[{"embeddable":true,"href":"https:\/\/www.photostory.dk\/index.php?rest_route=%2Fwp%2Fv2%2Fcomments&post=590"}],"version-history":[{"count":4,"href":"https:\/\/www.photostory.dk\/index.php?rest_route=\/wp\/v2\/pages\/590\/revisions"}],"predecessor-version":[{"id":635,"href":"https:\/\/www.photostory.dk\/index.php?rest_route=\/wp\/v2\/pages\/590\/revisions\/635"}],"wp:attachment":[{"href":"https:\/\/www.photostory.dk\/index.php?rest_route=%2Fwp%2Fv2%2Fmedia&parent=590"}],"curies":[{"name":"wp","href":"https:\/\/api.w.org\/{rel}","templated":true}]}}