{"id":586,"date":"2016-12-29T13:47:51","date_gmt":"2016-12-29T13:47:51","guid":{"rendered":"http:\/\/photostory.dk\/?page_id=586"},"modified":"2017-02-03T15:40:42","modified_gmt":"2017-02-03T15:40:42","slug":"sammenstoed-ved-plantagen-annas-hope-3-okt-1878-11","status":"publish","type":"page","link":"https:\/\/www.photostory.dk\/?page_id=586","title":{"rendered":"Sammenst\u00f8d ved plantagen  &#8220;Annas Hope&#8221; 3 okt. 1878 (11)"},"content":{"rendered":"<p><a href=\"http:\/\/photostory.dk\/wp-content\/uploads\/2016\/12\/st.croix-oproeret-1.jpg\"><img decoding=\"async\" loading=\"lazy\" class=\"size-large wp-image-601 aligncenter\" src=\"http:\/\/photostory.dk\/wp-content\/uploads\/2016\/12\/st.croix-oproeret-1-1024x682.jpg\" alt=\"\" width=\"660\" height=\"440\" srcset=\"https:\/\/www.photostory.dk\/wp-content\/uploads\/2016\/12\/st.croix-oproeret-1-1024x682.jpg 1024w, https:\/\/www.photostory.dk\/wp-content\/uploads\/2016\/12\/st.croix-oproeret-1-295x197.jpg 295w, https:\/\/www.photostory.dk\/wp-content\/uploads\/2016\/12\/st.croix-oproeret-1-768x512.jpg 768w\" sizes=\"(max-width: 660px) 100vw, 660px\" \/><\/a>Fra opr\u00f8ret p\u00e5 St. Croix &#8220;Illustreret Tidende&#8221; november 1878. Kilde 12.<\/p>\n<p>Ved plantagen &#8220;Annas Hope&#8221; skete der d.3 okt. 1878 om morgenen et sammenst\u00f8d mellem opr\u00f8rerne og soldater fra Christianssted. Efterh\u00e5nden havde soldaterne f\u00e5et bugt med opr\u00f8rerne og om eftermiddagen n\u00e5ede soldaterne til den n\u00e6sten udbr\u00e6ndte by Frederikssted. Her var kommet yderlig forst\u00e6rkning tilstede i form af et engelsk krigsskib, som l\u00e5 opankret udenfor havnen. Samtidig var et fransk krigsskib opankret udenfor Christianssted for at yde assistance, hvis det var n\u00f8dvendigt, men overalt synes opr\u00f8ret sl\u00e5et ned og f\u00e6ngslerne fyldtes hurtigt med fanger.<\/p>\n<p>Den 5 okt. 1878 udsendte guvern\u00f8ren en proklamation (13) om, &#8220;at alle arbejdere straks skulle vende tilbage til deres hjem, de, som ikke adl\u00f8d befalingen, skulle behandles som &#8220;Rebeller&#8221;. Enhver, som forlod sit hus og hjem i lovligt \u00e6rinde, skulle fremvise pas for sin husbond&#8221;.<\/p>\n<p>Der nedsattes samtidig en krigsret og der blev afgivet 6 domme i Frederikssted og 6 i Christianssted, alle lydende p\u00e5 d\u00f8den ved skydning. If\u00f8lge &#8220;en kgl. resolution af 28 okt. (13) blev krigsretten &#8220;discontinud&#8221; og der nedsattes en &#8220;kommission af invastigation &#8220;, der skulle tage sig af unders\u00f8gelse og dom i opr\u00f8rssagen. Dommene kunne appelleres til overretten i Danmark&#8221;. Denne overret bestod sikkert af hvide, s\u00e5 man kan jo nok t\u00e6nke sig at dommen ikke kunne fraviges.<\/p>\n<p>I Danmark var meddelelsen om opr\u00f8ret i 1878 kommet som en smertelig skuffelse for myndighederne, som efter at slaveriet var oph\u00f8rt regnede med, at alt var idyl p\u00e5 Dansk Vestindien. Men man m\u00e5tte se opr\u00f8ret i \u00f8jnene og se at f\u00e5 iv\u00e6rksat foranstaltninger for at hindre gentagelser. Den 28-12- 1878 nedsatte man derfor en kommission, som bestod af guvern\u00f8r Fr. Schlegel, statsrevisor Martin Levy og oberst C. Tvermoes. Efter at have unders\u00f8gt forholdene, ved at l\u00e6se forh\u00f8rsprotokoller og lign. igennem, samt ved selvsyn at have bed\u00f8mt skaderne afgav de bet\u00e6nkningen vedr: Opr\u00f8ret p\u00e5 St. Croix i 1878.<\/p>\n<p><strong>Sider:<\/strong> \u00a0<a href=\"http:\/\/photostory.dk\/?page_id=469\">0<\/a> \u00a0 <a href=\"http:\/\/photostory.dk\/?page_id=476\">1<\/a> \u00a0<a href=\"http:\/\/photostory.dk\/?page_id=490\">2<\/a> \u00a0<a href=\"http:\/\/photostory.dk\/?page_id=528\">3<\/a> \u00a0<a href=\"http:\/\/photostory.dk\/?page_id=532\">4<\/a> \u00a0<a href=\"http:\/\/photostory.dk\/?page_id=541\">5<\/a> \u00a0<a href=\"http:\/\/photostory.dk\/?page_id=551\">6<\/a> \u00a0<a href=\"http:\/\/photostory.dk\/?page_id=560\">7<\/a> \u00a0<a href=\"http:\/\/photostory.dk\/?page_id=566\">8<\/a> \u00a0<a href=\"http:\/\/photostory.dk\/?page_id=574\">9<\/a> \u00a0<a href=\"http:\/\/photostory.dk\/?page_id=584\">10<\/a> \u00a0<a href=\"http:\/\/photostory.dk\/?page_id=586\">11<\/a> \u00a0<a href=\"http:\/\/photostory.dk\/?page_id=595\">12<\/a> \u00a0<a href=\"http:\/\/photostory.dk\/?page_id=593\">13<\/a> \u00a0<a href=\"http:\/\/photostory.dk\/?page_id=590\">14<\/a> \u00a0<a href=\"http:\/\/photostory.dk\/?page_id=588\">15<\/a> \u00a0<a href=\"http:\/\/photostory.dk\/?page_id=547\">16<\/a><\/p>\n","protected":false},"excerpt":{"rendered":"<p>Fra opr\u00f8ret p\u00e5 St. Croix &#8220;Illustreret Tidende&#8221; november 1878. Kilde 12. Ved plantagen &#8220;Annas Hope&#8221; skete der d.3 okt. 1878 om morgenen et sammenst\u00f8d mellem opr\u00f8rerne og soldater fra Christianssted. Efterh\u00e5nden havde soldaterne f\u00e5et bugt med opr\u00f8rerne og om eftermiddagen n\u00e5ede soldaterne til den n\u00e6sten udbr\u00e6ndte by Frederikssted. Her var kommet yderlig forst\u00e6rkning tilstede i &hellip; <a href=\"https:\/\/www.photostory.dk\/?page_id=586\" class=\"more-link\">L\u00e6s mere <span class=\"screen-reader-text\">Sammenst\u00f8d ved plantagen  &#8220;Annas Hope&#8221; 3 okt. 1878 (11)<\/span><\/a><\/p>\n","protected":false},"author":1,"featured_media":0,"parent":0,"menu_order":0,"comment_status":"closed","ping_status":"closed","template":"","meta":[],"_links":{"self":[{"href":"https:\/\/www.photostory.dk\/index.php?rest_route=\/wp\/v2\/pages\/586"}],"collection":[{"href":"https:\/\/www.photostory.dk\/index.php?rest_route=\/wp\/v2\/pages"}],"about":[{"href":"https:\/\/www.photostory.dk\/index.php?rest_route=\/wp\/v2\/types\/page"}],"author":[{"embeddable":true,"href":"https:\/\/www.photostory.dk\/index.php?rest_route=\/wp\/v2\/users\/1"}],"replies":[{"embeddable":true,"href":"https:\/\/www.photostory.dk\/index.php?rest_route=%2Fwp%2Fv2%2Fcomments&post=586"}],"version-history":[{"count":3,"href":"https:\/\/www.photostory.dk\/index.php?rest_route=\/wp\/v2\/pages\/586\/revisions"}],"predecessor-version":[{"id":632,"href":"https:\/\/www.photostory.dk\/index.php?rest_route=\/wp\/v2\/pages\/586\/revisions\/632"}],"wp:attachment":[{"href":"https:\/\/www.photostory.dk\/index.php?rest_route=%2Fwp%2Fv2%2Fmedia&parent=586"}],"curies":[{"name":"wp","href":"https:\/\/api.w.org\/{rel}","templated":true}]}}