{"id":584,"date":"2016-12-29T13:44:26","date_gmt":"2016-12-29T13:44:26","guid":{"rendered":"http:\/\/photostory.dk\/?page_id=584"},"modified":"2016-12-29T14:51:51","modified_gmt":"2016-12-29T14:51:51","slug":"konsekvenserne-af-slaveriets-ophaevelse-og-oproeret-i-1878-10","status":"publish","type":"page","link":"https:\/\/www.photostory.dk\/?page_id=584","title":{"rendered":"Konsekvenserne af slaveriets oph\u00e6velse og opr\u00f8ret i 1878 (10)"},"content":{"rendered":"<p style=\"text-align: center;\"><a href=\"http:\/\/photostory.dk\/wp-content\/uploads\/2016\/12\/saintecroix.png\"><img decoding=\"async\" loading=\"lazy\" class=\"aligncenter wp-image-599 size-full\" src=\"http:\/\/photostory.dk\/wp-content\/uploads\/2016\/12\/saintecroix.png\" width=\"828\" height=\"458\" srcset=\"https:\/\/www.photostory.dk\/wp-content\/uploads\/2016\/12\/saintecroix.png 828w, https:\/\/www.photostory.dk\/wp-content\/uploads\/2016\/12\/saintecroix-295x163.png 295w, https:\/\/www.photostory.dk\/wp-content\/uploads\/2016\/12\/saintecroix-768x425.png 768w\" sizes=\"(max-width: 828px) 100vw, 828px\" \/><\/a>Gammel kort fra 1767 over \u00f8en Sainte Croix. Kilde: www. kb.dk 060112<\/p>\n<p>Efter slavernes frigivelse opstod der store problemer, b\u00e5de for den sorte &#8211; og den hvide mands befolkningsgruppe. Efter en periode med \u00f8get produktion kom der nedgangstider, da verdensmarkedet m\u00e6ttes med nye producenter af sukker. Dertil kommer, at plantageejerne efter proklamationen nu skulle udrede l\u00f8n til arbejderne, hvilket selvf\u00f8lgelig medf\u00f8rte en betydelig stigning af deres omkostninger ved produktionen af sukker, og udviklingen medf\u00f8rte for slaverne at de nu selv m\u00e5 betale for sygehj\u00e6lp, f\u00f8de o.s.v. De blev s\u00e5ledes p\u00e5 mange omr\u00e5der sp\u00e6ndt h\u00e5rdt for, da l\u00f8nnen p\u00e5 landet var lille. I h\u00e5bet om st\u00f8rre indtjeningsmuligheder begyndte der nu en udvandring fra land til by. Oveni alt dette kom at De vestindiske \u00d8er i denne periode plagedes af langvarige t\u00f8rkeperioder. Dette medvirkede til yderlig d\u00e5rligere k\u00e5r for begge parter, og negrene begyndte igen at blive opr\u00f8rslystne.<\/p>\n<p>Fra dansk side pr\u00f8vede man at rette \u00f8konomien op ved at rationalisere bl.a. ved at oprette f\u00e6lleskogerier (for sukkeret) til afl\u00f8sning for individuelle kogerier p\u00e5 plantagerne. Mange marknegre havde efterh\u00e5nden fundet ud af, at fabriksarbejderne i byerne fik en meget h\u00f8jere l\u00f8n end dem selv og utilfredsheden sk\u00e6rpedes yderligere. Da \u00f8konomien var sp\u00e6ndt, kunne der ikke gives mere i l\u00f8n, og dette forv\u00e6rrede situationen yderligere.<\/p>\n<p>Dette udl\u00f8ste et opr\u00f8r i oktober i 1878 p\u00e5 St.Croix. P\u00e5 skiftedagen den 1. okt. plejede der altid at v\u00e6re mange negre i byerne, Frederikssted og Christianssted. Mange pr\u00f8vede at f\u00e5 skibslejlighed til de omkringliggende \u00f8er, og henad eftermiddagen samledes en del utilfredse negre, der var godt i st\u00f8det efter at have drukket en del rom i Frederikssted. Mange pr\u00f8vede fra forskellig side at tysse gemytterne ned, men mishagsstemningen steg yderligt, da en af arbejderne faldt om i rendestenen, og derefter blev mishandlet af politiet. Politiet fors\u00f8gte at f\u00e5 flokken splittet og mishagsstemningen blandt arbejderne steg yderligere. Det lykkedes dog pr\u00e6sten du Bois at f\u00e5 talt gemytterne til ro da han lovede at ville forel\u00e6gge negrenes krav for myndighederne. &#8216;Negrene var bl.a. utilfredse med, at plantagenegrene fik mindre i betaling end sukkerkogeriets folk. \u00c5rskontrakterne var en ny form for slaveri, pasbestemmelserne ved udvandring var urimelige. Under m\u00f8det mellem du Bois og arbejderne kom en kvinde l\u00f8bende til og fortalte at manden, som politiet havde mishandlet, nu var d\u00f8d. Dette satte gemytterne i kog, og de rasende arbejdere begyndte at l\u00f8be mod fortet medbringende sten, som de fyrede l\u00f8s med. Fra fortet fyrede man advarselsskud, og stemningen steg yderligere. Opr\u00f8rene slog nu den ydre port p\u00e5 fortet ind, og da de snart efter fors\u00f8gte at sl\u00e5 den indre port ind, begyndte kugleregnen fra fortet. Politimesteren sendte nu med meget m\u00f8je og besv\u00e6r bud til Christianssted om forst\u00e6rkning. Man havde kun ca. 60 soldater og lidt ammunition og v\u00e5ben tilbage. Efter midnat fortsatte opr\u00f8rerne plyndringerne, mord og ildsp\u00e5s\u00e6ttelser, alt var kaos og opr\u00f8rerne s\u00f8gte if\u00f8lge kilderne at holde gejsten oppe med rom, som de stjal fra romboderne. De hvide s\u00f8gte ly i kirkerne og p\u00e5 skibe som l\u00e5 for anker i havnen. Den 2. oktober ved 18-tiden n\u00e5ede en forst\u00e6rkning p\u00e5 50 soldater fra Christianssted frem til Frederikssted. I Christianssted var man nu ogs\u00e5 ved at blive urolig ved situationen og man sendte folk ud for at beskytte byen, men opr\u00f8rerne var endnu ikke n\u00e5et dertil.<\/p>\n<p><strong>Sider:<\/strong> \u00a0<a href=\"http:\/\/photostory.dk\/?page_id=469\">0<\/a> \u00a0 <a href=\"http:\/\/photostory.dk\/?page_id=476\">1<\/a> \u00a0<a href=\"http:\/\/photostory.dk\/?page_id=490\">2<\/a> \u00a0<a href=\"http:\/\/photostory.dk\/?page_id=528\">3<\/a> \u00a0<a href=\"http:\/\/photostory.dk\/?page_id=532\">4<\/a> \u00a0<a href=\"http:\/\/photostory.dk\/?page_id=541\">5<\/a> \u00a0<a href=\"http:\/\/photostory.dk\/?page_id=551\">6<\/a> \u00a0<a href=\"http:\/\/photostory.dk\/?page_id=560\">7<\/a> \u00a0<a href=\"http:\/\/photostory.dk\/?page_id=566\">8<\/a> \u00a0<a href=\"http:\/\/photostory.dk\/?page_id=574\">9<\/a> \u00a0<a href=\"http:\/\/photostory.dk\/?page_id=584\">10<\/a> \u00a0<a href=\"http:\/\/photostory.dk\/?page_id=586\">11<\/a> \u00a0<a href=\"http:\/\/photostory.dk\/?page_id=595\">12<\/a> \u00a0<a href=\"http:\/\/photostory.dk\/?page_id=593\">13<\/a> \u00a0<a href=\"http:\/\/photostory.dk\/?page_id=590\">14<\/a> \u00a0<a href=\"http:\/\/photostory.dk\/?page_id=588\">15<\/a> \u00a0<a href=\"http:\/\/photostory.dk\/?page_id=547\">16<\/a><\/p>\n","protected":false},"excerpt":{"rendered":"<p>Gammel kort fra 1767 over \u00f8en Sainte Croix. Kilde: www. kb.dk 060112 Efter slavernes frigivelse opstod der store problemer, b\u00e5de for den sorte &#8211; og den hvide mands befolkningsgruppe. Efter en periode med \u00f8get produktion kom der nedgangstider, da verdensmarkedet m\u00e6ttes med nye producenter af sukker. Dertil kommer, at plantageejerne efter proklamationen nu skulle udrede &hellip; <a href=\"https:\/\/www.photostory.dk\/?page_id=584\" class=\"more-link\">L\u00e6s mere <span class=\"screen-reader-text\">Konsekvenserne af slaveriets oph\u00e6velse og opr\u00f8ret i 1878 (10)<\/span><\/a><\/p>\n","protected":false},"author":1,"featured_media":0,"parent":0,"menu_order":0,"comment_status":"closed","ping_status":"closed","template":"","meta":[],"_links":{"self":[{"href":"https:\/\/www.photostory.dk\/index.php?rest_route=\/wp\/v2\/pages\/584"}],"collection":[{"href":"https:\/\/www.photostory.dk\/index.php?rest_route=\/wp\/v2\/pages"}],"about":[{"href":"https:\/\/www.photostory.dk\/index.php?rest_route=\/wp\/v2\/types\/page"}],"author":[{"embeddable":true,"href":"https:\/\/www.photostory.dk\/index.php?rest_route=\/wp\/v2\/users\/1"}],"replies":[{"embeddable":true,"href":"https:\/\/www.photostory.dk\/index.php?rest_route=%2Fwp%2Fv2%2Fcomments&post=584"}],"version-history":[{"count":3,"href":"https:\/\/www.photostory.dk\/index.php?rest_route=\/wp\/v2\/pages\/584\/revisions"}],"predecessor-version":[{"id":631,"href":"https:\/\/www.photostory.dk\/index.php?rest_route=\/wp\/v2\/pages\/584\/revisions\/631"}],"wp:attachment":[{"href":"https:\/\/www.photostory.dk\/index.php?rest_route=%2Fwp%2Fv2%2Fmedia&parent=584"}],"curies":[{"name":"wp","href":"https:\/\/api.w.org\/{rel}","templated":true}]}}