{"id":566,"date":"2016-12-29T13:03:48","date_gmt":"2016-12-29T13:03:48","guid":{"rendered":"http:\/\/photostory.dk\/?page_id=566"},"modified":"2016-12-29T14:50:53","modified_gmt":"2016-12-29T14:50:53","slug":"slaveriet-ophaevelse-i-danmark-og-peter-von-scholten-8","status":"publish","type":"page","link":"https:\/\/www.photostory.dk\/?page_id=566","title":{"rendered":"Slaveriet oph\u00e6velse i Danmark og Peter von Scholten (8)"},"content":{"rendered":"<p>Slaveriet oph\u00e6velse i Danmark og Peter von Scholten.<\/p>\n<p>If\u00f8lge kilden: Sophie Petersens bog om &#8220;Danmarks gamle Tropekolonier&#8221; (7) gik det i denne periode for alvor tilbage med sukkereksporten. Denne pessimisme kan skyldes, at afs\u00e6tningen ikke l\u00e6ngere gik over K\u00f8benhavn. Herved fik de mange mellemhandlere hjemme i Danmark ikke l\u00e6ngere s\u00e5 gode indtjeningsmuligheder. For dem m\u00e5 perioden derfor have taget sig ud som en nedgangsperiode, mens den reelt for De vestindiske \u00d8er var en tid med \u00f8get produktion og gode afs\u00e6tningsmuligheder.<\/p>\n<p>I 1834 gik engl\u00e6nderne ind for slavernes frig\u00f8relse med en 3 &#8211; \u00e5rig overgangsperiode. Rygtet herom n\u00e5ede ogs\u00e5 til De vestindiske \u00d8er. Slaverne her blev modvillige og saboterede arbejdet. Som tidligere n\u00e6vnt blev slaveriet delvis oph\u00e6vet i Danmark omkring \u00e5r 1803. Dette skal dog forst\u00e5s s\u00e5ledes, at reformerne ikke var s\u00e5 vidtg\u00e5ende som de senere engelske. De bet\u00f8d ikke en fuldst\u00e6ndig frigivelse, idet dette ville betyde store \u00f8konomiske tab for plantageejerne og for staten.<\/p>\n<p style=\"text-align: center;\"><a href=\"http:\/\/photostory.dk\/wp-content\/uploads\/2016\/12\/015347.jpg\"><img decoding=\"async\" loading=\"lazy\" class=\"aligncenter wp-image-568 size-full\" src=\"http:\/\/photostory.dk\/wp-content\/uploads\/2016\/12\/015347.jpg\" width=\"450\" height=\"531\" srcset=\"https:\/\/www.photostory.dk\/wp-content\/uploads\/2016\/12\/015347.jpg 450w, https:\/\/www.photostory.dk\/wp-content\/uploads\/2016\/12\/015347-186x220.jpg 186w\" sizes=\"(max-width: 450px) 100vw, 450px\" \/><\/a><\/p>\n<p>Generalguvern\u00f8r p\u00e5 Saint Croix.\u00a0Peter Carl Frederik von Scholten.\u00a0F\u00f8dt 17 maj 1784 og d\u00f8d 26 januar 1854.\u00a0Litografi N.B.K. 1832.\u00a0Kilde: www. kb.dk 050112<\/p>\n<p>1835 blev Peter von Scholten generalguvern\u00f8r p\u00e5 De vestindiske \u00d8er. Dette bet\u00f8d en forbedring af slavernes vilk\u00e5r idet deres frig\u00f8relse var et af hans store m\u00e5l. &#8216;Efterh\u00e5nden var der opst\u00e5et en mellemklasse af delvis, frigivne slaver, og von Scholten s\u00e5 at dette skabte nye problemer, hvorfor han indf\u00f8rte visse reformer p\u00e5 det sociale omr\u00e5de. Mellemklassen blev besk\u00e6ftiget som skrivere og kopister, ligesom der ogs\u00e5 skete en reorganisering af negre til militsen, korpset og brandkorpset.<\/p>\n<p>De sociale reformer gik bl.a. ud p\u00e5 at straffene blev mildere og hviletiderne under arbejde l\u00e6ngere. Med landsskoleordningen af 1839 for Dansk Vestindien blev der desuden bygget 5 landsbyskoler p\u00e5 St. Croix.<\/p>\n<p><strong>Sider:<\/strong> \u00a0<a href=\"http:\/\/photostory.dk\/?page_id=469\">0<\/a> \u00a0 <a href=\"http:\/\/photostory.dk\/?page_id=476\">1<\/a> \u00a0<a href=\"http:\/\/photostory.dk\/?page_id=490\">2<\/a> \u00a0<a href=\"http:\/\/photostory.dk\/?page_id=528\">3<\/a> \u00a0<a href=\"http:\/\/photostory.dk\/?page_id=532\">4<\/a> \u00a0<a href=\"http:\/\/photostory.dk\/?page_id=541\">5<\/a> \u00a0<a href=\"http:\/\/photostory.dk\/?page_id=551\">6<\/a> \u00a0<a href=\"http:\/\/photostory.dk\/?page_id=560\">7<\/a> \u00a0<a href=\"http:\/\/photostory.dk\/?page_id=566\">8<\/a> \u00a0<a href=\"http:\/\/photostory.dk\/?page_id=574\">9<\/a> \u00a0<a href=\"http:\/\/photostory.dk\/?page_id=584\">10<\/a> \u00a0<a href=\"http:\/\/photostory.dk\/?page_id=586\">11<\/a> \u00a0<a href=\"http:\/\/photostory.dk\/?page_id=595\">12<\/a> \u00a0<a href=\"http:\/\/photostory.dk\/?page_id=593\">13<\/a> \u00a0<a href=\"http:\/\/photostory.dk\/?page_id=590\">14<\/a> \u00a0<a href=\"http:\/\/photostory.dk\/?page_id=588\">15<\/a> \u00a0<a href=\"http:\/\/photostory.dk\/?page_id=547\">16<\/a><\/p>\n","protected":false},"excerpt":{"rendered":"<p>Slaveriet oph\u00e6velse i Danmark og Peter von Scholten. If\u00f8lge kilden: Sophie Petersens bog om &#8220;Danmarks gamle Tropekolonier&#8221; (7) gik det i denne periode for alvor tilbage med sukkereksporten. Denne pessimisme kan skyldes, at afs\u00e6tningen ikke l\u00e6ngere gik over K\u00f8benhavn. Herved fik de mange mellemhandlere hjemme i Danmark ikke l\u00e6ngere s\u00e5 gode indtjeningsmuligheder. For dem m\u00e5 &hellip; <a href=\"https:\/\/www.photostory.dk\/?page_id=566\" class=\"more-link\">L\u00e6s mere <span class=\"screen-reader-text\">Slaveriet oph\u00e6velse i Danmark og Peter von Scholten (8)<\/span><\/a><\/p>\n","protected":false},"author":1,"featured_media":0,"parent":0,"menu_order":0,"comment_status":"closed","ping_status":"closed","template":"","meta":[],"_links":{"self":[{"href":"https:\/\/www.photostory.dk\/index.php?rest_route=\/wp\/v2\/pages\/566"}],"collection":[{"href":"https:\/\/www.photostory.dk\/index.php?rest_route=\/wp\/v2\/pages"}],"about":[{"href":"https:\/\/www.photostory.dk\/index.php?rest_route=\/wp\/v2\/types\/page"}],"author":[{"embeddable":true,"href":"https:\/\/www.photostory.dk\/index.php?rest_route=\/wp\/v2\/users\/1"}],"replies":[{"embeddable":true,"href":"https:\/\/www.photostory.dk\/index.php?rest_route=%2Fwp%2Fv2%2Fcomments&post=566"}],"version-history":[{"count":7,"href":"https:\/\/www.photostory.dk\/index.php?rest_route=\/wp\/v2\/pages\/566\/revisions"}],"predecessor-version":[{"id":629,"href":"https:\/\/www.photostory.dk\/index.php?rest_route=\/wp\/v2\/pages\/566\/revisions\/629"}],"wp:attachment":[{"href":"https:\/\/www.photostory.dk\/index.php?rest_route=%2Fwp%2Fv2%2Fmedia&parent=566"}],"curies":[{"name":"wp","href":"https:\/\/api.w.org\/{rel}","templated":true}]}}