{"id":547,"date":"2016-12-29T12:36:30","date_gmt":"2016-12-29T12:36:30","guid":{"rendered":"http:\/\/photostory.dk\/?page_id=547"},"modified":"2016-12-29T16:25:32","modified_gmt":"2016-12-29T16:25:32","slug":"kilder-oktobernegrenes-oproer-paa-st-croix-i-1878","status":"publish","type":"page","link":"https:\/\/www.photostory.dk\/?page_id=547","title":{"rendered":"Kilder: &#8220;Oktobernegrenes opr\u00f8r p\u00e5 St. Croix i 1878&#8221;"},"content":{"rendered":"<p><span style=\"font-size: 12pt;\">Kildehenvisninger til &#8220;Oktobernegrenes opr\u00f8r p\u00e5 St. Croix i 1878&#8221;<\/span><\/p>\n<p>( De i parentes angivne tal i kildehenvisningerne svarer til do. i teksten. Tallene i parentes i overskrift refererer til side nummer)<\/p>\n<p>Kildehenvisningerne v6er en del af en opgave udarbejdet af Lars Bj\u00f8rnsten i 1HF i 1971, som en del af HF &#8211; uddannelsen p\u00e5 K\u00f8benhavns Dag &#8211; Aftenseminarium i Skovlunde ved K\u00f8benhavn. Opgaven er opdelt p\u00e5 16 sider her p\u00e5 sitet og afsluttende med kildehenvisninger. Nogle af billederne er efterf\u00f8lgende tilf\u00f8jet.<\/p>\n<p><b>Plantageselskabet Dansk Vestindien a\/s , Beretning for 1908 og o 1907.<br \/>\nFr. Weiss Bogtrykkeri 1908 og 1909 Kbh.<\/b><\/p>\n<p>(1) Beretning for 1907<br \/>\n(2) Beretning for 1908. Foto 10 og 11.<\/p>\n<p><b>Danmarks gamle tropekolonier af Sophie Petersen, kommission: H. Hagerups Boghandel\u00a0 Kbh. 1946.<\/b><\/p>\n<p>(3) side 328<br \/>\n(7) side 342<br \/>\n(9) side 347f<br \/>\n(10) side 347f<\/p>\n<p><b>Vore gamle tropekolonier 2 Dansk Vestindien ved Gunnar Olsen m. fl.<br \/>\nWestermanns Forlag MCMLIII<\/b><\/p>\n<p>(4) side 126<br \/>\n(5) side 231<br \/>\n(6) side 279<br \/>\n(12) side 454<br \/>\n(17) side 47o<br \/>\n(18) side 474ff<br \/>\n<b>Finansministeriets vestindiske kontor, udskilte journalsager RATA reol 22tv fag c-d pk &#8220;Kommision og opr\u00f8r&#8221;<\/b><\/p>\n<p>(14) Kommisionsberetning 1 maj 1879 (koncept)<br \/>\n(15) Kommisionsberetning 1 maj 1879 (koncept)<br \/>\n(16) Kommisionens indkomne skrivelser 8 jan. 1879- 2o marts 1879.<br \/>\n<b>Den danske sukkerhandels og sukkerproduktions historie af P.P. Sveistrup og R. Willerslev, Nordisk Forlag 1945 , Bianco Lunos tryk Kbh.<\/b><\/p>\n<p>(8) side 165f.<\/p>\n<p><b>Dansk Vestindien af Kay Larsen 1666 &#8211; 1917, C.A. Reitzels Forlag Kbh. MCMXXVIII<\/b><\/p>\n<p>(13) side 3l0ff<\/p>\n<p><b>Dansk Vestindien af Ernst Mentze, C. Andersens Forlag, Det berl. Bogtryk.<\/b><\/p>\n<p>(11) side 129<\/p>\n<p><b>Atlanten (medlemsblad for foreningen &#8220;De danske Atlanterhavs\u00f8er&#8221; redigeret af Ib Windfeld) Bind IV 1915-1917, trykt hos Nielsen og Lydiche Kbh. 1917.<\/b><\/p>\n<p>(20) side 423<\/p>\n<p><b>De dansk-vestindiske \u00d8er af P. Andr\u00e6, Kj\u00f8benhavn ( hos C.A. Reitzel 1875) tryk: Bianco Lunos Bogtryk.<\/b><\/p>\n<p>(21) side 37<\/p>\n<p><b>Kilde til billede p\u00e5 side 0: <\/b>Wikipedia ( tilf\u00f8jet i 2012)<b><br \/>\n<\/b><\/p>\n<p><b>Vore gamle tropekolonier bd.3. af Fridlev Skrubbeltrang, Dansk Vestindien 1848 -188o, politiske brydninger og social uro, Fremad 1967.<\/b><\/p>\n<p><b>Vore gamle tropekolonier bd.2. af Jens Vib\u00e6k, Dansk Vestindien 1755 &#8211;<br \/>\n1848, Vestindiens storhedstid, Fremad 1966.<\/b><\/p>\n<p><strong>Sider:<\/strong> \u00a0<a href=\"http:\/\/photostory.dk\/?page_id=469\">0<\/a> \u00a0 <a href=\"http:\/\/photostory.dk\/?page_id=476\">1<\/a> \u00a0<a href=\"http:\/\/photostory.dk\/?page_id=490\">2<\/a> \u00a0<a href=\"http:\/\/photostory.dk\/?page_id=528\">3<\/a> \u00a0<a href=\"http:\/\/photostory.dk\/?page_id=532\">4<\/a> \u00a0<a href=\"http:\/\/photostory.dk\/?page_id=541\">5<\/a> \u00a0<a href=\"http:\/\/photostory.dk\/?page_id=551\">6<\/a> \u00a0<a href=\"http:\/\/photostory.dk\/?page_id=560\">7<\/a> \u00a0<a href=\"http:\/\/photostory.dk\/?page_id=566\">8<\/a> \u00a0<a href=\"http:\/\/photostory.dk\/?page_id=574\">9<\/a> \u00a0<a href=\"http:\/\/photostory.dk\/?page_id=584\">10<\/a> \u00a0<a href=\"http:\/\/photostory.dk\/?page_id=586\">11<\/a> \u00a0<a href=\"http:\/\/photostory.dk\/?page_id=595\">12<\/a> \u00a0<a href=\"http:\/\/photostory.dk\/?page_id=593\">13<\/a> \u00a0<a href=\"http:\/\/photostory.dk\/?page_id=590\">14<\/a> \u00a0<a href=\"http:\/\/photostory.dk\/?page_id=588\">15<\/a> \u00a0<a href=\"http:\/\/photostory.dk\/?page_id=547\">16<\/a><\/p>\n","protected":false},"excerpt":{"rendered":"<p>Kildehenvisninger til &#8220;Oktobernegrenes opr\u00f8r p\u00e5 St. Croix i 1878&#8221; ( De i parentes angivne tal i kildehenvisningerne svarer til do. i teksten. Tallene i parentes i overskrift refererer til side nummer) Kildehenvisningerne v6er en del af en opgave udarbejdet af Lars Bj\u00f8rnsten i 1HF i 1971, som en del af HF &#8211; uddannelsen p\u00e5 K\u00f8benhavns &hellip; <a href=\"https:\/\/www.photostory.dk\/?page_id=547\" class=\"more-link\">L\u00e6s mere <span class=\"screen-reader-text\">Kilder: &#8220;Oktobernegrenes opr\u00f8r p\u00e5 St. Croix i 1878&#8221;<\/span><\/a><\/p>\n","protected":false},"author":1,"featured_media":0,"parent":0,"menu_order":0,"comment_status":"closed","ping_status":"closed","template":"","meta":[],"_links":{"self":[{"href":"https:\/\/www.photostory.dk\/index.php?rest_route=\/wp\/v2\/pages\/547"}],"collection":[{"href":"https:\/\/www.photostory.dk\/index.php?rest_route=\/wp\/v2\/pages"}],"about":[{"href":"https:\/\/www.photostory.dk\/index.php?rest_route=\/wp\/v2\/types\/page"}],"author":[{"embeddable":true,"href":"https:\/\/www.photostory.dk\/index.php?rest_route=\/wp\/v2\/users\/1"}],"replies":[{"embeddable":true,"href":"https:\/\/www.photostory.dk\/index.php?rest_route=%2Fwp%2Fv2%2Fcomments&post=547"}],"version-history":[{"count":6,"href":"https:\/\/www.photostory.dk\/index.php?rest_route=\/wp\/v2\/pages\/547\/revisions"}],"predecessor-version":[{"id":639,"href":"https:\/\/www.photostory.dk\/index.php?rest_route=\/wp\/v2\/pages\/547\/revisions\/639"}],"wp:attachment":[{"href":"https:\/\/www.photostory.dk\/index.php?rest_route=%2Fwp%2Fv2%2Fmedia&parent=547"}],"curies":[{"name":"wp","href":"https:\/\/api.w.org\/{rel}","templated":true}]}}