{"id":541,"date":"2016-12-28T23:16:26","date_gmt":"2016-12-28T23:16:26","guid":{"rendered":"http:\/\/photostory.dk\/?page_id=541"},"modified":"2016-12-29T14:49:37","modified_gmt":"2016-12-29T14:49:37","slug":"efterlysning-af-bortloebne-slaver-i-gazette-23-januar-1771","status":"publish","type":"page","link":"https:\/\/www.photostory.dk\/?page_id=541","title":{"rendered":"Efterlysning af bortl\u00f8bne slaver i Gazette 23. januar 1771 (5)"},"content":{"rendered":"<p>At disse strafferegler skal tages alvorligt ses endvidere af at man s\u00e5gar efterlyser bortl\u00f8bne slaver for at straffe dem. Kilde 6.<\/p>\n<p><a href=\"http:\/\/photostory.dk\/wp-content\/uploads\/2016\/12\/st.croix-gazette-1771-avis.jpg\"><img decoding=\"async\" loading=\"lazy\" class=\"alignnone size-large wp-image-542\" src=\"http:\/\/photostory.dk\/wp-content\/uploads\/2016\/12\/st.croix-gazette-1771-avis-670x1024.jpg\" alt=\"\" width=\"660\" height=\"1009\" srcset=\"https:\/\/www.photostory.dk\/wp-content\/uploads\/2016\/12\/st.croix-gazette-1771-avis-670x1024.jpg 670w, https:\/\/www.photostory.dk\/wp-content\/uploads\/2016\/12\/st.croix-gazette-1771-avis-144x220.jpg 144w, https:\/\/www.photostory.dk\/wp-content\/uploads\/2016\/12\/st.croix-gazette-1771-avis-768x1174.jpg 768w, https:\/\/www.photostory.dk\/wp-content\/uploads\/2016\/12\/st.croix-gazette-1771-avis.jpg 1874w\" sizes=\"(max-width: 660px) 100vw, 660px\" \/><\/a><\/p>\n<p>Ovenst\u00e5ende er forsiden af Royal Danish American Gazette onsdag den 23. januar 1771 udgivet i Christianssted p\u00e5 St. Croix. Blandt annoncerne findes bl.a. indbydelse til slaveaktionerne, efterlysning af en bortl\u00f8ben slave og proklamaer fra folk, der agter at forlade \u00f8en.<\/p>\n<p><strong>Sider:<\/strong> \u00a0<a href=\"http:\/\/photostory.dk\/?page_id=469\">0<\/a> \u00a0 <a href=\"http:\/\/photostory.dk\/?page_id=476\">1<\/a> \u00a0<a href=\"http:\/\/photostory.dk\/?page_id=490\">2<\/a> \u00a0<a href=\"http:\/\/photostory.dk\/?page_id=528\">3<\/a> \u00a0<a href=\"http:\/\/photostory.dk\/?page_id=532\">4<\/a> \u00a0<a href=\"http:\/\/photostory.dk\/?page_id=541\">5<\/a> \u00a0<a href=\"http:\/\/photostory.dk\/?page_id=551\">6<\/a> \u00a0<a href=\"http:\/\/photostory.dk\/?page_id=560\">7<\/a> \u00a0<a href=\"http:\/\/photostory.dk\/?page_id=566\">8<\/a> \u00a0<a href=\"http:\/\/photostory.dk\/?page_id=574\">9<\/a> \u00a0<a href=\"http:\/\/photostory.dk\/?page_id=584\">10<\/a> \u00a0<a href=\"http:\/\/photostory.dk\/?page_id=586\">11<\/a> \u00a0<a href=\"http:\/\/photostory.dk\/?page_id=595\">12<\/a> \u00a0<a href=\"http:\/\/photostory.dk\/?page_id=593\">13<\/a> \u00a0<a href=\"http:\/\/photostory.dk\/?page_id=590\">14<\/a> \u00a0<a href=\"http:\/\/photostory.dk\/?page_id=588\">15<\/a> \u00a0<a href=\"http:\/\/photostory.dk\/?page_id=547\">16<\/a><\/p>\n","protected":false},"excerpt":{"rendered":"<p>At disse strafferegler skal tages alvorligt ses endvidere af at man s\u00e5gar efterlyser bortl\u00f8bne slaver for at straffe dem. Kilde 6. Ovenst\u00e5ende er forsiden af Royal Danish American Gazette onsdag den 23. januar 1771 udgivet i Christianssted p\u00e5 St. Croix. Blandt annoncerne findes bl.a. indbydelse til slaveaktionerne, efterlysning af en bortl\u00f8ben slave og proklamaer fra &hellip; <a href=\"https:\/\/www.photostory.dk\/?page_id=541\" class=\"more-link\">L\u00e6s mere <span class=\"screen-reader-text\">Efterlysning af bortl\u00f8bne slaver i Gazette 23. januar 1771 (5)<\/span><\/a><\/p>\n","protected":false},"author":1,"featured_media":0,"parent":0,"menu_order":0,"comment_status":"closed","ping_status":"closed","template":"","meta":[],"_links":{"self":[{"href":"https:\/\/www.photostory.dk\/index.php?rest_route=\/wp\/v2\/pages\/541"}],"collection":[{"href":"https:\/\/www.photostory.dk\/index.php?rest_route=\/wp\/v2\/pages"}],"about":[{"href":"https:\/\/www.photostory.dk\/index.php?rest_route=\/wp\/v2\/types\/page"}],"author":[{"embeddable":true,"href":"https:\/\/www.photostory.dk\/index.php?rest_route=\/wp\/v2\/users\/1"}],"replies":[{"embeddable":true,"href":"https:\/\/www.photostory.dk\/index.php?rest_route=%2Fwp%2Fv2%2Fcomments&post=541"}],"version-history":[{"count":3,"href":"https:\/\/www.photostory.dk\/index.php?rest_route=\/wp\/v2\/pages\/541\/revisions"}],"predecessor-version":[{"id":626,"href":"https:\/\/www.photostory.dk\/index.php?rest_route=\/wp\/v2\/pages\/541\/revisions\/626"}],"wp:attachment":[{"href":"https:\/\/www.photostory.dk\/index.php?rest_route=%2Fwp%2Fv2%2Fmedia&parent=541"}],"curies":[{"name":"wp","href":"https:\/\/api.w.org\/{rel}","templated":true}]}}