{"id":532,"date":"2016-12-28T23:04:59","date_gmt":"2016-12-28T23:04:59","guid":{"rendered":"http:\/\/photostory.dk\/?page_id=532"},"modified":"2016-12-29T14:49:13","modified_gmt":"2016-12-29T14:49:13","slug":"negerslavers-afstraffelse-i-det-17-aarhundrede","status":"publish","type":"page","link":"https:\/\/www.photostory.dk\/?page_id=532","title":{"rendered":"Negerslavers afstraffelse i det 17. \u00e5rhundrede (4)"},"content":{"rendered":"<p>Hvordan nogle af disse afstraffelser fandt sted p\u00e5 St. Croix i Dansk Vestindien ses af nedenst\u00e5ende fotos. Kilde 4\u00a0<img decoding=\"async\" loading=\"lazy\" class=\"size-large wp-image-534 aligncenter\" src=\"http:\/\/photostory.dk\/wp-content\/uploads\/2016\/12\/st.croix-negerafstraf1-1024x401.jpg\" alt=\"\" width=\"660\" height=\"258\" srcset=\"https:\/\/www.photostory.dk\/wp-content\/uploads\/2016\/12\/st.croix-negerafstraf1-1024x401.jpg 1024w, https:\/\/www.photostory.dk\/wp-content\/uploads\/2016\/12\/st.croix-negerafstraf1-295x116.jpg 295w, https:\/\/www.photostory.dk\/wp-content\/uploads\/2016\/12\/st.croix-negerafstraf1-768x301.jpg 768w, https:\/\/www.photostory.dk\/wp-content\/uploads\/2016\/12\/st.croix-negerafstraf1.jpg 1904w\" sizes=\"(max-width: 660px) 100vw, 660px\" \/><\/p>\n<p>Negerslavers afstraffelse i Vestindien i slutningen af det 17. \u00e5rhundrede. N\u00e5desl\u00f8st piskning for ops\u00e6tsighed, frugttyverier eller r\u00f8mningsfors\u00f8g var en j\u00e6vnligt forekommende begivenhed. I sidste tilf\u00e6lde m\u00e5tte hovedmanden dog som regel b\u00f8de med afhugning af det ene ben, en straf, der nedsatte hans arbejdsduelighed og derfor var mindre popul\u00e6r blandt slaveejerne. Den afbildede franske opfindelse med opbinding af slavens ene ben for at hindre r\u00f8mning har n\u00e6ppe vundet indpas i de danske kolonier.<\/p>\n<p><img decoding=\"async\" loading=\"lazy\" class=\"size-large wp-image-533 aligncenter\" src=\"http:\/\/photostory.dk\/wp-content\/uploads\/2016\/12\/st.croix-halsring-1024x601.jpg\" alt=\"\" width=\"660\" height=\"387\" srcset=\"https:\/\/www.photostory.dk\/wp-content\/uploads\/2016\/12\/st.croix-halsring-1024x601.jpg 1024w, https:\/\/www.photostory.dk\/wp-content\/uploads\/2016\/12\/st.croix-halsring-295x173.jpg 295w, https:\/\/www.photostory.dk\/wp-content\/uploads\/2016\/12\/st.croix-halsring-768x451.jpg 768w, https:\/\/www.photostory.dk\/wp-content\/uploads\/2016\/12\/st.croix-halsring.jpg 1051w\" sizes=\"(max-width: 660px) 100vw, 660px\" \/><\/p>\n<p>Halsring anvendt til slaver, der ofte s\u00f8gte at l\u00f8be bort. St. Croix. Modhagerne skulle forhindre flugt mellem t\u00e6tvoksende sukkerr\u00f8r. Kilde 5.<\/p>\n<p><strong>Sider:<\/strong> \u00a0<a href=\"http:\/\/photostory.dk\/?page_id=469\">0<\/a> \u00a0 <a href=\"http:\/\/photostory.dk\/?page_id=476\">1<\/a> \u00a0<a href=\"http:\/\/photostory.dk\/?page_id=490\">2<\/a> \u00a0<a href=\"http:\/\/photostory.dk\/?page_id=528\">3<\/a> \u00a0<a href=\"http:\/\/photostory.dk\/?page_id=532\">4<\/a> \u00a0<a href=\"http:\/\/photostory.dk\/?page_id=541\">5<\/a> \u00a0<a href=\"http:\/\/photostory.dk\/?page_id=551\">6<\/a> \u00a0<a href=\"http:\/\/photostory.dk\/?page_id=560\">7<\/a> \u00a0<a href=\"http:\/\/photostory.dk\/?page_id=566\">8<\/a> \u00a0<a href=\"http:\/\/photostory.dk\/?page_id=574\">9<\/a> \u00a0<a href=\"http:\/\/photostory.dk\/?page_id=584\">10<\/a> \u00a0<a href=\"http:\/\/photostory.dk\/?page_id=586\">11<\/a> \u00a0<a href=\"http:\/\/photostory.dk\/?page_id=595\">12<\/a> \u00a0<a href=\"http:\/\/photostory.dk\/?page_id=593\">13<\/a> \u00a0<a href=\"http:\/\/photostory.dk\/?page_id=590\">14<\/a> \u00a0<a href=\"http:\/\/photostory.dk\/?page_id=588\">15<\/a> \u00a0<a href=\"http:\/\/photostory.dk\/?page_id=547\">16<\/a><\/p>\n","protected":false},"excerpt":{"rendered":"<p>Hvordan nogle af disse afstraffelser fandt sted p\u00e5 St. Croix i Dansk Vestindien ses af nedenst\u00e5ende fotos. Kilde 4\u00a0 Negerslavers afstraffelse i Vestindien i slutningen af det 17. \u00e5rhundrede. N\u00e5desl\u00f8st piskning for ops\u00e6tsighed, frugttyverier eller r\u00f8mningsfors\u00f8g var en j\u00e6vnligt forekommende begivenhed. I sidste tilf\u00e6lde m\u00e5tte hovedmanden dog som regel b\u00f8de med afhugning af det ene &hellip; <a href=\"https:\/\/www.photostory.dk\/?page_id=532\" class=\"more-link\">L\u00e6s mere <span class=\"screen-reader-text\">Negerslavers afstraffelse i det 17. \u00e5rhundrede (4)<\/span><\/a><\/p>\n","protected":false},"author":1,"featured_media":0,"parent":0,"menu_order":0,"comment_status":"closed","ping_status":"closed","template":"","meta":[],"_links":{"self":[{"href":"https:\/\/www.photostory.dk\/index.php?rest_route=\/wp\/v2\/pages\/532"}],"collection":[{"href":"https:\/\/www.photostory.dk\/index.php?rest_route=\/wp\/v2\/pages"}],"about":[{"href":"https:\/\/www.photostory.dk\/index.php?rest_route=\/wp\/v2\/types\/page"}],"author":[{"embeddable":true,"href":"https:\/\/www.photostory.dk\/index.php?rest_route=\/wp\/v2\/users\/1"}],"replies":[{"embeddable":true,"href":"https:\/\/www.photostory.dk\/index.php?rest_route=%2Fwp%2Fv2%2Fcomments&post=532"}],"version-history":[{"count":4,"href":"https:\/\/www.photostory.dk\/index.php?rest_route=\/wp\/v2\/pages\/532\/revisions"}],"predecessor-version":[{"id":625,"href":"https:\/\/www.photostory.dk\/index.php?rest_route=\/wp\/v2\/pages\/532\/revisions\/625"}],"wp:attachment":[{"href":"https:\/\/www.photostory.dk\/index.php?rest_route=%2Fwp%2Fv2%2Fmedia&parent=532"}],"curies":[{"name":"wp","href":"https:\/\/api.w.org\/{rel}","templated":true}]}}