{"id":528,"date":"2016-12-28T17:14:01","date_gmt":"2016-12-28T17:14:01","guid":{"rendered":"http:\/\/photostory.dk\/?page_id=528"},"modified":"2016-12-29T14:48:30","modified_gmt":"2016-12-29T14:48:30","slug":"slaveoproeret-paa-st-jan-i-1733-og-konsekvenserne-heraf-3","status":"publish","type":"page","link":"https:\/\/www.photostory.dk\/?page_id=528","title":{"rendered":"Slaveopr\u00f8ret p\u00e5 St. Jan i 1733 og konsekvenserne heraf (3)"},"content":{"rendered":"<p style=\"text-align: center;\"><a href=\"http:\/\/photostory.dk\/wp-content\/uploads\/2016\/12\/st.croix-forvaltbolig-mtpl.jpg\"><img decoding=\"async\" loading=\"lazy\" class=\"alignnone wp-image-529 size-full\" src=\"http:\/\/photostory.dk\/wp-content\/uploads\/2016\/12\/st.croix-forvaltbolig-mtpl.jpg\" width=\"550\" height=\"410\" srcset=\"https:\/\/www.photostory.dk\/wp-content\/uploads\/2016\/12\/st.croix-forvaltbolig-mtpl.jpg 550w, https:\/\/www.photostory.dk\/wp-content\/uploads\/2016\/12\/st.croix-forvaltbolig-mtpl-295x220.jpg 295w\" sizes=\"(max-width: 550px) 100vw, 550px\" \/><\/a><\/p>\n<p style=\"text-align: center;\">Forvalterboligen p\u00e5 Mt. Pleasant Saint Croix \u00a0(Kilde 2)<\/p>\n<p style=\"text-align: left;\">Som det fremg\u00e5r af fotografiet ovenfor og p\u00e5 forrige side er der stor forskel p\u00e5 den hvide og den sorte mands bolig.<\/p>\n<p>Oplysningen om at der til negerlandsbyerne ofte h\u00f8rte et hospital og et asyl med l\u00e6ger, viser efter min mening ikke den h\u00f8je standard. Disse foranstaltninger s\u00e5 plantageejerne sandsynligvis som en n\u00f8dvendighed for at forhindre at hans arbejdere blev alvorligt syge, hvilket ville v\u00e6re et tab for ham. Til dette kan der yderligere siges, at man fra engelsk side adskillige gange har fremh\u00e6vet, at de dansk vestindiske \u00f8er stod h\u00f8jt med hensyn til behandlingen af slaverne. Dette ville jeg tolke derhen i at det er ligesom om, at engl\u00e6nderne er bange for at slaverne i Dansk Vestindien skulle f\u00e5 en h\u00f8jere social status end i de engelske kolonier. Hvis dette blev kendt i de engelske kolonier blandt slaverne, ville dette \u00f8ge (m\u00e5ske) uroen der, og m\u00e5ske betyde, at der ville udbryde et opr\u00f8r med en evt. efterf\u00f8lgende udvandring.<\/p>\n<p>Efter slaveopr\u00f8ret p\u00e5 St. Jan i 1733 blev der fastsat strenge straffe og sikkerhedsbestemmelser, som forholdsregler mod lignende opr\u00f8r p\u00e5 de andre \u00f8er. I stedet for at for\u00f8ge garnisonen og tilsynet med slaverne pr\u00f8vede man at holde slaverne i ave via de sk\u00e6rpede straffe. Det viste sig nemlig vanskeligt at f\u00e5 tilstr\u00e6kkeligt mange danskere til at tage til de vestindiske \u00f8er. Frygten for opstand overfor det sparsomme antal tilsynsf\u00f8rende p\u00e5 plantagerne resulterede i de meget r\u00e5 og brutale strafferegler. Her skal blot n\u00e6vnes nogle ganske f\u00e5 af disse straffe. Kilde: (3)<\/p>\n<p>\u00a71 &#8220;Hovedm\u00e6nd for bortl\u00f8bne eller bortl\u00f8bende negre skulle knibes 3 gange med gl\u00f8dende jern og der efter h\u00e6nges&#8221;.<\/p>\n<p>\u00a72 &#8220;En slave, som undviger, skal miste ben, eller hvis ejeren tilgiver ham, skal han miste et \u00f8re og tildeles 50 slag&#8221;.<\/p>\n<p>\u00a76 &#8220;En neger, som har stj\u00e5let for 4 Rdlrs v\u00e6rdi, skal knibes med gl\u00f8dende jern og h\u00e6nges, sm\u00e5 tyverier skulle straffes med br\u00e6ndem\u00e6rke i panden og fra 100 til 150 slag&#8221;.<\/p>\n<p>\u00a79 &#8220;Den neger, som i onde l\u00f8fter sin h\u00e5nd mod en blank eller truer ham<br \/>\neller giver ham knubbede ord, skal uden n\u00e5de knibes 3 gange og derefter h\u00e6nges, om den blanke det forlanger, hvis ikke, da skal han miste sin h\u00e5nd&#8221;.<\/p>\n<p>\u00a710 &#8220;En retskaffen blanks vidne skal v\u00e6re nok imod en neger, og om der var formodninger i sagen, m\u00e5 negeren s\u00e6ttes p\u00e5 porten&#8221;.<\/p>\n<p>\u00a711 &#8220;En neger, som kommer en blank i m\u00f8de p\u00e5 vejen, skal g\u00e5 til side og st\u00e5 stille, indtil den blanke er passeret ham forbi, under straf af en lussing af den blanke&#8221;.<\/p>\n<p>\u00a712 &#8220;Trolddom straffes med pisk&#8221;.<\/p>\n<p>\u00a716 &#8221; Al dans, fest, spil og deslige skal v\u00e6re negrene aldeles forbudet med mindre det sker med deres mesters eller mesterkn\u00e6gts samtykke og i deres n\u00e6rv\u00e6relse&#8221;.<\/p>\n<p><strong>Sider:<\/strong> \u00a0<a href=\"http:\/\/photostory.dk\/?page_id=469\">0<\/a> \u00a0 <a href=\"http:\/\/photostory.dk\/?page_id=476\">1<\/a> \u00a0<a href=\"http:\/\/photostory.dk\/?page_id=490\">2<\/a> \u00a0<a href=\"http:\/\/photostory.dk\/?page_id=528\">3<\/a> \u00a0<a href=\"http:\/\/photostory.dk\/?page_id=532\">4<\/a> \u00a0<a href=\"http:\/\/photostory.dk\/?page_id=541\">5<\/a> \u00a0<a href=\"http:\/\/photostory.dk\/?page_id=551\">6<\/a> \u00a0<a href=\"http:\/\/photostory.dk\/?page_id=560\">7<\/a> \u00a0<a href=\"http:\/\/photostory.dk\/?page_id=566\">8<\/a> \u00a0<a href=\"http:\/\/photostory.dk\/?page_id=574\">9<\/a> \u00a0<a href=\"http:\/\/photostory.dk\/?page_id=584\">10<\/a> \u00a0<a href=\"http:\/\/photostory.dk\/?page_id=586\">11<\/a> \u00a0<a href=\"http:\/\/photostory.dk\/?page_id=595\">12<\/a> \u00a0<a href=\"http:\/\/photostory.dk\/?page_id=593\">13<\/a> \u00a0<a href=\"http:\/\/photostory.dk\/?page_id=590\">14<\/a> \u00a0<a href=\"http:\/\/photostory.dk\/?page_id=588\">15<\/a> \u00a0<a href=\"http:\/\/photostory.dk\/?page_id=547\">16<\/a><\/p>\n","protected":false},"excerpt":{"rendered":"<p>Forvalterboligen p\u00e5 Mt. Pleasant Saint Croix \u00a0(Kilde 2) Som det fremg\u00e5r af fotografiet ovenfor og p\u00e5 forrige side er der stor forskel p\u00e5 den hvide og den sorte mands bolig. Oplysningen om at der til negerlandsbyerne ofte h\u00f8rte et hospital og et asyl med l\u00e6ger, viser efter min mening ikke den h\u00f8je standard. Disse foranstaltninger &hellip; <a href=\"https:\/\/www.photostory.dk\/?page_id=528\" class=\"more-link\">L\u00e6s mere <span class=\"screen-reader-text\">Slaveopr\u00f8ret p\u00e5 St. Jan i 1733 og konsekvenserne heraf (3)<\/span><\/a><\/p>\n","protected":false},"author":1,"featured_media":0,"parent":0,"menu_order":0,"comment_status":"closed","ping_status":"closed","template":"","meta":[],"_links":{"self":[{"href":"https:\/\/www.photostory.dk\/index.php?rest_route=\/wp\/v2\/pages\/528"}],"collection":[{"href":"https:\/\/www.photostory.dk\/index.php?rest_route=\/wp\/v2\/pages"}],"about":[{"href":"https:\/\/www.photostory.dk\/index.php?rest_route=\/wp\/v2\/types\/page"}],"author":[{"embeddable":true,"href":"https:\/\/www.photostory.dk\/index.php?rest_route=\/wp\/v2\/users\/1"}],"replies":[{"embeddable":true,"href":"https:\/\/www.photostory.dk\/index.php?rest_route=%2Fwp%2Fv2%2Fcomments&post=528"}],"version-history":[{"count":2,"href":"https:\/\/www.photostory.dk\/index.php?rest_route=\/wp\/v2\/pages\/528\/revisions"}],"predecessor-version":[{"id":624,"href":"https:\/\/www.photostory.dk\/index.php?rest_route=\/wp\/v2\/pages\/528\/revisions\/624"}],"wp:attachment":[{"href":"https:\/\/www.photostory.dk\/index.php?rest_route=%2Fwp%2Fv2%2Fmedia&parent=528"}],"curies":[{"name":"wp","href":"https:\/\/api.w.org\/{rel}","templated":true}]}}