{"id":469,"date":"2016-12-27T23:08:54","date_gmt":"2016-12-27T23:08:54","guid":{"rendered":"http:\/\/photostory.dk\/?page_id=469"},"modified":"2016-12-29T14:40:07","modified_gmt":"2016-12-29T14:40:07","slug":"oktobernegrenes-oproer-paa-st-croix-i-1878","status":"publish","type":"page","link":"https:\/\/www.photostory.dk\/?page_id=469","title":{"rendered":"Oktobernegrenes opr\u00f8r p\u00e5 St. Croix i 1878"},"content":{"rendered":"<p style=\"text-align: center;\"><a href=\"http:\/\/photostory.dk\/wp-content\/uploads\/2016\/12\/kort-St_Croix.jpg\"><img decoding=\"async\" loading=\"lazy\" class=\"alignnone size-full wp-image-473\" src=\"http:\/\/photostory.dk\/wp-content\/uploads\/2016\/12\/kort-St_Croix.jpg\" alt=\"\" width=\"800\" height=\"537\" srcset=\"https:\/\/www.photostory.dk\/wp-content\/uploads\/2016\/12\/kort-St_Croix.jpg 800w, https:\/\/www.photostory.dk\/wp-content\/uploads\/2016\/12\/kort-St_Croix-295x198.jpg 295w, https:\/\/www.photostory.dk\/wp-content\/uploads\/2016\/12\/kort-St_Croix-768x516.jpg 768w\" sizes=\"(max-width: 800px) 100vw, 800px\" \/><\/a>Gammelt kort over St. Croix<\/p>\n<p><strong>&#8220;Oktobernegrenes opr\u00f8r p\u00e5 St. Croix i 1878&#8221;\u00a0<\/strong><\/p>\n<p>&#8220;Oktobernegrenes opr\u00f8r p\u00e5 St. Croix i 1878&#8221; herunder en beskrivelse de sociale og arbejdsm\u00e6ssige forhold f\u00f8r og efter indf\u00f8relsen af slaver p\u00e5 St. Croix 1733 i Dansk Vestindien<\/p>\n<p><strong>Oversigt over indhold &#8220;Oktobernegrenes opr\u00f8r p\u00e5 St. Croix i 1878&#8221;<\/strong><\/p>\n<ol>\n<li><a href=\"http:\/\/photostory.dk\/?page_id=476\">Baggrund for emne og historisk indledning<\/a><\/li>\n<li><a href=\"http:\/\/photostory.dk\/?page_id=490\">Klassificeringen af slaverne p\u00e5 Saint Croix<\/a><\/li>\n<li><a href=\"http:\/\/photostory.dk\/?page_id=528\">Slaveopr\u00f8ret p\u00e5 St. Jan i 1733 og konsekvenserne heraf<\/a><\/li>\n<li><a href=\"http:\/\/photostory.dk\/?page_id=532\">Afstraffelsesmetoder af slaverne<\/a><\/li>\n<li><a href=\"http:\/\/photostory.dk\/?page_id=541\">Efterlysning af bortl\u00f8bne slaver i lokal avis<\/a><\/li>\n<li><a href=\"http:\/\/photostory.dk\/?page_id=551\">Efterlysningsannonce i avis indsat af Mary Alletta Heyliger<\/a><\/li>\n<li><a href=\"http:\/\/photostory.dk\/?page_id=560\">Leml\u00e6stelse af slaver og sukkerproduktionen<\/a><\/li>\n<li><a href=\"http:\/\/photostory.dk\/?page_id=566\">Slaveriet oph\u00e6velse i Danmark og Peter von Scholten<\/a><\/li>\n<li><a href=\"http:\/\/photostory.dk\/?page_id=574\">Proklamationen fra den 3. juli 1848 om oph\u00e6velse af slaveriet<\/a><\/li>\n<li><a href=\"http:\/\/photostory.dk\/?page_id=584\">Konsekvenserne af slaveriet oph\u00e6velse og opr\u00f8ret i 1878<\/a><\/li>\n<li><a href=\"http:\/\/photostory.dk\/?page_id=586\">Sammenst\u00f8d ved plantagen &#8220;Annas Hope&#8221; 3 okt. 1878 mellem soldater og opr\u00f8rere.<\/a><\/li>\n<li><a href=\"http:\/\/photostory.dk\/?page_id=595\">Opr\u00f8ret i oktober 1878 og f\u00f8lgerne heraf<\/a><\/li>\n<li><a href=\"http:\/\/photostory.dk\/?page_id=593\">St\u00f8rre selvbestemmelse og rettigheder for negrene<\/a><\/li>\n<li><a href=\"http:\/\/photostory.dk\/?page_id=590\">Reformer om bl.a. undervisning, arbejde og sundhed og bolig<\/a><\/li>\n<li><a href=\"http:\/\/photostory.dk\/?page_id=588\">Forholdet mellem hvide og sorte og herunder afslutning af opgave<\/a><\/li>\n<li><a href=\"http:\/\/photostory.dk\/?page_id=547\">Kildehenvisninger.<\/a><\/li>\n<\/ol>\n<p>Ovenst\u00e5ende er en del af en opgave udarbejdet af Lars Bj\u00f8rnsten i 1HF i 1971, som en del af HF &#8211; uddannelsen p\u00e5 K\u00f8benhavns Dag &#8211; Aftenseminarium i Skovlunde ved K\u00f8benhavn. Opgaven er opdelt p\u00e5 16 sider her p\u00e5 sitet og afsluttende med kildehenvisninger. Nogle af billederne er tilf\u00f8jet efterf\u00f8lgende. Vi havde i historie den dygtige, engagerede og karismatiske l\u00e6rer Vagn Oluf Nielsen, som d\u00f8de i 2008.<\/p>\n<p style=\"text-align: center;\">Lars Bj\u00f8rnsten Odense januar 2012<\/p>\n","protected":false},"excerpt":{"rendered":"<p>Gammelt kort over St. Croix &#8220;Oktobernegrenes opr\u00f8r p\u00e5 St. Croix i 1878&#8221;\u00a0 &#8220;Oktobernegrenes opr\u00f8r p\u00e5 St. Croix i 1878&#8221; herunder en beskrivelse de sociale og arbejdsm\u00e6ssige forhold f\u00f8r og efter indf\u00f8relsen af slaver p\u00e5 St. Croix 1733 i Dansk Vestindien Oversigt over indhold &#8220;Oktobernegrenes opr\u00f8r p\u00e5 St. Croix i 1878&#8221; Baggrund for emne og historisk &hellip; <a href=\"https:\/\/www.photostory.dk\/?page_id=469\" class=\"more-link\">L\u00e6s mere <span class=\"screen-reader-text\">Oktobernegrenes opr\u00f8r p\u00e5 St. Croix i 1878<\/span><\/a><\/p>\n","protected":false},"author":1,"featured_media":0,"parent":0,"menu_order":0,"comment_status":"closed","ping_status":"closed","template":"","meta":[],"_links":{"self":[{"href":"https:\/\/www.photostory.dk\/index.php?rest_route=\/wp\/v2\/pages\/469"}],"collection":[{"href":"https:\/\/www.photostory.dk\/index.php?rest_route=\/wp\/v2\/pages"}],"about":[{"href":"https:\/\/www.photostory.dk\/index.php?rest_route=\/wp\/v2\/types\/page"}],"author":[{"embeddable":true,"href":"https:\/\/www.photostory.dk\/index.php?rest_route=\/wp\/v2\/users\/1"}],"replies":[{"embeddable":true,"href":"https:\/\/www.photostory.dk\/index.php?rest_route=%2Fwp%2Fv2%2Fcomments&post=469"}],"version-history":[{"count":8,"href":"https:\/\/www.photostory.dk\/index.php?rest_route=\/wp\/v2\/pages\/469\/revisions"}],"predecessor-version":[{"id":619,"href":"https:\/\/www.photostory.dk\/index.php?rest_route=\/wp\/v2\/pages\/469\/revisions\/619"}],"wp:attachment":[{"href":"https:\/\/www.photostory.dk\/index.php?rest_route=%2Fwp%2Fv2%2Fmedia&parent=469"}],"curies":[{"name":"wp","href":"https:\/\/api.w.org\/{rel}","templated":true}]}}