{"id":396,"date":"2016-12-22T13:15:54","date_gmt":"2016-12-22T13:15:54","guid":{"rendered":"http:\/\/photostory.dk\/?page_id=396"},"modified":"2017-02-06T12:07:48","modified_gmt":"2017-02-06T12:07:48","slug":"egeskov-slot-paa-fyn","status":"publish","type":"page","link":"https:\/\/www.photostory.dk\/?page_id=396","title":{"rendered":"Egeskov slot p\u00e5 Fyn"},"content":{"rendered":"<p style=\"text-align: center;\"><a href=\"http:\/\/photostory.dk\/wp-content\/uploads\/2016\/12\/egeskov-fyn-001.jpg\"><img decoding=\"async\" loading=\"lazy\" class=\"size-large wp-image-398 aligncenter\" src=\"http:\/\/photostory.dk\/wp-content\/uploads\/2016\/12\/egeskov-fyn-001-1024x765.jpg\" alt=\"\" width=\"660\" height=\"493\" srcset=\"https:\/\/www.photostory.dk\/wp-content\/uploads\/2016\/12\/egeskov-fyn-001.jpg 1024w, https:\/\/www.photostory.dk\/wp-content\/uploads\/2016\/12\/egeskov-fyn-001-300x224.jpg 300w, https:\/\/www.photostory.dk\/wp-content\/uploads\/2016\/12\/egeskov-fyn-001-768x574.jpg 768w\" sizes=\"(max-width: 660px) 100vw, 660px\" \/><\/a><\/p>\n<p>Egeskov slot ligger i Kv\u00e6rndrup p\u00e5 Fyn. Slottet er Europas bedst bevarede vandborg og det kan dateres tilbage til 1400-tallet, selvom de bygninger vi kan se i dag er er opf\u00f8rt i 1554 af Frands Brockenhuus.<\/p>\n<p>Slottet er en vandborg, der st\u00e5r p\u00e5 egetr\u00e6sp\u00e6le i en s\u00f8. Det fort\u00e6lles, at der blev f\u00e6ldet en hel egeskov for at f\u00e5 nok materiale til byggeriet. Deraf navnet Egeskov. Slottet er bygget af munkesten med sine karakteristiske runde hj\u00f8rnet\u00e5rne.<\/p>\n<table>\n<tbody>\n<tr>\n<td><a href=\"http:\/\/photostory.dk\/wp-content\/uploads\/2016\/12\/egeskov-slot-001-1.jpg\"><img decoding=\"async\" loading=\"lazy\" class=\"alignnone size-full wp-image-2789\" src=\"http:\/\/photostory.dk\/wp-content\/uploads\/2016\/12\/egeskov-slot-001-1.jpg\" alt=\"\" width=\"1024\" height=\"765\" srcset=\"https:\/\/www.photostory.dk\/wp-content\/uploads\/2016\/12\/egeskov-slot-001-1.jpg 1024w, https:\/\/www.photostory.dk\/wp-content\/uploads\/2016\/12\/egeskov-slot-001-1-295x220.jpg 295w, https:\/\/www.photostory.dk\/wp-content\/uploads\/2016\/12\/egeskov-slot-001-1-768x574.jpg 768w\" sizes=\"(max-width: 1024px) 100vw, 1024px\" \/><\/a><\/td>\n<td><a href=\"http:\/\/photostory.dk\/wp-content\/uploads\/2016\/12\/egeskov-fyn-002-1.jpg\"><img decoding=\"async\" loading=\"lazy\" class=\"alignnone size-full wp-image-2788\" src=\"http:\/\/photostory.dk\/wp-content\/uploads\/2016\/12\/egeskov-fyn-002-1.jpg\" alt=\"\" width=\"1024\" height=\"765\" srcset=\"https:\/\/www.photostory.dk\/wp-content\/uploads\/2016\/12\/egeskov-fyn-002-1.jpg 1024w, https:\/\/www.photostory.dk\/wp-content\/uploads\/2016\/12\/egeskov-fyn-002-1-295x220.jpg 295w, https:\/\/www.photostory.dk\/wp-content\/uploads\/2016\/12\/egeskov-fyn-002-1-768x574.jpg 768w\" sizes=\"(max-width: 1024px) 100vw, 1024px\" \/><\/a><\/td>\n<\/tr>\n<\/tbody>\n<\/table>\n<p>Slottet er en stor turistattraktion p\u00e5 Fyn og rummer mange forskellige aktiviteter. Det er muligt at se slottet indvendig samt bes\u00f8ge parken og have. I avlsbygningerne findes et stor udstilling af gl. biler, motorcykler og knallerter. Desuden findes et landbrugsmuseum og meget mere p\u00e5 stedet.\u00a0H.C. Andersen har bes\u00f8gt slottet, se mere om dette <a href=\"http:\/\/www.hcandersen-homepage.dk\/?page_id=32589\">her!<\/a>Slottet har tilh\u00f8rt sl\u00e6gten Ahlefeldt-Laurvig-Bille siden 1784. Den nuv\u00e6rende ejer er Michael Ahlefeldt-Laurvig-Bille.<\/p>\n","protected":false},"excerpt":{"rendered":"<p>Egeskov slot ligger i Kv\u00e6rndrup p\u00e5 Fyn. Slottet er Europas bedst bevarede vandborg og det kan dateres tilbage til 1400-tallet, selvom de bygninger vi kan se i dag er er opf\u00f8rt i 1554 af Frands Brockenhuus. Slottet er en vandborg, der st\u00e5r p\u00e5 egetr\u00e6sp\u00e6le i en s\u00f8. Det fort\u00e6lles, at der blev f\u00e6ldet en hel &hellip; <a href=\"https:\/\/www.photostory.dk\/?page_id=396\" class=\"more-link\">L\u00e6s mere <span class=\"screen-reader-text\">Egeskov slot p\u00e5 Fyn<\/span><\/a><\/p>\n","protected":false},"author":1,"featured_media":0,"parent":0,"menu_order":0,"comment_status":"closed","ping_status":"closed","template":"","meta":[],"_links":{"self":[{"href":"https:\/\/www.photostory.dk\/index.php?rest_route=\/wp\/v2\/pages\/396"}],"collection":[{"href":"https:\/\/www.photostory.dk\/index.php?rest_route=\/wp\/v2\/pages"}],"about":[{"href":"https:\/\/www.photostory.dk\/index.php?rest_route=\/wp\/v2\/types\/page"}],"author":[{"embeddable":true,"href":"https:\/\/www.photostory.dk\/index.php?rest_route=\/wp\/v2\/users\/1"}],"replies":[{"embeddable":true,"href":"https:\/\/www.photostory.dk\/index.php?rest_route=%2Fwp%2Fv2%2Fcomments&post=396"}],"version-history":[{"count":22,"href":"https:\/\/www.photostory.dk\/index.php?rest_route=\/wp\/v2\/pages\/396\/revisions"}],"predecessor-version":[{"id":2791,"href":"https:\/\/www.photostory.dk\/index.php?rest_route=\/wp\/v2\/pages\/396\/revisions\/2791"}],"wp:attachment":[{"href":"https:\/\/www.photostory.dk\/index.php?rest_route=%2Fwp%2Fv2%2Fmedia&parent=396"}],"curies":[{"name":"wp","href":"https:\/\/api.w.org\/{rel}","templated":true}]}}