{"id":366,"date":"2016-12-21T16:19:37","date_gmt":"2016-12-21T16:19:37","guid":{"rendered":"http:\/\/photostory.dk\/?page_id=366"},"modified":"2016-12-21T20:35:54","modified_gmt":"2016-12-21T20:35:54","slug":"raadhuset-i-roskilde","status":"publish","type":"page","link":"https:\/\/www.photostory.dk\/?page_id=366","title":{"rendered":"R\u00e5dhuset i Roskilde"},"content":{"rendered":"<p style=\"text-align: center;\"><a href=\"http:\/\/photostory.dk\/wp-content\/uploads\/2016\/12\/roskilde-raadhus.jpg\"><img decoding=\"async\" loading=\"lazy\" class=\"alignnone size-large wp-image-367\" src=\"http:\/\/photostory.dk\/wp-content\/uploads\/2016\/12\/roskilde-raadhus-1024x855.jpg\" alt=\"\" width=\"660\" height=\"551\" srcset=\"https:\/\/www.photostory.dk\/wp-content\/uploads\/2016\/12\/roskilde-raadhus-1024x855.jpg 1024w, https:\/\/www.photostory.dk\/wp-content\/uploads\/2016\/12\/roskilde-raadhus-300x251.jpg 300w, https:\/\/www.photostory.dk\/wp-content\/uploads\/2016\/12\/roskilde-raadhus-768x641.jpg 768w, https:\/\/www.photostory.dk\/wp-content\/uploads\/2016\/12\/roskilde-raadhus.jpg 1285w\" sizes=\"(max-width: 660px) 100vw, 660px\" \/><\/a><\/p>\n<p style=\"text-align: center;\"><strong>Raadhuset i Roeskilde. <\/strong><\/p>\n<p>Opf\u00f8rt 1883, sammenbygget med Taarnet af den paa Reformationstiden\u00a0nedbr\u00e6ndte St. Laurentii Kirke.<\/p>\n<p>Roskilde R\u00e5dhus blev opf\u00f8rt i 1883 efter at man havde nedrevet det gamle r\u00e5dhus . Det blev bygget p\u00e5 resterne af den nedbr\u00e6ndte St. Laurentii Kirke. Denne kirke blev nedrevet i 1537 og desuden blev kirkeg\u00e5rden nedlagt og der var mulighed for at f\u00e5 et torv. Et stort nyt torvet blev p\u00e5 et tidspunkt en realitet og det ben\u00e6vnes i dag St\u00e6ndertorvet.<\/p>\n<p>Det nye r\u00e5dhus med sammenbygget med Sank Laurentii kirket\u00e5rn og s\u00e5ledes fik. Roskilde ogs\u00e5 et r\u00e5dhust\u00e5rn, som mange andre k\u00f8bst\u00e6der.<\/p>\n<p>Det nye r\u00e5dhus fra 1883 blev delvis bygget af penge ca. 20.000 kr. sk\u00e6nket af Otto Henrich Schmeltz, som var en rig bomuldsv\u00e6veriejer i Roskilde. Han har giver flere store donationer til byen Roskilde.<\/p>\n<p>R\u00e5dhuset ligger kun f\u00e5 hundrede meter fra domkirken, som er den tredje eller fjerde kirke p\u00e5 stedet. Startende med den tr\u00e6kirke som Harald Bl\u00e5tand, som d\u00f8de omkring \u00e5r 985 frem til 1170&#8217;erne, hvor biskop Absalon begyndte opf\u00f8relsen af den nuv\u00e6rende Roskilde Domkirke.<\/p>\n","protected":false},"excerpt":{"rendered":"<p>Raadhuset i Roeskilde. Opf\u00f8rt 1883, sammenbygget med Taarnet af den paa Reformationstiden\u00a0nedbr\u00e6ndte St. Laurentii Kirke. Roskilde R\u00e5dhus blev opf\u00f8rt i 1883 efter at man havde nedrevet det gamle r\u00e5dhus . Det blev bygget p\u00e5 resterne af den nedbr\u00e6ndte St. Laurentii Kirke. Denne kirke blev nedrevet i 1537 og desuden blev kirkeg\u00e5rden nedlagt og der var &hellip; <a href=\"https:\/\/www.photostory.dk\/?page_id=366\" class=\"more-link\">L\u00e6s mere <span class=\"screen-reader-text\">R\u00e5dhuset i Roskilde<\/span><\/a><\/p>\n","protected":false},"author":1,"featured_media":0,"parent":0,"menu_order":0,"comment_status":"closed","ping_status":"closed","template":"","meta":[],"_links":{"self":[{"href":"https:\/\/www.photostory.dk\/index.php?rest_route=\/wp\/v2\/pages\/366"}],"collection":[{"href":"https:\/\/www.photostory.dk\/index.php?rest_route=\/wp\/v2\/pages"}],"about":[{"href":"https:\/\/www.photostory.dk\/index.php?rest_route=\/wp\/v2\/types\/page"}],"author":[{"embeddable":true,"href":"https:\/\/www.photostory.dk\/index.php?rest_route=\/wp\/v2\/users\/1"}],"replies":[{"embeddable":true,"href":"https:\/\/www.photostory.dk\/index.php?rest_route=%2Fwp%2Fv2%2Fcomments&post=366"}],"version-history":[{"count":4,"href":"https:\/\/www.photostory.dk\/index.php?rest_route=\/wp\/v2\/pages\/366\/revisions"}],"predecessor-version":[{"id":375,"href":"https:\/\/www.photostory.dk\/index.php?rest_route=\/wp\/v2\/pages\/366\/revisions\/375"}],"wp:attachment":[{"href":"https:\/\/www.photostory.dk\/index.php?rest_route=%2Fwp%2Fv2%2Fmedia&parent=366"}],"curies":[{"name":"wp","href":"https:\/\/api.w.org\/{rel}","templated":true}]}}