{"id":3591,"date":"2017-02-19T11:58:38","date_gmt":"2017-02-19T11:58:38","guid":{"rendered":"http:\/\/photostory.dk\/?page_id=3591"},"modified":"2017-02-19T11:58:38","modified_gmt":"2017-02-19T11:58:38","slug":"baenk-boern-skraldespand-og-et-trae","status":"publish","type":"page","link":"https:\/\/www.photostory.dk\/?page_id=3591","title":{"rendered":"B\u00e6nk, b\u00f8rn, skraldespand og et tr\u00e6"},"content":{"rendered":"<p><a href=\"http:\/\/photostory.dk\/wp-content\/uploads\/2017\/02\/co-2_small.jpg\"><img decoding=\"async\" loading=\"lazy\" class=\"wp-image-3592 aligncenter\" src=\"http:\/\/photostory.dk\/wp-content\/uploads\/2017\/02\/co-2_small.jpg\" width=\"400\" height=\"559\" srcset=\"https:\/\/www.photostory.dk\/wp-content\/uploads\/2017\/02\/co-2_small.jpg 540w, https:\/\/www.photostory.dk\/wp-content\/uploads\/2017\/02\/co-2_small-157x220.jpg 157w\" sizes=\"(max-width: 400px) 100vw, 400px\" \/><\/a><\/p>\n<p>Tegning: B\u00e6nk med to b\u00f8rn flankeret af en skraldespand og et tr\u00e6. B\u00f8rnene p\u00e5 b\u00e6nken kigger udover havet mod solen<\/p>\n<p>\u201cCosta Karlslunde Digte 1981\u201d var en del af et undervisningsprojekt i 1981 p\u00e5 Karlslunde Skole om lokalmilj\u00f8er i bl.a. Aved\u00f8re, Lyngby og Karlslunde. De her gengivne digte m.m. er fra Karlslunde og omegn og udf\u00f8rt af eleverne fra 5, 6 og 7. klasse. De er efterf\u00f8lgende udgivet p\u00e5 internettet af Lars Bj\u00f8rnsten til inspiration for andre.<\/p>\n<p style=\"text-align: center;\"><a href=\"http:\/\/photostory.dk\/?page_id=835\">Oversigt over Costa Karlslunde Digte 1981. Skoledigte<\/a><\/p>\n","protected":false},"excerpt":{"rendered":"<p>Tegning: B\u00e6nk med to b\u00f8rn flankeret af en skraldespand og et tr\u00e6. B\u00f8rnene p\u00e5 b\u00e6nken kigger udover havet mod solen \u201cCosta Karlslunde Digte 1981\u201d var en del af et undervisningsprojekt i 1981 p\u00e5 Karlslunde Skole om lokalmilj\u00f8er i bl.a. Aved\u00f8re, Lyngby og Karlslunde. De her gengivne digte m.m. er fra Karlslunde og omegn og udf\u00f8rt &hellip; <a href=\"https:\/\/www.photostory.dk\/?page_id=3591\" class=\"more-link\">L\u00e6s mere <span class=\"screen-reader-text\">B\u00e6nk, b\u00f8rn, skraldespand og et tr\u00e6<\/span><\/a><\/p>\n","protected":false},"author":1,"featured_media":0,"parent":0,"menu_order":0,"comment_status":"closed","ping_status":"closed","template":"","meta":[],"_links":{"self":[{"href":"https:\/\/www.photostory.dk\/index.php?rest_route=\/wp\/v2\/pages\/3591"}],"collection":[{"href":"https:\/\/www.photostory.dk\/index.php?rest_route=\/wp\/v2\/pages"}],"about":[{"href":"https:\/\/www.photostory.dk\/index.php?rest_route=\/wp\/v2\/types\/page"}],"author":[{"embeddable":true,"href":"https:\/\/www.photostory.dk\/index.php?rest_route=\/wp\/v2\/users\/1"}],"replies":[{"embeddable":true,"href":"https:\/\/www.photostory.dk\/index.php?rest_route=%2Fwp%2Fv2%2Fcomments&post=3591"}],"version-history":[{"count":1,"href":"https:\/\/www.photostory.dk\/index.php?rest_route=\/wp\/v2\/pages\/3591\/revisions"}],"predecessor-version":[{"id":3594,"href":"https:\/\/www.photostory.dk\/index.php?rest_route=\/wp\/v2\/pages\/3591\/revisions\/3594"}],"wp:attachment":[{"href":"https:\/\/www.photostory.dk\/index.php?rest_route=%2Fwp%2Fv2%2Fmedia&parent=3591"}],"curies":[{"name":"wp","href":"https:\/\/api.w.org\/{rel}","templated":true}]}}