{"id":3586,"date":"2017-02-19T11:54:23","date_gmt":"2017-02-19T11:54:23","guid":{"rendered":"http:\/\/photostory.dk\/?page_id=3586"},"modified":"2017-02-19T11:54:44","modified_gmt":"2017-02-19T11:54:44","slug":"karlslunde-langt-vaek-fra-byen-byen-med-liv-i-og-verdens-bedste-by","status":"publish","type":"page","link":"https:\/\/www.photostory.dk\/?page_id=3586","title":{"rendered":"Karlslunde, langt v\u00e6k fra byen, byen med liv i og verdens bedste by"},"content":{"rendered":"<p style=\"text-align: center;\"><a href=\"http:\/\/photostory.dk\/wp-content\/uploads\/2017\/02\/co-1_small.jpg\"><img decoding=\"async\" loading=\"lazy\" class=\"size-full wp-image-3587 aligncenter\" src=\"http:\/\/photostory.dk\/wp-content\/uploads\/2017\/02\/co-1_small.jpg\" alt=\"\" width=\"540\" height=\"378\" srcset=\"https:\/\/www.photostory.dk\/wp-content\/uploads\/2017\/02\/co-1_small.jpg 540w, https:\/\/www.photostory.dk\/wp-content\/uploads\/2017\/02\/co-1_small-295x207.jpg 295w\" sizes=\"(max-width: 540px) 100vw, 540px\" \/><\/a><\/p>\n<p style=\"text-align: center;\">Tegning: Costa Karlslunde, langt v\u00e6k fra byen, byen med liv i , verdens bedste by<\/p>\n<p>\u201cCosta Karlslunde Digte 1981\u201d var en del af et undervisningsprojekt i 1981 p\u00e5 Karlslunde Skole om lokalmilj\u00f8er i bl.a. Aved\u00f8re, Lyngby og Karlslunde. De her gengivne digte m.m. er fra Karlslunde og omegn og udf\u00f8rt af eleverne fra 5, 6 og 7. klasse. De er efterf\u00f8lgende udgivet p\u00e5 internettet af Lars Bj\u00f8rnsten til inspiration for andre.<\/p>\n<p style=\"text-align: center;\"><a href=\"http:\/\/photostory.dk\/?page_id=835\">Oversigt over Costa Karlslunde Digte 1981. Skoledigte<\/a><\/p>\n","protected":false},"excerpt":{"rendered":"<p>Tegning: Costa Karlslunde, langt v\u00e6k fra byen, byen med liv i , verdens bedste by \u201cCosta Karlslunde Digte 1981\u201d var en del af et undervisningsprojekt i 1981 p\u00e5 Karlslunde Skole om lokalmilj\u00f8er i bl.a. Aved\u00f8re, Lyngby og Karlslunde. De her gengivne digte m.m. er fra Karlslunde og omegn og udf\u00f8rt af eleverne fra 5, 6 &hellip; <a href=\"https:\/\/www.photostory.dk\/?page_id=3586\" class=\"more-link\">L\u00e6s mere <span class=\"screen-reader-text\">Karlslunde, langt v\u00e6k fra byen, byen med liv i og verdens bedste by<\/span><\/a><\/p>\n","protected":false},"author":1,"featured_media":0,"parent":0,"menu_order":0,"comment_status":"closed","ping_status":"closed","template":"","meta":[],"_links":{"self":[{"href":"https:\/\/www.photostory.dk\/index.php?rest_route=\/wp\/v2\/pages\/3586"}],"collection":[{"href":"https:\/\/www.photostory.dk\/index.php?rest_route=\/wp\/v2\/pages"}],"about":[{"href":"https:\/\/www.photostory.dk\/index.php?rest_route=\/wp\/v2\/types\/page"}],"author":[{"embeddable":true,"href":"https:\/\/www.photostory.dk\/index.php?rest_route=\/wp\/v2\/users\/1"}],"replies":[{"embeddable":true,"href":"https:\/\/www.photostory.dk\/index.php?rest_route=%2Fwp%2Fv2%2Fcomments&post=3586"}],"version-history":[{"count":2,"href":"https:\/\/www.photostory.dk\/index.php?rest_route=\/wp\/v2\/pages\/3586\/revisions"}],"predecessor-version":[{"id":3590,"href":"https:\/\/www.photostory.dk\/index.php?rest_route=\/wp\/v2\/pages\/3586\/revisions\/3590"}],"wp:attachment":[{"href":"https:\/\/www.photostory.dk\/index.php?rest_route=%2Fwp%2Fv2%2Fmedia&parent=3586"}],"curies":[{"name":"wp","href":"https:\/\/api.w.org\/{rel}","templated":true}]}}