{"id":358,"date":"2016-12-21T16:08:02","date_gmt":"2016-12-21T16:08:02","guid":{"rendered":"http:\/\/photostory.dk\/?page_id=358"},"modified":"2016-12-21T16:14:24","modified_gmt":"2016-12-21T16:14:24","slug":"sangen-om-at-vaere-ung-i-langeskov","status":"publish","type":"page","link":"https:\/\/www.photostory.dk\/?page_id=358","title":{"rendered":"Sangen om at v\u00e6re ung i Langeskov"},"content":{"rendered":"<p>En sang om at v\u00e6re ung i Langeskov \u00e5r 1990. Sangen er skrevet af elever i 10. kl. og l\u00e6rere p\u00e5 Bakkeg\u00e5rdsskolen*) i Langeskov. Materialet er udarbejdet som en del af en konkurrence som amtscentralen for undervisning i Fyns Amt udskrev i 2009 og med aflevering senest 1. maj 1990. Der var en videokonkurrence med temaet &#8220;B\u00f8rn og unges livsvilk\u00e5r i lokalsamfundet&#8221;. Filmen er opbygget omkring den skrevne sang &#8220;Ingen dans p\u00e5 roser&#8221;. Et projekt som de unge ,som er n\u00e6vnt nedenfor, gik op i med liv og sj\u00e6l.<\/p>\n<p>Filmen og materialet er i afleveret til biblioteket &#8211; lokalarkivet i Langeskov i 1990<\/p>\n<p>Sangen er en del af et projekt om Langeskov herunder en videofilm optaget i 1990, som skulle v\u00e6re p\u00e5 lokalarkivet i Langeskov.<\/p>\n<p>*) Bakkeg\u00e5rdsskolen R\u00f8nningevej 38 5550 Langeskov. Skolen l\u00e5 i den tidlige Langeskov Kommune, som nu er indlemmet i Kerteminde Kommune. Den 1. august 2006 blev skolen nedlagt, da Langeskov Skole blev en realitet ved en sammenl\u00e6gning af Pileg\u00e5rdsskolen og Bakkeg\u00e5rdsskolen.<\/p>\n<p>Lars Bj\u00f8rnsten<\/p>\n<p><strong>Ingen dans p\u00e5 roser<\/strong><br \/>\nMel. Hungry heart<\/p>\n<p>B\u00f8rn og unge her i Langeskov,<br \/>\nde sidder rundt omkring p\u00e5 vores torv.<br \/>\nBoogie Niels han danser og er smart,<br \/>\ndet synes alle sammen er s\u00e5 rart.<\/p>\n<p>P\u00e5 vores skole er, der masser af sjov,<br \/>\nvi laver vandkamp uden at f\u00e5 lov.<br \/>\nFlippere dem har vi nogle af,<br \/>\nde sidder bare der og driver den af.<\/p>\n<p>Omkv\u00e6d:<br \/>\nVi har alle sammen brug for dig,<br \/>\nvi har alle sammen brug for dig.<br \/>\nS\u00e5 kom til Langeskov og dans med mig,<br \/>\ns\u00e5 kom til Langeskov og dans, dans, dans med mig.<\/p>\n<p>Ikke nogen halfest her vi har,<br \/>\nhalbestyrelsen holder os for nar.<br \/>\nHallen den er ny og alt for fin,<br \/>\ntil sangere, glade folk og vin.<\/p>\n<p>I vores fritid dyrker vi lidt sport,<br \/>\nfodbold h\u00e5ndbold det kan v\u00e6re h\u00e5rdt.<br \/>\nMange st\u00e6vner tit vi holder her,<br \/>\ng\u00e6ster kommer b\u00e5de fra fjern og n\u00e6r.<\/p>\n<p>Mange b\u00f8rn vi har i Langeskov,<br \/>\nde bliver passet og de har det sjovt.<br \/>\nDe har en legeplads med masser af ting,<br \/>\ngynger, bolde og en boksering.<\/p>\n<p>Omkv\u00e6d:<br \/>\nVi har alle sammen brug for dig,<br \/>\nvi har alle sammen brug for dig.<br \/>\nS\u00e5 kom til Langeskov og dans med mig,<br \/>\ns\u00e5 kom til Langeskov og dans, dans, dans med mig.<\/p>\n<p>Efter skole har de fleste et job,<br \/>\nde tjener penge og de har det godt.<br \/>\nL\u00f8rdag aften g\u00e5r vi alle til bal,<br \/>\nmen desv\u00e6rre ikke i vores hal.<\/p>\n<p>To klubber her vi har i vores by,<br \/>\nvi har en gammel og vi har en ny.<br \/>\nVi spiller h\u00f8jt musik og spiller kort,<br \/>\nselvom klubfesten er g\u00e5et bort.<\/p>\n<p>Omkv\u00e6d:<br \/>\nVi har alle sammen brug for dig,<br \/>\nvi har alle sammen brug for dig.<br \/>\nS\u00e5 kom til Langeskov og dans med mig,<br \/>\ns\u00e5 kom til Langeskov og dans, dans, dans med mig.<\/p>\n<p>I ungdomsskolen tager vi p\u00e5 tur,<br \/>\nNew York, Paris det er noget der duer.<br \/>\nI p\u00e5skeferien tager vi af sted,<br \/>\nlangturschauff\u00f8ren han er ogs\u00e5 med.<\/p>\n<p>Ingen dans p\u00e5 roser ingen sjov,<br \/>\ndet er ikke for at v\u00e6re grov.<br \/>\nMen vi syn&#8217;s de unge&#8217; skal ha&#8217; lov,<br \/>\ntil at more sig i Langeskov.<\/p>\n<p>Omkv\u00e6d:<br \/>\nVi har alle sammen brug for dig,<br \/>\nvi har alle sammen brug for dig.<br \/>\nS\u00e5 kom til Langeskov og dans med mig,<br \/>\ns\u00e5 kom til Langeskov og dans, dans, dans med mig.<\/p>\n<p>Drejebog for film om &#8220;B\u00f8rn og unges livsvilk\u00e5r i lokalsamfundet&#8221; 1990<\/p>\n<p>Grupperne i 10. klasse<\/p>\n<p>Aftalegruppe : Heine, Claus, Manja, og Pia R.<br \/>\nKostumegruppe Klemme, Mette G, Jeanette, og Pia.<br \/>\nLydgruppe : Tomas Bo, Christian, og Thomas G.<br \/>\nKameragruppe : Jens, Chris, og Lars B.<br \/>\nMusikgruppe : Ole, Peder, og Tinna J.<\/p>\n<p>Arbejdsopgaver<\/p>\n<p>1. Lave titelskilte.<br \/>\n2. Aftale vedr\u00f8rende optagelserne p\u00e5 Silo.<br \/>\n3. \u00d8l, sodavand, chips, ghettoblaster og hund.<br \/>\n4. Brunsviger.<br \/>\n5. Aftale med Bogie Niels.<br \/>\n6. Skilt med velkommen til Langeskov (graves )<br \/>\n7. Tilladelse til at grave skiltet op og ned.<br \/>\n8. K\u00f8be flag og balloner.<br \/>\n9. Pia 4 \u00e5r ( Jeanette aftaler + trehjulet cykel.<br \/>\n10. Lav en stor finger \/ h\u00e5nd.<br \/>\n11. Mette Gluds\u00f8 flipper + Pia.<br \/>\n12. Hvor er der halfest? ( tilladelse til at filme. )<br \/>\n13. Manja og Pia kl\u00e6des ud som reng\u00f8ringskoner.<br \/>\n14. Peder inspekt\u00f8ren ( tr\u00e6ffer evt. aftaler )<br \/>\n15. Mette og Mette d\u00e6kker bord og sidder ved det. Bagefter g\u00e5r de ud.<br \/>\n16. Cykel med st\u00f8thjul + barn ??<br \/>\n17. BMX Manjas lille Steffen.<br \/>\n18. Anders And ur ?<br \/>\n19. Hvorn\u00e5r spilles fodbold ?<br \/>\n20. Hvorn\u00e5r spilles h\u00e5ndbold ?<br \/>\n21. Peders lilles\u00f8sters Sissel juniorcykel.<br \/>\n22. Aftale med b\u00f8rnehave.<br \/>\n23. Aftale med dagpleje.<br \/>\n24. Lav en boksering + to s\u00e6t boksehandsker.<br \/>\n25. Find b\u00f8rnene.<br \/>\n26. En rigtig herrecykel ( Peder )<br \/>\n27. Pengesedler,<br \/>\n28. Afrivningskalender.<br \/>\n29. Slips + butterfly.<br \/>\n30. En hal hvor der er fest.<br \/>\n31. Racercykel ( Heine )<br \/>\n32. Knallert ( Mette Gluds\u00f8 )<br \/>\n33. Flyveplads Beldringe.<br \/>\n34. Billeder fra New York og Paris.<br \/>\n35. P\u00e5ske\u00e6g og kyllinger.<br \/>\n36. Skaf motorcykel (m\u00e5ske Mette Gluds\u00f8 )<\/p>\n<p>Titel: Ingen dans p\u00e5 roser<\/p>\n<p>Vers 1<\/p>\n<p>001. klip<br \/>\n002. klip skiltet &#8220;velkommen til Langeskov&#8221;<br \/>\n003. klip Langeskov set fra silo (360&#8242; rundt)<br \/>\n004. klip Fra silo zoomer mod (midt af center)<br \/>\n005. klip Langeskov center skilt.<br \/>\n006. klip Oversigtsbillede, hvor vi ser unge \/ b\u00f8rn p\u00e5 torvet.<br \/>\n007. klip To unge, der drikker \u00f8l \/ + ryger.<br \/>\n008. klip To unge, der drikker sodavand og spiser chips.<br \/>\n009. klip En der sidder og rokker til en ghettoblaster (afspiller vores musik)<br \/>\n010. klip En der spiser brunsviger.<br \/>\n011. klip To der sidder og snakker.<br \/>\n012. klip En, der har hund med.<br \/>\n013. klip Ser boogie Niels danse (helfigur)<br \/>\n014. klip N\u00e6rbillede af hoved.<br \/>\n015. klip N\u00e6rbillede af f\u00f8dder der danser.<br \/>\n016. klip N\u00e6rbillede af h\u00e6nderne.<br \/>\n017. klip Niels med unge rundt om sig, der morer sig.<br \/>\n018. klip Unge der griner ( der morer sig)<br \/>\nOmkv\u00e6d start<\/p>\n<p>019. klip To, der arbejder med at grave Langeskov skiltet op,<br \/>\n020. klip To, der s\u00e6tter &#8220;nyt skilt&#8221; &#8220;velkommen til Langeskov&#8221; i jorden<br \/>\n021. klip Fokus p\u00e5 skiltet.<br \/>\n022. klip Tr\u00e6kker v\u00e6k fra skiltet, ser unge med flag, balloner, st\u00e5r og synger<br \/>\n023. klip Unge med flag og balloner.<br \/>\n024. klip Fokusere p\u00e5 to unge. Flag og balloner der synger.<\/p>\n<p>Omkv\u00e6d slut<\/p>\n<p>Klip 25 &#8211; 27 skal komme f\u00f8r omkv\u00e6det.<\/p>\n<p>25. klip Jernbanen &#8211; Vi ser et barn p\u00e5 en trehjulet cykel komme mod<br \/>\n26. klip Vi ser toget k\u00f8rer hurtigt forbi.<br \/>\n27. klip Bommene g\u00e5r op og pigen k\u00f8rer videre.<\/p>\n<p>Vers 2<\/p>\n<p>28. klip Vi ser hele skolen fra R\u00f8ningevej<br \/>\n29. klip og &#8220;b\u00f8rn&#8221; der leger i sandkassen.<br \/>\n30. klip Vi ser n\u00e6rbillede af kager, der laves og bliver \u00f8delagt.<br \/>\n31. klip N\u00e6rbillede af en der k\u00f8rer med bil.<br \/>\n32. klip Zoom v\u00e6k fra sandkassen .<br \/>\n33. klip P\u00e5 lang afstand ser vi skolepatrulje.<br \/>\n34. klip. Zoom videre p\u00e5 nogle der regulere trafikken (en der g\u00e5r med en<br \/>\nvandkande.)<br \/>\n35.klip En der vander blomster.<br \/>\n36. klip En der skubber til vedkommende der vander.<br \/>\n37. klip N\u00e6ste retter vandkanden mod den skubbende person.<br \/>\n38. klip Vi ser fem der st\u00e5r og spr\u00f8jter p\u00e5 hinanden i klassen.<br \/>\n39. klip Inspekt\u00f8ren st\u00e5r i d\u00f8ren med fingeren alt stopper.<br \/>\n40. klip N\u00e6rbillede af en flipper ( Mette G )<br \/>\n41. klip N\u00e6rbillede af en flipper (Pia)<br \/>\n42. klip N\u00e6rbillede af en flipper ( Mette tager en med )<br \/>\nVers 3<\/p>\n<p>43. klip Vi ser ud over en hal, hvor der er fest og musik.<br \/>\n44. klip Skilt med Langeskov fokus p\u00e5 nogle unge og zoom ud.<br \/>\n45. klip Skilt med Langeskovhallen (fokus)<br \/>\n46. klip Vi ser ud over hallen uden mennesker, fest og musik.<br \/>\n47. klip Vi ser to reng\u00f8ringskoner, der skrubber gulvet og fejer.<br \/>\n48. klip Vi ser to der d\u00e6kker bord midt i hallen . Der zoomes ind mod bordet.<br \/>\n49. klip Unge sidder ved bordet og hygger sig.<br \/>\n50. klip Inspekt\u00f8ren kommer, st\u00e5r med store armbev\u00e6gelser og peger mod d\u00f8ren \/ skilt mod udgangen.<br \/>\n51. klip Vi ser de to unge g\u00e5 ud med alle deres ting, flasker, tallerkener og m. m<\/p>\n<p>mellemklip efter andet vers.<br \/>\n42a klip jernbanebommen: Vi ser et barn p\u00e5 cykel med st\u00f8ttehjul mod bommen som g\u00e5r ned.<br \/>\n42b klip Vi ser toget k\u00f8rer hurtigt forbi.<br \/>\n42c klip Bommen g\u00e5r op og personen k\u00f8rer videre.<br \/>\nmellemklip efter 3. vers.<br \/>\n52. klip Se andet vers bmx cykel.<br \/>\nomkv\u00e6d<\/p>\n<p>Vers 4<\/p>\n<p>53. klip Vi ser &#8221; Anders And&#8221; ur t\u00e6t p\u00e5 kl. 14.35<br \/>\n54. klip klokken ringer fokus p\u00e5 skoleklokken der ringer og zoomer ud og ser dem str\u00f8mme ud af skolen.<br \/>\n55. klip Vi ser fodboldspillere p\u00e5 banen.<br \/>\n56. klip Fokus p\u00e5 2 spiller der f\u00e6lder hinanden.<br \/>\n57. klip Vi ser h\u00e5ndboldspillere . Fokusere p\u00e5 2-3 spillere, eller en der pr\u00f8ver at score.<br \/>\n58. klip Vi ser en der st\u00e5r og puster og t\u00f8rre sveden af.<br \/>\n59. klip<br \/>\n60. klip<br \/>\n61.klip Vi ser f\u00e6rgen og toget komme til stationen og unge der stiger ud.<\/p>\n<p>62. klip Odense \/ Langeskov skiltet.<br \/>\n63. klip Unge stiger p\u00e5 bussen.<br \/>\n64. klip Vi ser unge g\u00e5 ind i hallen med soveposer og lign.<br \/>\n65. klip Vi ser st\u00e6vneplanen. mellemklip juniorcyklen<\/p>\n<p>Vers 5<\/p>\n<p>66. klip Vi ser b\u00f8rn i b\u00f8rnehave samlet indenfor. Fokus p\u00e5 to stykker.<br \/>\n67. klip Vi ser b\u00f8rn i dagpleje<br \/>\n68. klip<br \/>\n69. klip Vi ser b\u00f8rn der griner og morer sig.<br \/>\n70. klip Legeplads med b\u00f8rn ved b\u00f8rnehaveklassen.<br \/>\n71. klip Fokus p\u00e5 gynger og bolde.<br \/>\n72. klip Vi ser en boksering<br \/>\n73. klip To sm\u00e5 b\u00f8rn bokser (med boksehandsker Mellemklip almindelig cykel.<br \/>\n75. klip Omkv\u00e6d<br \/>\nVers 6<\/p>\n<p>76. klip Uret &#8220;Anders And &#8221; viser 14.35<br \/>\n77. klip Flaskedreng &#8220;Heine&#8221;<br \/>\n78. klip Almindelig hverdag &#8220;Mette P &#8221; sportsforretning.<br \/>\n79.klip Avisbud &#8221; Thomas Bo &#8221;<br \/>\n80. klip Plantedreng &#8221; Peder &#8221; &#8221; ordet ROSER titel.<br \/>\n81. klip Vi ser pengesedler .<br \/>\n82. klip Vi ser glade ansigter, nogle med en is.<br \/>\n83. klip Afrivningskalender mod l\u00f8rdag<br \/>\n84. klip Piger der reder sig foran spejl.<br \/>\n85. klip Piger der sminker sig.<br \/>\n86. klip Drenge der sidder slips og butterfly.<br \/>\n87. klip Vi ser en hal hvori der er fest. Lys, fest og farver.<br \/>\n88. klip Skilt med f.eks. Rolfstedhallen.<br \/>\n89. klip Vi ser en tom Langeskovhal.<br \/>\nMellemklip..<br \/>\n90. klip Racercykel &#8220;Heine &#8221;<br \/>\nVers 7<\/p>\n<p>91. klip Klip fra juniorklubben og Ungdomsklubben.<br \/>\n92. klip Vi ser en pladespiller rulle rundt.<br \/>\n93. klip Vi ser unge der spiller kort.<br \/>\n94. klip Vi ser et tr\u00e6kors i en have.<br \/>\n95. klip Vi fokusere p\u00e5 haven: Her hviler klubfesten. Zoomer ud igen.<br \/>\n96. klip Mellemklip &#8220;knallert Mette G &#8221;<\/p>\n<p>Omkv\u00e6d.<\/p>\n<p>Vers 8<\/p>\n<p>97. klip Vi ser skilt Ungdomsskolen.<br \/>\n98. klip Vi ser et fly lette fra Beldringe.<br \/>\n99. klip Vi ser billeder fra New York &#8221; 2 stykker. &#8221;<br \/>\n100. klip Vi ser billeder fra Paris<br \/>\n101. klip Vi ser en der rejser v\u00e6k &#8221; Det er ok&#8221;<br \/>\n102. klip Vi ser kyllinger og p\u00e5ske\u00e6g.<br \/>\n103 klip Vi ser unge stiger p\u00e5 skolebussen med rygs\u00e6k m. m<br \/>\n104. klip Fokus p\u00e5 chauff\u00f8ren.<br \/>\n105. klip Mellemklip Motorcykel.<\/p>\n","protected":false},"excerpt":{"rendered":"<p>En sang om at v\u00e6re ung i Langeskov \u00e5r 1990. Sangen er skrevet af elever i 10. kl. og l\u00e6rere p\u00e5 Bakkeg\u00e5rdsskolen*) i Langeskov. Materialet er udarbejdet som en del af en konkurrence som amtscentralen for undervisning i Fyns Amt udskrev i 2009 og med aflevering senest 1. maj 1990. Der var en videokonkurrence med &hellip; <a href=\"https:\/\/www.photostory.dk\/?page_id=358\" class=\"more-link\">L\u00e6s mere <span class=\"screen-reader-text\">Sangen om at v\u00e6re ung i Langeskov<\/span><\/a><\/p>\n","protected":false},"author":1,"featured_media":0,"parent":218,"menu_order":0,"comment_status":"closed","ping_status":"closed","template":"","meta":[],"_links":{"self":[{"href":"https:\/\/www.photostory.dk\/index.php?rest_route=\/wp\/v2\/pages\/358"}],"collection":[{"href":"https:\/\/www.photostory.dk\/index.php?rest_route=\/wp\/v2\/pages"}],"about":[{"href":"https:\/\/www.photostory.dk\/index.php?rest_route=\/wp\/v2\/types\/page"}],"author":[{"embeddable":true,"href":"https:\/\/www.photostory.dk\/index.php?rest_route=\/wp\/v2\/users\/1"}],"replies":[{"embeddable":true,"href":"https:\/\/www.photostory.dk\/index.php?rest_route=%2Fwp%2Fv2%2Fcomments&post=358"}],"version-history":[{"count":3,"href":"https:\/\/www.photostory.dk\/index.php?rest_route=\/wp\/v2\/pages\/358\/revisions"}],"predecessor-version":[{"id":361,"href":"https:\/\/www.photostory.dk\/index.php?rest_route=\/wp\/v2\/pages\/358\/revisions\/361"}],"up":[{"embeddable":true,"href":"https:\/\/www.photostory.dk\/index.php?rest_route=\/wp\/v2\/pages\/218"}],"wp:attachment":[{"href":"https:\/\/www.photostory.dk\/index.php?rest_route=%2Fwp%2Fv2%2Fmedia&parent=358"}],"curies":[{"name":"wp","href":"https:\/\/api.w.org\/{rel}","templated":true}]}}