{"id":3569,"date":"2017-02-19T10:55:17","date_gmt":"2017-02-19T10:55:17","guid":{"rendered":"http:\/\/photostory.dk\/?page_id=3569"},"modified":"2017-02-19T10:55:46","modified_gmt":"2017-02-19T10:55:46","slug":"solen-skinner-man-bliver-brun","status":"publish","type":"page","link":"https:\/\/www.photostory.dk\/?page_id=3569","title":{"rendered":"Solen skinner man bliver brun"},"content":{"rendered":"<p><a href=\"http:\/\/photostory.dk\/wp-content\/uploads\/2017\/02\/co-111-sommer_small.jpg\"><img decoding=\"async\" loading=\"lazy\" class=\"size-full wp-image-3570 aligncenter\" src=\"http:\/\/photostory.dk\/wp-content\/uploads\/2017\/02\/co-111-sommer_small.jpg\" alt=\"\" width=\"400\" height=\"443\" srcset=\"https:\/\/www.photostory.dk\/wp-content\/uploads\/2017\/02\/co-111-sommer_small.jpg 400w, https:\/\/www.photostory.dk\/wp-content\/uploads\/2017\/02\/co-111-sommer_small-199x220.jpg 199w\" sizes=\"(max-width: 400px) 100vw, 400px\" \/><\/a><\/p>\n<p style=\"text-align: center;\"><strong>Sommer.<\/strong><\/p>\n<p style=\"text-align: center;\">Solen skinner<br \/>\nman bliver brun<br \/>\nalle tager til vandet<br \/>\nselv for\u00e6ldrene tager sig fri<br \/>\nhvor er det dejligt<\/p>\n<p style=\"text-align: center;\">Solen skinner<br \/>\nog alle har fri<br \/>\nHov nu begynder det at regne<br \/>\npuha det var bare et par dr\u00e5ber der faldt.<\/p>\n<p style=\"text-align: center;\">Solen skinner<br \/>\nog alle er glade<br \/>\nder er hele fem uger til- jeg skal i skole.<br \/>\nSolen skinner.<\/p>\n<p>\u201cCosta Karlslunde Digte 1981\u201d var en del af et undervisningsprojekt i 1981 p\u00e5 Karlslunde Skole om lokalmilj\u00f8er i bl.a. Aved\u00f8re, Lyngby og Karlslunde. De her gengivne digte m.m. er fra Karlslunde og omegn og udf\u00f8rt af eleverne fra 5, 6 og 7. klasse. De er efterf\u00f8lgende udgivet p\u00e5 internettet af Lars Bj\u00f8rnsten til inspiration for andre.<\/p>\n<p style=\"text-align: center;\"><a href=\"http:\/\/photostory.dk\/?page_id=835\">Oversigt Costa Karlslunde Digte 1981. Skoledigte<\/a><\/p>\n","protected":false},"excerpt":{"rendered":"<p>Sommer. Solen skinner man bliver brun alle tager til vandet selv for\u00e6ldrene tager sig fri hvor er det dejligt Solen skinner og alle har fri Hov nu begynder det at regne puha det var bare et par dr\u00e5ber der faldt. Solen skinner og alle er glade der er hele fem uger til- jeg skal i &hellip; <a href=\"https:\/\/www.photostory.dk\/?page_id=3569\" class=\"more-link\">L\u00e6s mere <span class=\"screen-reader-text\">Solen skinner man bliver brun<\/span><\/a><\/p>\n","protected":false},"author":1,"featured_media":0,"parent":0,"menu_order":0,"comment_status":"closed","ping_status":"closed","template":"","meta":[],"_links":{"self":[{"href":"https:\/\/www.photostory.dk\/index.php?rest_route=\/wp\/v2\/pages\/3569"}],"collection":[{"href":"https:\/\/www.photostory.dk\/index.php?rest_route=\/wp\/v2\/pages"}],"about":[{"href":"https:\/\/www.photostory.dk\/index.php?rest_route=\/wp\/v2\/types\/page"}],"author":[{"embeddable":true,"href":"https:\/\/www.photostory.dk\/index.php?rest_route=\/wp\/v2\/users\/1"}],"replies":[{"embeddable":true,"href":"https:\/\/www.photostory.dk\/index.php?rest_route=%2Fwp%2Fv2%2Fcomments&post=3569"}],"version-history":[{"count":1,"href":"https:\/\/www.photostory.dk\/index.php?rest_route=\/wp\/v2\/pages\/3569\/revisions"}],"predecessor-version":[{"id":3572,"href":"https:\/\/www.photostory.dk\/index.php?rest_route=\/wp\/v2\/pages\/3569\/revisions\/3572"}],"wp:attachment":[{"href":"https:\/\/www.photostory.dk\/index.php?rest_route=%2Fwp%2Fv2%2Fmedia&parent=3569"}],"curies":[{"name":"wp","href":"https:\/\/api.w.org\/{rel}","templated":true}]}}