{"id":3564,"date":"2017-02-19T10:50:53","date_gmt":"2017-02-19T10:50:53","guid":{"rendered":"http:\/\/photostory.dk\/?page_id=3564"},"modified":"2017-02-19T10:51:19","modified_gmt":"2017-02-19T10:51:19","slug":"her-ved-soeens-skaer-sidder-pigen-kaer","status":"publish","type":"page","link":"https:\/\/www.photostory.dk\/?page_id=3564","title":{"rendered":"Her ved s\u00f8en&#8217;s sk\u00e6r, sidder pigen k\u00e6r &#8230;"},"content":{"rendered":"<p><a href=\"http:\/\/photostory.dk\/wp-content\/uploads\/2017\/02\/co-110-soen_small.jpg\"><img decoding=\"async\" loading=\"lazy\" class=\"size-full wp-image-3565 aligncenter\" src=\"http:\/\/photostory.dk\/wp-content\/uploads\/2017\/02\/co-110-soen_small.jpg\" alt=\"\" width=\"400\" height=\"451\" srcset=\"https:\/\/www.photostory.dk\/wp-content\/uploads\/2017\/02\/co-110-soen_small.jpg 400w, https:\/\/www.photostory.dk\/wp-content\/uploads\/2017\/02\/co-110-soen_small-195x220.jpg 195w\" sizes=\"(max-width: 400px) 100vw, 400px\" \/><\/a><\/p>\n<p style=\"text-align: center;\"><strong>S\u00f8en<\/strong><\/p>\n<p style=\"text-align: center;\">Her ved s\u00f8en&#8217;s sk\u00e6r,<br \/>\nsidder pigen k\u00e6r,<br \/>\nhun t\u00e6nker p\u00e5,<br \/>\nat s\u00f8en er s\u00e5 stor,<br \/>\nog at alle planterne<br \/>\nst\u00e5r i flor.<\/p>\n<p style=\"text-align: center;\">Her ved nattetid,<br \/>\nser man s\u00f8en blid,<br \/>\ns\u00f8en blinker,<br \/>\nog tr\u00e6erne vinker.<\/p>\n<p>\u201cCosta Karlslunde Digte 1981\u201d var en del af et undervisningsprojekt i 1981 p\u00e5 Karlslunde Skole om lokalmilj\u00f8er i bl.a. Aved\u00f8re, Lyngby og Karlslunde. De her gengivne digte m.m. er fra Karlslunde og omegn og udf\u00f8rt af eleverne fra 5, 6 og 7. klasse. De er efterf\u00f8lgende udgivet p\u00e5 internettet af Lars Bj\u00f8rnsten til inspiration for andre.<\/p>\n<p style=\"text-align: center;\"><a href=\"http:\/\/photostory.dk\/?page_id=835\">Oversigt Costa Karlslunde Digte 1981. Skoledigte<\/a><\/p>\n","protected":false},"excerpt":{"rendered":"<p>S\u00f8en Her ved s\u00f8en&#8217;s sk\u00e6r, sidder pigen k\u00e6r, hun t\u00e6nker p\u00e5, at s\u00f8en er s\u00e5 stor, og at alle planterne st\u00e5r i flor. Her ved nattetid, ser man s\u00f8en blid, s\u00f8en blinker, og tr\u00e6erne vinker. \u201cCosta Karlslunde Digte 1981\u201d var en del af et undervisningsprojekt i 1981 p\u00e5 Karlslunde Skole om lokalmilj\u00f8er i bl.a. Aved\u00f8re, &hellip; <a href=\"https:\/\/www.photostory.dk\/?page_id=3564\" class=\"more-link\">L\u00e6s mere <span class=\"screen-reader-text\">Her ved s\u00f8en&#8217;s sk\u00e6r, sidder pigen k\u00e6r &#8230;<\/span><\/a><\/p>\n","protected":false},"author":1,"featured_media":0,"parent":0,"menu_order":0,"comment_status":"closed","ping_status":"closed","template":"","meta":[],"_links":{"self":[{"href":"https:\/\/www.photostory.dk\/index.php?rest_route=\/wp\/v2\/pages\/3564"}],"collection":[{"href":"https:\/\/www.photostory.dk\/index.php?rest_route=\/wp\/v2\/pages"}],"about":[{"href":"https:\/\/www.photostory.dk\/index.php?rest_route=\/wp\/v2\/types\/page"}],"author":[{"embeddable":true,"href":"https:\/\/www.photostory.dk\/index.php?rest_route=\/wp\/v2\/users\/1"}],"replies":[{"embeddable":true,"href":"https:\/\/www.photostory.dk\/index.php?rest_route=%2Fwp%2Fv2%2Fcomments&post=3564"}],"version-history":[{"count":2,"href":"https:\/\/www.photostory.dk\/index.php?rest_route=\/wp\/v2\/pages\/3564\/revisions"}],"predecessor-version":[{"id":3568,"href":"https:\/\/www.photostory.dk\/index.php?rest_route=\/wp\/v2\/pages\/3564\/revisions\/3568"}],"wp:attachment":[{"href":"https:\/\/www.photostory.dk\/index.php?rest_route=%2Fwp%2Fv2%2Fmedia&parent=3564"}],"curies":[{"name":"wp","href":"https:\/\/api.w.org\/{rel}","templated":true}]}}