{"id":3554,"date":"2017-02-19T10:43:14","date_gmt":"2017-02-19T10:43:14","guid":{"rendered":"http:\/\/photostory.dk\/?page_id=3554"},"modified":"2017-02-19T10:43:36","modified_gmt":"2017-02-19T10:43:36","slug":"fisketuren-er-saa-nem-smid-snoeren-ud","status":"publish","type":"page","link":"https:\/\/www.photostory.dk\/?page_id=3554","title":{"rendered":"Fisketuren er s\u00e5 nem smid sn\u00f8ren ud"},"content":{"rendered":"<p><a href=\"http:\/\/photostory.dk\/wp-content\/uploads\/2017\/02\/co-109-fisketuren_small.jpg\"><img decoding=\"async\" loading=\"lazy\" class=\"size-full wp-image-3555 aligncenter\" src=\"http:\/\/photostory.dk\/wp-content\/uploads\/2017\/02\/co-109-fisketuren_small.jpg\" alt=\"\" width=\"400\" height=\"280\" srcset=\"https:\/\/www.photostory.dk\/wp-content\/uploads\/2017\/02\/co-109-fisketuren_small.jpg 400w, https:\/\/www.photostory.dk\/wp-content\/uploads\/2017\/02\/co-109-fisketuren_small-295x207.jpg 295w\" sizes=\"(max-width: 400px) 100vw, 400px\" \/><\/a><\/p>\n<p style=\"text-align: center;\"><strong>Fisketur<\/strong><\/p>\n<p style=\"text-align: center;\">Fisketuren er s\u00e5 nem<br \/>\nsmid sn\u00f8ren ud<br \/>\nog vent lidt<br \/>\njeg ser stangen<br \/>\nrykke sig<br \/>\njag ta&#8217;r den ind<br \/>\nden sidder en r\u00f8dsp\u00e6tte p\u00e5<br \/>\njeg ta&#8217;r den af<br \/>\nr\u00f8dsp\u00e6tten var ikke s\u00e5 stor<br \/>\ns\u00e5 jeg smed den ud igen<br \/>\nog sidder og glor<\/p>\n<p>\u201cCosta Karlslunde Digte 1981\u201d var en del af et undervisningsprojekt i 1981 p\u00e5 Karlslunde Skole om lokalmilj\u00f8er i bl.a. Aved\u00f8re, Lyngby og Karlslunde. De her gengivne digte m.m. er fra Karlslunde og omegn og udf\u00f8rt af eleverne fra 5, 6 og 7. klasse. De er efterf\u00f8lgende udgivet p\u00e5 internettet af Lars Bj\u00f8rnsten til inspiration for andre.<\/p>\n<p style=\"text-align: center;\"><a href=\"http:\/\/photostory.dk\/?page_id=835\">Oversigt Costa Karlslunde Digte 1981. Skoledigte<\/a><\/p>\n","protected":false},"excerpt":{"rendered":"<p>Fisketur Fisketuren er s\u00e5 nem smid sn\u00f8ren ud og vent lidt jeg ser stangen rykke sig jag ta&#8217;r den ind den sidder en r\u00f8dsp\u00e6tte p\u00e5 jeg ta&#8217;r den af r\u00f8dsp\u00e6tten var ikke s\u00e5 stor s\u00e5 jeg smed den ud igen og sidder og glor \u201cCosta Karlslunde Digte 1981\u201d var en del af et undervisningsprojekt i &hellip; <a href=\"https:\/\/www.photostory.dk\/?page_id=3554\" class=\"more-link\">L\u00e6s mere <span class=\"screen-reader-text\">Fisketuren er s\u00e5 nem smid sn\u00f8ren ud<\/span><\/a><\/p>\n","protected":false},"author":1,"featured_media":0,"parent":0,"menu_order":0,"comment_status":"closed","ping_status":"closed","template":"","meta":[],"_links":{"self":[{"href":"https:\/\/www.photostory.dk\/index.php?rest_route=\/wp\/v2\/pages\/3554"}],"collection":[{"href":"https:\/\/www.photostory.dk\/index.php?rest_route=\/wp\/v2\/pages"}],"about":[{"href":"https:\/\/www.photostory.dk\/index.php?rest_route=\/wp\/v2\/types\/page"}],"author":[{"embeddable":true,"href":"https:\/\/www.photostory.dk\/index.php?rest_route=\/wp\/v2\/users\/1"}],"replies":[{"embeddable":true,"href":"https:\/\/www.photostory.dk\/index.php?rest_route=%2Fwp%2Fv2%2Fcomments&post=3554"}],"version-history":[{"count":2,"href":"https:\/\/www.photostory.dk\/index.php?rest_route=\/wp\/v2\/pages\/3554\/revisions"}],"predecessor-version":[{"id":3558,"href":"https:\/\/www.photostory.dk\/index.php?rest_route=\/wp\/v2\/pages\/3554\/revisions\/3558"}],"wp:attachment":[{"href":"https:\/\/www.photostory.dk\/index.php?rest_route=%2Fwp%2Fv2%2Fmedia&parent=3554"}],"curies":[{"name":"wp","href":"https:\/\/api.w.org\/{rel}","templated":true}]}}