{"id":3547,"date":"2017-02-19T10:40:03","date_gmt":"2017-02-19T10:40:03","guid":{"rendered":"http:\/\/photostory.dk\/?page_id=3547"},"modified":"2017-02-19T10:40:15","modified_gmt":"2017-02-19T10:40:15","slug":"nu-er-det-sommer-og-hesten-skal-ud","status":"publish","type":"page","link":"https:\/\/www.photostory.dk\/?page_id=3547","title":{"rendered":"Nu er det sommer og hesten skal ud"},"content":{"rendered":"<p style=\"text-align: center;\"><a href=\"http:\/\/photostory.dk\/wp-content\/uploads\/2017\/02\/co-108-den-laegger_small.jpg\"><img decoding=\"async\" loading=\"lazy\" class=\"size-full wp-image-3548 aligncenter\" src=\"http:\/\/photostory.dk\/wp-content\/uploads\/2017\/02\/co-108-den-laegger_small.jpg\" alt=\"\" width=\"400\" height=\"252\" srcset=\"https:\/\/www.photostory.dk\/wp-content\/uploads\/2017\/02\/co-108-den-laegger_small.jpg 400w, https:\/\/www.photostory.dk\/wp-content\/uploads\/2017\/02\/co-108-den-laegger_small-295x186.jpg 295w\" sizes=\"(max-width: 400px) 100vw, 400px\" \/><\/a><\/p>\n<p style=\"text-align: center;\"><strong>Nu er det sommer.<\/strong><\/p>\n<p style=\"text-align: center;\">Jeg tr\u00e6kker hesten ud i folden.<br \/>\nDet store kastanietr\u00e6 er gr\u00f8nt<br \/>\nGr\u00e6sset er fugtigt,<br \/>\ndet har regnet i nat<br \/>\nNu st\u00e5r solen h\u00f8jt p\u00e5 himlen<br \/>\nInsekterne flyver omkring det<br \/>\nstakkels dyr.<br \/>\nDyret s\u00f8ger hen i skyggen.<br \/>\nI skyggen under kastanietr\u00e6et<br \/>\nDet begynder at blive k\u00f8ligt<br \/>\nBl\u00e6sten tar&#8217; fat i den lange<br \/>\npjuskede hale<br \/>\nDet er efter\u00e5r<br \/>\nen byge er over byen<br \/>\ndet regner, det regner st\u00e6rkt<br \/>\ndyret s\u00f8ger ly under det store kastanjetr\u00e6<br \/>\nDet er ved at blive gyldent<br \/>\nog regnvandet drypper fra grene<br \/>\nDet er koldt<br \/>\nog nu falder sneen ned fra himlen<\/p>\n<p style=\"text-align: center;\">Den l\u00e6gger sig i driver<br \/>\nog tr\u00e6et er hvidt.<br \/>\nHesten st\u00e5r lunt i sin stald<br \/>\nmen tr\u00e6et st\u00e5r alene tilbage<br \/>\nNu er der n\u00e6sten ingen sne.<br \/>\nGr\u00e6sset begynder at blive gr\u00f8nt<br \/>\nog det store kastanietr\u00e6<br \/>\ner ved at springe ud.<br \/>\nDet er for\u00e5r<br \/>\nJeg tr\u00e6kker hesten ud i folden<br \/>\nDet store kastanietr\u00e6 er &#8230;&#8230;<\/p>\n<p>\u201cCosta Karlslunde Digte 1981\u201d var en del af et undervisningsprojekt i 1981 p\u00e5 Karlslunde Skole om lokalmilj\u00f8er i bl.a. Aved\u00f8re, Lyngby og Karlslunde. De her gengivne digte m.m. er fra Karlslunde og omegn og udf\u00f8rt af eleverne fra 5, 6 og 7. klasse. De er efterf\u00f8lgende udgivet p\u00e5 internettet af Lars Bj\u00f8rnsten til inspiration for andre.<\/p>\n<p style=\"text-align: center;\"><a href=\"http:\/\/photostory.dk\/?page_id=835\">Oversigt Costa Karlslunde Digte 1981. Skoledigte<\/a><\/p>\n","protected":false},"excerpt":{"rendered":"<p>Nu er det sommer. Jeg tr\u00e6kker hesten ud i folden. Det store kastanietr\u00e6 er gr\u00f8nt Gr\u00e6sset er fugtigt, det har regnet i nat Nu st\u00e5r solen h\u00f8jt p\u00e5 himlen Insekterne flyver omkring det stakkels dyr. Dyret s\u00f8ger hen i skyggen. I skyggen under kastanietr\u00e6et Det begynder at blive k\u00f8ligt Bl\u00e6sten tar&#8217; fat i den lange &hellip; <a href=\"https:\/\/www.photostory.dk\/?page_id=3547\" class=\"more-link\">L\u00e6s mere <span class=\"screen-reader-text\">Nu er det sommer og hesten skal ud<\/span><\/a><\/p>\n","protected":false},"author":1,"featured_media":0,"parent":0,"menu_order":0,"comment_status":"closed","ping_status":"closed","template":"","meta":[],"_links":{"self":[{"href":"https:\/\/www.photostory.dk\/index.php?rest_route=\/wp\/v2\/pages\/3547"}],"collection":[{"href":"https:\/\/www.photostory.dk\/index.php?rest_route=\/wp\/v2\/pages"}],"about":[{"href":"https:\/\/www.photostory.dk\/index.php?rest_route=\/wp\/v2\/types\/page"}],"author":[{"embeddable":true,"href":"https:\/\/www.photostory.dk\/index.php?rest_route=\/wp\/v2\/users\/1"}],"replies":[{"embeddable":true,"href":"https:\/\/www.photostory.dk\/index.php?rest_route=%2Fwp%2Fv2%2Fcomments&post=3547"}],"version-history":[{"count":4,"href":"https:\/\/www.photostory.dk\/index.php?rest_route=\/wp\/v2\/pages\/3547\/revisions"}],"predecessor-version":[{"id":3553,"href":"https:\/\/www.photostory.dk\/index.php?rest_route=\/wp\/v2\/pages\/3547\/revisions\/3553"}],"wp:attachment":[{"href":"https:\/\/www.photostory.dk\/index.php?rest_route=%2Fwp%2Fv2%2Fmedia&parent=3547"}],"curies":[{"name":"wp","href":"https:\/\/api.w.org\/{rel}","templated":true}]}}