{"id":3541,"date":"2017-02-19T10:34:19","date_gmt":"2017-02-19T10:34:19","guid":{"rendered":"http:\/\/photostory.dk\/?page_id=3541"},"modified":"2017-02-19T10:34:38","modified_gmt":"2017-02-19T10:34:38","slug":"solen-er-rund-og-sund","status":"publish","type":"page","link":"https:\/\/www.photostory.dk\/?page_id=3541","title":{"rendered":"Solen er rund og sund"},"content":{"rendered":"<p style=\"text-align: center;\"><a href=\"http:\/\/photostory.dk\/wp-content\/uploads\/2017\/02\/co-107-solen_small.jpg\"><img decoding=\"async\" loading=\"lazy\" class=\"size-full wp-image-3542 aligncenter\" src=\"http:\/\/photostory.dk\/wp-content\/uploads\/2017\/02\/co-107-solen_small.jpg\" alt=\"\" width=\"400\" height=\"275\" srcset=\"https:\/\/www.photostory.dk\/wp-content\/uploads\/2017\/02\/co-107-solen_small.jpg 400w, https:\/\/www.photostory.dk\/wp-content\/uploads\/2017\/02\/co-107-solen_small-295x203.jpg 295w\" sizes=\"(max-width: 400px) 100vw, 400px\" \/><\/a><\/p>\n<p style=\"text-align: center;\"><strong>Solen<\/strong><\/p>\n<p style=\"text-align: center;\">Solen er rund<br \/>\nSolen er sund<br \/>\nMan bliver r\u00f8d af solen<br \/>\nman bliver brun af solen<br \/>\ningen kan leve uden solen.<\/p>\n<p>\u201cCosta Karlslunde Digte 1981\u201d var en del af et undervisningsprojekt i 1981 p\u00e5 Karlslunde Skole om lokalmilj\u00f8er i bl.a. Aved\u00f8re, Lyngby og Karlslunde. De her gengivne digte m.m. er fra Karlslunde og omegn og udf\u00f8rt af eleverne fra 5, 6 og 7. klasse. De er efterf\u00f8lgende udgivet p\u00e5 internettet af Lars Bj\u00f8rnsten til inspiration for andre.<\/p>\n<p style=\"text-align: center;\"><a href=\"http:\/\/photostory.dk\/?page_id=835\">Oversigt Costa Karlslunde Digte 1981. Skoledigte<\/a><\/p>\n","protected":false},"excerpt":{"rendered":"<p>Solen Solen er rund Solen er sund Man bliver r\u00f8d af solen man bliver brun af solen ingen kan leve uden solen. \u201cCosta Karlslunde Digte 1981\u201d var en del af et undervisningsprojekt i 1981 p\u00e5 Karlslunde Skole om lokalmilj\u00f8er i bl.a. Aved\u00f8re, Lyngby og Karlslunde. De her gengivne digte m.m. er fra Karlslunde og omegn &hellip; <a href=\"https:\/\/www.photostory.dk\/?page_id=3541\" class=\"more-link\">L\u00e6s mere <span class=\"screen-reader-text\">Solen er rund og sund<\/span><\/a><\/p>\n","protected":false},"author":1,"featured_media":0,"parent":0,"menu_order":0,"comment_status":"closed","ping_status":"closed","template":"","meta":[],"_links":{"self":[{"href":"https:\/\/www.photostory.dk\/index.php?rest_route=\/wp\/v2\/pages\/3541"}],"collection":[{"href":"https:\/\/www.photostory.dk\/index.php?rest_route=\/wp\/v2\/pages"}],"about":[{"href":"https:\/\/www.photostory.dk\/index.php?rest_route=\/wp\/v2\/types\/page"}],"author":[{"embeddable":true,"href":"https:\/\/www.photostory.dk\/index.php?rest_route=\/wp\/v2\/users\/1"}],"replies":[{"embeddable":true,"href":"https:\/\/www.photostory.dk\/index.php?rest_route=%2Fwp%2Fv2%2Fcomments&post=3541"}],"version-history":[{"count":2,"href":"https:\/\/www.photostory.dk\/index.php?rest_route=\/wp\/v2\/pages\/3541\/revisions"}],"predecessor-version":[{"id":3545,"href":"https:\/\/www.photostory.dk\/index.php?rest_route=\/wp\/v2\/pages\/3541\/revisions\/3545"}],"wp:attachment":[{"href":"https:\/\/www.photostory.dk\/index.php?rest_route=%2Fwp%2Fv2%2Fmedia&parent=3541"}],"curies":[{"name":"wp","href":"https:\/\/api.w.org\/{rel}","templated":true}]}}