{"id":3537,"date":"2017-02-19T10:31:38","date_gmt":"2017-02-19T10:31:38","guid":{"rendered":"http:\/\/photostory.dk\/?page_id=3537"},"modified":"2017-02-19T10:31:38","modified_gmt":"2017-02-19T10:31:38","slug":"digt-om-fugle-og-hunde","status":"publish","type":"page","link":"https:\/\/www.photostory.dk\/?page_id=3537","title":{"rendered":"Digt om fugle og hunde"},"content":{"rendered":"<p><a href=\"http:\/\/photostory.dk\/wp-content\/uploads\/2017\/02\/co-106-digt-fugle-kvidrer_small.jpg\"><img decoding=\"async\" loading=\"lazy\" class=\"size-full wp-image-3538 aligncenter\" src=\"http:\/\/photostory.dk\/wp-content\/uploads\/2017\/02\/co-106-digt-fugle-kvidrer_small.jpg\" alt=\"\" width=\"400\" height=\"319\" srcset=\"https:\/\/www.photostory.dk\/wp-content\/uploads\/2017\/02\/co-106-digt-fugle-kvidrer_small.jpg 400w, https:\/\/www.photostory.dk\/wp-content\/uploads\/2017\/02\/co-106-digt-fugle-kvidrer_small-276x220.jpg 276w\" sizes=\"(max-width: 400px) 100vw, 400px\" \/><\/a><\/p>\n<p style=\"text-align: center;\">Costa Karlslunde Digte 1981<\/p>\n<p style=\"text-align: center;\"><strong>Digt<\/strong><br \/>\nFugle kvidrer<br \/>\nhunde g\u00f8er<br \/>\nmens vi andre<br \/>\nst\u00e5r p\u00e5 t\u00e6er.<\/p>\n<p>\u201cCosta Karlslunde Digte 1981\u201d var en del af et undervisningsprojekt i 1981 p\u00e5 Karlslunde Skole om lokalmilj\u00f8er i bl.a. Aved\u00f8re, Lyngby og Karlslunde. De her gengivne digte m.m. er fra Karlslunde og omegn og udf\u00f8rt af eleverne fra 5, 6 og 7. klasse. De er efterf\u00f8lgende udgivet p\u00e5 internettet af Lars Bj\u00f8rnsten til inspiration for andre.<\/p>\n<p style=\"text-align: center;\"><a href=\"http:\/\/photostory.dk\/?page_id=835\">Oversigt Costa Karlslunde Digte 1981. Skoledigte<\/a><\/p>\n","protected":false},"excerpt":{"rendered":"<p>Costa Karlslunde Digte 1981 Digt Fugle kvidrer hunde g\u00f8er mens vi andre st\u00e5r p\u00e5 t\u00e6er. \u201cCosta Karlslunde Digte 1981\u201d var en del af et undervisningsprojekt i 1981 p\u00e5 Karlslunde Skole om lokalmilj\u00f8er i bl.a. Aved\u00f8re, Lyngby og Karlslunde. De her gengivne digte m.m. er fra Karlslunde og omegn og udf\u00f8rt af eleverne fra 5, 6 &hellip; <a href=\"https:\/\/www.photostory.dk\/?page_id=3537\" class=\"more-link\">L\u00e6s mere <span class=\"screen-reader-text\">Digt om fugle og hunde<\/span><\/a><\/p>\n","protected":false},"author":1,"featured_media":0,"parent":0,"menu_order":0,"comment_status":"closed","ping_status":"closed","template":"","meta":[],"_links":{"self":[{"href":"https:\/\/www.photostory.dk\/index.php?rest_route=\/wp\/v2\/pages\/3537"}],"collection":[{"href":"https:\/\/www.photostory.dk\/index.php?rest_route=\/wp\/v2\/pages"}],"about":[{"href":"https:\/\/www.photostory.dk\/index.php?rest_route=\/wp\/v2\/types\/page"}],"author":[{"embeddable":true,"href":"https:\/\/www.photostory.dk\/index.php?rest_route=\/wp\/v2\/users\/1"}],"replies":[{"embeddable":true,"href":"https:\/\/www.photostory.dk\/index.php?rest_route=%2Fwp%2Fv2%2Fcomments&post=3537"}],"version-history":[{"count":1,"href":"https:\/\/www.photostory.dk\/index.php?rest_route=\/wp\/v2\/pages\/3537\/revisions"}],"predecessor-version":[{"id":3540,"href":"https:\/\/www.photostory.dk\/index.php?rest_route=\/wp\/v2\/pages\/3537\/revisions\/3540"}],"wp:attachment":[{"href":"https:\/\/www.photostory.dk\/index.php?rest_route=%2Fwp%2Fv2%2Fmedia&parent=3537"}],"curies":[{"name":"wp","href":"https:\/\/api.w.org\/{rel}","templated":true}]}}