{"id":3531,"date":"2017-02-19T10:27:13","date_gmt":"2017-02-19T10:27:13","guid":{"rendered":"http:\/\/photostory.dk\/?page_id=3531"},"modified":"2017-02-19T10:27:46","modified_gmt":"2017-02-19T10:27:46","slug":"boern-og-unge-sne-og-huse","status":"publish","type":"page","link":"https:\/\/www.photostory.dk\/?page_id=3531","title":{"rendered":"B\u00f8rn og unge sne og huse"},"content":{"rendered":"<p><a href=\"http:\/\/photostory.dk\/wp-content\/uploads\/2017\/02\/co-106-digt-boern-unge_small.jpg\"><img decoding=\"async\" loading=\"lazy\" class=\"size-full wp-image-3532 aligncenter\" src=\"http:\/\/photostory.dk\/wp-content\/uploads\/2017\/02\/co-106-digt-boern-unge_small.jpg\" alt=\"\" width=\"400\" height=\"325\" srcset=\"https:\/\/www.photostory.dk\/wp-content\/uploads\/2017\/02\/co-106-digt-boern-unge_small.jpg 400w, https:\/\/www.photostory.dk\/wp-content\/uploads\/2017\/02\/co-106-digt-boern-unge_small-271x220.jpg 271w\" sizes=\"(max-width: 400px) 100vw, 400px\" \/><\/a><\/p>\n<p style=\"text-align: center;\"><strong>Digt<\/strong><\/p>\n<p style=\"text-align: center;\">B\u00f8rn og unge<br \/>\nsne og huse<br \/>\nlandskabets stilhed<br \/>\nnaturens renhed<br \/>\nmennesker i snavs<br \/>\nafmagt, alene &#8211; beton.<\/p>\n<p>\u201cCosta Karlslunde Digte 1981\u201d var en del af et undervisningsprojekt i 1981 p\u00e5 Karlslunde Skole om lokalmilj\u00f8er i bl.a. Aved\u00f8re, Lyngby og Karlslunde. De her gengivne digte m.m. er fra Karlslunde og omegn og udf\u00f8rt af eleverne fra 5, 6 og 7. klasse. De er efterf\u00f8lgende udgivet p\u00e5 internettet af Lars Bj\u00f8rnsten til inspiration for andre.<\/p>\n<p style=\"text-align: center;\"><a href=\"http:\/\/photostory.dk\/?page_id=835\">Oversigt Costa Karlslunde Digte 1981. Skoledigte<\/a><\/p>\n","protected":false},"excerpt":{"rendered":"<p>Digt B\u00f8rn og unge sne og huse landskabets stilhed naturens renhed mennesker i snavs afmagt, alene &#8211; beton. \u201cCosta Karlslunde Digte 1981\u201d var en del af et undervisningsprojekt i 1981 p\u00e5 Karlslunde Skole om lokalmilj\u00f8er i bl.a. Aved\u00f8re, Lyngby og Karlslunde. De her gengivne digte m.m. er fra Karlslunde og omegn og udf\u00f8rt af eleverne &hellip; <a href=\"https:\/\/www.photostory.dk\/?page_id=3531\" class=\"more-link\">L\u00e6s mere <span class=\"screen-reader-text\">B\u00f8rn og unge sne og huse<\/span><\/a><\/p>\n","protected":false},"author":1,"featured_media":0,"parent":0,"menu_order":0,"comment_status":"closed","ping_status":"closed","template":"","meta":[],"_links":{"self":[{"href":"https:\/\/www.photostory.dk\/index.php?rest_route=\/wp\/v2\/pages\/3531"}],"collection":[{"href":"https:\/\/www.photostory.dk\/index.php?rest_route=\/wp\/v2\/pages"}],"about":[{"href":"https:\/\/www.photostory.dk\/index.php?rest_route=\/wp\/v2\/types\/page"}],"author":[{"embeddable":true,"href":"https:\/\/www.photostory.dk\/index.php?rest_route=\/wp\/v2\/users\/1"}],"replies":[{"embeddable":true,"href":"https:\/\/www.photostory.dk\/index.php?rest_route=%2Fwp%2Fv2%2Fcomments&post=3531"}],"version-history":[{"count":3,"href":"https:\/\/www.photostory.dk\/index.php?rest_route=\/wp\/v2\/pages\/3531\/revisions"}],"predecessor-version":[{"id":3536,"href":"https:\/\/www.photostory.dk\/index.php?rest_route=\/wp\/v2\/pages\/3531\/revisions\/3536"}],"wp:attachment":[{"href":"https:\/\/www.photostory.dk\/index.php?rest_route=%2Fwp%2Fv2%2Fmedia&parent=3531"}],"curies":[{"name":"wp","href":"https:\/\/api.w.org\/{rel}","templated":true}]}}