{"id":3526,"date":"2017-02-19T10:23:41","date_gmt":"2017-02-19T10:23:41","guid":{"rendered":"http:\/\/photostory.dk\/?page_id=3526"},"modified":"2017-02-19T10:24:00","modified_gmt":"2017-02-19T10:24:00","slug":"den-foerste-sommerdag-kan-man-faa-kjole-og-shorts-paa","status":"publish","type":"page","link":"https:\/\/www.photostory.dk\/?page_id=3526","title":{"rendered":"Den f\u00f8rste sommerdag kan man f\u00e5 kjole og shorts p\u00e5"},"content":{"rendered":"<p><a href=\"http:\/\/photostory.dk\/wp-content\/uploads\/2017\/02\/co-106-den-foerste-sommerdag_small.jpg\"><img decoding=\"async\" loading=\"lazy\" class=\"size-full wp-image-3527 aligncenter\" src=\"http:\/\/photostory.dk\/wp-content\/uploads\/2017\/02\/co-106-den-foerste-sommerdag_small.jpg\" alt=\"\" width=\"400\" height=\"412\" srcset=\"https:\/\/www.photostory.dk\/wp-content\/uploads\/2017\/02\/co-106-den-foerste-sommerdag_small.jpg 400w, https:\/\/www.photostory.dk\/wp-content\/uploads\/2017\/02\/co-106-den-foerste-sommerdag_small-214x220.jpg 214w\" sizes=\"(max-width: 400px) 100vw, 400px\" \/><\/a><\/p>\n<p style=\"text-align: center;\"><strong>Den f\u00f8rste sommerdag<\/strong><\/p>\n<p style=\"text-align: center;\">Den f\u00f8rste sommerdag<br \/>\nkan man f\u00e5 kjole<br \/>\nog shorts p\u00e5<br \/>\ncykle lange ture<br \/>\nspise udenfor<br \/>\nsjippe<br \/>\nspille bold<br \/>\ngynge<br \/>\nride<br \/>\nog v\u00e6re sent oppe.<\/p>\n<p>\u201cCosta Karlslunde Digte 1981\u201d var en del af et undervisningsprojekt i 1981 p\u00e5 Karlslunde Skole om lokalmilj\u00f8er i bl.a. Aved\u00f8re, Lyngby og Karlslunde. De her gengivne digte m.m. er fra Karlslunde og omegn og udf\u00f8rt af eleverne fra 5, 6 og 7. klasse. De er efterf\u00f8lgende udgivet p\u00e5 internettet af Lars Bj\u00f8rnsten til inspiration for andre.<\/p>\n<p style=\"text-align: center;\"><a href=\"http:\/\/photostory.dk\/?page_id=835\">Oversigt Costa Karlslunde Digte 1981. Skoledigte<\/a><\/p>\n","protected":false},"excerpt":{"rendered":"<p>Den f\u00f8rste sommerdag Den f\u00f8rste sommerdag kan man f\u00e5 kjole og shorts p\u00e5 cykle lange ture spise udenfor sjippe spille bold gynge ride og v\u00e6re sent oppe. \u201cCosta Karlslunde Digte 1981\u201d var en del af et undervisningsprojekt i 1981 p\u00e5 Karlslunde Skole om lokalmilj\u00f8er i bl.a. Aved\u00f8re, Lyngby og Karlslunde. De her gengivne digte m.m. &hellip; <a href=\"https:\/\/www.photostory.dk\/?page_id=3526\" class=\"more-link\">L\u00e6s mere <span class=\"screen-reader-text\">Den f\u00f8rste sommerdag kan man f\u00e5 kjole og shorts p\u00e5<\/span><\/a><\/p>\n","protected":false},"author":1,"featured_media":0,"parent":0,"menu_order":0,"comment_status":"closed","ping_status":"closed","template":"","meta":[],"_links":{"self":[{"href":"https:\/\/www.photostory.dk\/index.php?rest_route=\/wp\/v2\/pages\/3526"}],"collection":[{"href":"https:\/\/www.photostory.dk\/index.php?rest_route=\/wp\/v2\/pages"}],"about":[{"href":"https:\/\/www.photostory.dk\/index.php?rest_route=\/wp\/v2\/types\/page"}],"author":[{"embeddable":true,"href":"https:\/\/www.photostory.dk\/index.php?rest_route=\/wp\/v2\/users\/1"}],"replies":[{"embeddable":true,"href":"https:\/\/www.photostory.dk\/index.php?rest_route=%2Fwp%2Fv2%2Fcomments&post=3526"}],"version-history":[{"count":2,"href":"https:\/\/www.photostory.dk\/index.php?rest_route=\/wp\/v2\/pages\/3526\/revisions"}],"predecessor-version":[{"id":3530,"href":"https:\/\/www.photostory.dk\/index.php?rest_route=\/wp\/v2\/pages\/3526\/revisions\/3530"}],"wp:attachment":[{"href":"https:\/\/www.photostory.dk\/index.php?rest_route=%2Fwp%2Fv2%2Fmedia&parent=3526"}],"curies":[{"name":"wp","href":"https:\/\/api.w.org\/{rel}","templated":true}]}}