{"id":3516,"date":"2017-02-19T10:01:59","date_gmt":"2017-02-19T10:01:59","guid":{"rendered":"http:\/\/photostory.dk\/?page_id=3516"},"modified":"2017-02-19T10:01:59","modified_gmt":"2017-02-19T10:01:59","slug":"digtet-om-den-foerste-sne","status":"publish","type":"page","link":"https:\/\/www.photostory.dk\/?page_id=3516","title":{"rendered":"Digtet om den f\u00f8rste sne"},"content":{"rendered":"<p><a href=\"http:\/\/photostory.dk\/wp-content\/uploads\/2017\/02\/co-105-den-foerste-sne_small.jpg\"><img decoding=\"async\" loading=\"lazy\" class=\"size-full wp-image-3517 aligncenter\" src=\"http:\/\/photostory.dk\/wp-content\/uploads\/2017\/02\/co-105-den-foerste-sne_small.jpg\" alt=\"\" width=\"400\" height=\"145\" srcset=\"https:\/\/www.photostory.dk\/wp-content\/uploads\/2017\/02\/co-105-den-foerste-sne_small.jpg 400w, https:\/\/www.photostory.dk\/wp-content\/uploads\/2017\/02\/co-105-den-foerste-sne_small-295x107.jpg 295w\" sizes=\"(max-width: 400px) 100vw, 400px\" \/><\/a><\/p>\n<p style=\"text-align: center;\">Costa Karlslunde Digte 1981<\/p>\n<p style=\"text-align: center;\"><strong>&#8220;Den f\u00f8rste sne&#8221;<\/strong><\/p>\n<p style=\"text-align: center;\">Den f\u00f8rste sne<br \/>\nNu sner det nu sner det<br \/>\nvi alle st\u00e5r og ser det.<\/p>\n<p>\u201cCosta Karlslunde Digte 1981\u201d var en del af et undervisningsprojekt i 1981 p\u00e5 Karlslunde Skole om lokalmilj\u00f8er i bl.a. Aved\u00f8re, Lyngby og Karlslunde. De her gengivne digte m.m. er fra Karlslunde og omegn og udf\u00f8rt af eleverne fra 5, 6 og 7. klasse. De er efterf\u00f8lgende udgivet p\u00e5 internettet af Lars Bj\u00f8rnsten til inspiration for andre.<\/p>\n<p style=\"text-align: center;\"><a href=\"http:\/\/photostory.dk\/?page_id=835\">Oversigt Costa Karlslunde Digte 1981. Skoledigte<\/a><\/p>\n","protected":false},"excerpt":{"rendered":"<p>Costa Karlslunde Digte 1981 &#8220;Den f\u00f8rste sne&#8221; Den f\u00f8rste sne Nu sner det nu sner det vi alle st\u00e5r og ser det. \u201cCosta Karlslunde Digte 1981\u201d var en del af et undervisningsprojekt i 1981 p\u00e5 Karlslunde Skole om lokalmilj\u00f8er i bl.a. Aved\u00f8re, Lyngby og Karlslunde. De her gengivne digte m.m. er fra Karlslunde og omegn &hellip; <a href=\"https:\/\/www.photostory.dk\/?page_id=3516\" class=\"more-link\">L\u00e6s mere <span class=\"screen-reader-text\">Digtet om den f\u00f8rste sne<\/span><\/a><\/p>\n","protected":false},"author":1,"featured_media":0,"parent":0,"menu_order":0,"comment_status":"closed","ping_status":"closed","template":"","meta":[],"_links":{"self":[{"href":"https:\/\/www.photostory.dk\/index.php?rest_route=\/wp\/v2\/pages\/3516"}],"collection":[{"href":"https:\/\/www.photostory.dk\/index.php?rest_route=\/wp\/v2\/pages"}],"about":[{"href":"https:\/\/www.photostory.dk\/index.php?rest_route=\/wp\/v2\/types\/page"}],"author":[{"embeddable":true,"href":"https:\/\/www.photostory.dk\/index.php?rest_route=\/wp\/v2\/users\/1"}],"replies":[{"embeddable":true,"href":"https:\/\/www.photostory.dk\/index.php?rest_route=%2Fwp%2Fv2%2Fcomments&post=3516"}],"version-history":[{"count":2,"href":"https:\/\/www.photostory.dk\/index.php?rest_route=\/wp\/v2\/pages\/3516\/revisions"}],"predecessor-version":[{"id":3520,"href":"https:\/\/www.photostory.dk\/index.php?rest_route=\/wp\/v2\/pages\/3516\/revisions\/3520"}],"wp:attachment":[{"href":"https:\/\/www.photostory.dk\/index.php?rest_route=%2Fwp%2Fv2%2Fmedia&parent=3516"}],"curies":[{"name":"wp","href":"https:\/\/api.w.org\/{rel}","templated":true}]}}