{"id":3511,"date":"2017-02-19T09:53:48","date_gmt":"2017-02-19T09:53:48","guid":{"rendered":"http:\/\/photostory.dk\/?page_id=3511"},"modified":"2017-02-19T09:54:32","modified_gmt":"2017-02-19T09:54:32","slug":"digt-om-sol-og-strand","status":"publish","type":"page","link":"https:\/\/www.photostory.dk\/?page_id=3511","title":{"rendered":"Digt om sol og strand !"},"content":{"rendered":"<p style=\"text-align: center;\"><a href=\"http:\/\/photostory.dk\/wp-content\/uploads\/2017\/02\/co-105-solen_small.gif\"><img decoding=\"async\" loading=\"lazy\" class=\"size-full wp-image-3512 aligncenter\" src=\"http:\/\/photostory.dk\/wp-content\/uploads\/2017\/02\/co-105-solen_small.gif\" alt=\"\" width=\"400\" height=\"510\" \/><\/a><\/p>\n<p style=\"text-align: center;\"><strong>Solen!<\/strong><\/p>\n<p style=\"text-align: center;\">Solen skinner<br \/>\nman bliver r\u00f8d p\u00e5 armene<br \/>\nman sveder<br \/>\nsmider t\u00f8jet<br \/>\ng\u00e5r p\u00e5 stranden<br \/>\nbader<br \/>\nb\u00f8rn skriger<br \/>\nfordi vandet er koldt<br \/>\nandre spiller bold<br \/>\nsolen g\u00e5r ned<br \/>\nfolk tager hjem<br \/>\nsolen g\u00e5r v\u00e6k<br \/>\nnatten er der.<\/p>\n<p>\u201cCosta Karlslunde Digte 1981\u201d var en del af et undervisningsprojekt i 1981 p\u00e5 Karlslunde Skole om lokalmilj\u00f8er i bl.a. Aved\u00f8re, Lyngby og Karlslunde. De her gengivne digte m.m. er fra Karlslunde og omegn og udf\u00f8rt af eleverne fra 5, 6 og 7. klasse. De er efterf\u00f8lgende udgivet p\u00e5 internettet af Lars Bj\u00f8rnsten til inspiration for andre.<\/p>\n<p style=\"text-align: center;\"><a href=\"http:\/\/photostory.dk\/?page_id=835\">Oversigt Costa Karlslunde Digte 1981. Skoledigte<\/a><\/p>\n","protected":false},"excerpt":{"rendered":"<p>Solen! Solen skinner man bliver r\u00f8d p\u00e5 armene man sveder smider t\u00f8jet g\u00e5r p\u00e5 stranden bader b\u00f8rn skriger fordi vandet er koldt andre spiller bold solen g\u00e5r ned folk tager hjem solen g\u00e5r v\u00e6k natten er der. \u201cCosta Karlslunde Digte 1981\u201d var en del af et undervisningsprojekt i 1981 p\u00e5 Karlslunde Skole om lokalmilj\u00f8er i &hellip; <a href=\"https:\/\/www.photostory.dk\/?page_id=3511\" class=\"more-link\">L\u00e6s mere <span class=\"screen-reader-text\">Digt om sol og strand !<\/span><\/a><\/p>\n","protected":false},"author":1,"featured_media":0,"parent":0,"menu_order":0,"comment_status":"closed","ping_status":"closed","template":"","meta":[],"_links":{"self":[{"href":"https:\/\/www.photostory.dk\/index.php?rest_route=\/wp\/v2\/pages\/3511"}],"collection":[{"href":"https:\/\/www.photostory.dk\/index.php?rest_route=\/wp\/v2\/pages"}],"about":[{"href":"https:\/\/www.photostory.dk\/index.php?rest_route=\/wp\/v2\/types\/page"}],"author":[{"embeddable":true,"href":"https:\/\/www.photostory.dk\/index.php?rest_route=\/wp\/v2\/users\/1"}],"replies":[{"embeddable":true,"href":"https:\/\/www.photostory.dk\/index.php?rest_route=%2Fwp%2Fv2%2Fcomments&post=3511"}],"version-history":[{"count":2,"href":"https:\/\/www.photostory.dk\/index.php?rest_route=\/wp\/v2\/pages\/3511\/revisions"}],"predecessor-version":[{"id":3515,"href":"https:\/\/www.photostory.dk\/index.php?rest_route=\/wp\/v2\/pages\/3511\/revisions\/3515"}],"wp:attachment":[{"href":"https:\/\/www.photostory.dk\/index.php?rest_route=%2Fwp%2Fv2%2Fmedia&parent=3511"}],"curies":[{"name":"wp","href":"https:\/\/api.w.org\/{rel}","templated":true}]}}