{"id":3506,"date":"2017-02-19T09:50:18","date_gmt":"2017-02-19T09:50:18","guid":{"rendered":"http:\/\/photostory.dk\/?page_id=3506"},"modified":"2017-02-19T09:50:38","modified_gmt":"2017-02-19T09:50:38","slug":"digt-sommer-de-voksne-ligger-i-sandet","status":"publish","type":"page","link":"https:\/\/www.photostory.dk\/?page_id=3506","title":{"rendered":"Digt: Sommer &#8230;. De voksne ligger i sandet"},"content":{"rendered":"<p style=\"text-align: center;\"><a href=\"http:\/\/photostory.dk\/wp-content\/uploads\/2017\/02\/co-104-sommer_small.gif\"><img decoding=\"async\" loading=\"lazy\" class=\"size-full wp-image-3507 aligncenter\" src=\"http:\/\/photostory.dk\/wp-content\/uploads\/2017\/02\/co-104-sommer_small.gif\" alt=\"\" width=\"400\" height=\"317\" \/><\/a><\/p>\n<p style=\"text-align: center;\"><strong>Sommer<\/strong><\/p>\n<p style=\"text-align: center;\">De voksne ligger i sandet<br \/>\nmedens b\u00f8rnene er i vandet<br \/>\nsolen skinner<br \/>\nfuglene synger<br \/>\ngr\u00e6sset er gr\u00f8nt<br \/>\nhavet er bl\u00e5t<br \/>\nalting er s\u00e5 flot.<\/p>\n<p>\u201cCosta Karlslunde Digte 1981\u201d var en del af et undervisningsprojekt i 1981 p\u00e5 Karlslunde Skole om lokalmilj\u00f8er i bl.a. Aved\u00f8re, Lyngby og Karlslunde. De her gengivne digte m.m. er fra Karlslunde og omegn og udf\u00f8rt af eleverne fra 5, 6 og 7. klasse. De er efterf\u00f8lgende udgivet p\u00e5 internettet af Lars Bj\u00f8rnsten til inspiration for andre.<\/p>\n<p style=\"text-align: center;\"><a href=\"http:\/\/photostory.dk\/?page_id=835\">Oversigt Costa Karlslunde Digte 1981. Skoledigte<\/a><\/p>\n","protected":false},"excerpt":{"rendered":"<p>Sommer De voksne ligger i sandet medens b\u00f8rnene er i vandet solen skinner fuglene synger gr\u00e6sset er gr\u00f8nt havet er bl\u00e5t alting er s\u00e5 flot. \u201cCosta Karlslunde Digte 1981\u201d var en del af et undervisningsprojekt i 1981 p\u00e5 Karlslunde Skole om lokalmilj\u00f8er i bl.a. Aved\u00f8re, Lyngby og Karlslunde. De her gengivne digte m.m. er fra &hellip; <a href=\"https:\/\/www.photostory.dk\/?page_id=3506\" class=\"more-link\">L\u00e6s mere <span class=\"screen-reader-text\">Digt: Sommer &#8230;. De voksne ligger i sandet<\/span><\/a><\/p>\n","protected":false},"author":1,"featured_media":0,"parent":0,"menu_order":0,"comment_status":"closed","ping_status":"closed","template":"","meta":[],"_links":{"self":[{"href":"https:\/\/www.photostory.dk\/index.php?rest_route=\/wp\/v2\/pages\/3506"}],"collection":[{"href":"https:\/\/www.photostory.dk\/index.php?rest_route=\/wp\/v2\/pages"}],"about":[{"href":"https:\/\/www.photostory.dk\/index.php?rest_route=\/wp\/v2\/types\/page"}],"author":[{"embeddable":true,"href":"https:\/\/www.photostory.dk\/index.php?rest_route=\/wp\/v2\/users\/1"}],"replies":[{"embeddable":true,"href":"https:\/\/www.photostory.dk\/index.php?rest_route=%2Fwp%2Fv2%2Fcomments&post=3506"}],"version-history":[{"count":2,"href":"https:\/\/www.photostory.dk\/index.php?rest_route=\/wp\/v2\/pages\/3506\/revisions"}],"predecessor-version":[{"id":3510,"href":"https:\/\/www.photostory.dk\/index.php?rest_route=\/wp\/v2\/pages\/3506\/revisions\/3510"}],"wp:attachment":[{"href":"https:\/\/www.photostory.dk\/index.php?rest_route=%2Fwp%2Fv2%2Fmedia&parent=3506"}],"curies":[{"name":"wp","href":"https:\/\/api.w.org\/{rel}","templated":true}]}}