{"id":3496,"date":"2017-02-19T09:41:13","date_gmt":"2017-02-19T09:41:13","guid":{"rendered":"http:\/\/photostory.dk\/?page_id=3496"},"modified":"2017-02-19T09:41:29","modified_gmt":"2017-02-19T09:41:29","slug":"et-karlslunde-digt-efteraar-i-efteraarets-mulm-og-moerke","status":"publish","type":"page","link":"https:\/\/www.photostory.dk\/?page_id=3496","title":{"rendered":"Et Karlslunde digt &#8220;Efter\u00e5r&#8230;.I efter\u00e5rets mulm og m\u00f8rke&#8221;"},"content":{"rendered":"<p style=\"text-align: center;\"><a href=\"http:\/\/photostory.dk\/wp-content\/uploads\/2017\/02\/co-104-efteraar_small.jpg\"><img decoding=\"async\" loading=\"lazy\" class=\"size-full wp-image-3497 aligncenter\" src=\"http:\/\/photostory.dk\/wp-content\/uploads\/2017\/02\/co-104-efteraar_small.jpg\" alt=\"\" width=\"400\" height=\"182\" srcset=\"https:\/\/www.photostory.dk\/wp-content\/uploads\/2017\/02\/co-104-efteraar_small.jpg 400w, https:\/\/www.photostory.dk\/wp-content\/uploads\/2017\/02\/co-104-efteraar_small-295x134.jpg 295w\" sizes=\"(max-width: 400px) 100vw, 400px\" \/><\/a><\/p>\n<p style=\"text-align: center;\">Costa Karlslunde Digte 1981\u00a0&#8220;Efter\u00e5r&#8221;<\/p>\n<p style=\"text-align: center;\"><strong>Efter\u00e5r<\/strong><\/p>\n<p style=\"text-align: center;\">I efter\u00e5rets mulm og m\u00f8rke<br \/>\ner der ikke megen t\u00f8rke<br \/>\ndet regner hele dagen lang.<br \/>\nUden fuglene kan synge en sang.<\/p>\n<p>\u201cCosta Karlslunde Digte 1981\u201d var en del af et undervisningsprojekt i 1981 p\u00e5 Karlslunde Skole om lokalmilj\u00f8er i bl.a. Aved\u00f8re, Lyngby og Karlslunde. De her gengivne digte m.m. er fra Karlslunde og omegn og udf\u00f8rt af eleverne fra 5, 6 og 7. klasse. De er efterf\u00f8lgende udgivet p\u00e5 internettet af Lars Bj\u00f8rnsten til inspiration for andre.<\/p>\n<p style=\"text-align: center;\"><a href=\"http:\/\/photostory.dk\/?page_id=835\">Oversigt Costa Karlslunde Digte 1981. Skoledigte<\/a><\/p>\n","protected":false},"excerpt":{"rendered":"<p>Costa Karlslunde Digte 1981\u00a0&#8220;Efter\u00e5r&#8221; Efter\u00e5r I efter\u00e5rets mulm og m\u00f8rke er der ikke megen t\u00f8rke det regner hele dagen lang. Uden fuglene kan synge en sang. \u201cCosta Karlslunde Digte 1981\u201d var en del af et undervisningsprojekt i 1981 p\u00e5 Karlslunde Skole om lokalmilj\u00f8er i bl.a. Aved\u00f8re, Lyngby og Karlslunde. De her gengivne digte m.m. er &hellip; <a href=\"https:\/\/www.photostory.dk\/?page_id=3496\" class=\"more-link\">L\u00e6s mere <span class=\"screen-reader-text\">Et Karlslunde digt &#8220;Efter\u00e5r&#8230;.I efter\u00e5rets mulm og m\u00f8rke&#8221;<\/span><\/a><\/p>\n","protected":false},"author":1,"featured_media":0,"parent":0,"menu_order":0,"comment_status":"closed","ping_status":"closed","template":"","meta":[],"_links":{"self":[{"href":"https:\/\/www.photostory.dk\/index.php?rest_route=\/wp\/v2\/pages\/3496"}],"collection":[{"href":"https:\/\/www.photostory.dk\/index.php?rest_route=\/wp\/v2\/pages"}],"about":[{"href":"https:\/\/www.photostory.dk\/index.php?rest_route=\/wp\/v2\/types\/page"}],"author":[{"embeddable":true,"href":"https:\/\/www.photostory.dk\/index.php?rest_route=\/wp\/v2\/users\/1"}],"replies":[{"embeddable":true,"href":"https:\/\/www.photostory.dk\/index.php?rest_route=%2Fwp%2Fv2%2Fcomments&post=3496"}],"version-history":[{"count":2,"href":"https:\/\/www.photostory.dk\/index.php?rest_route=\/wp\/v2\/pages\/3496\/revisions"}],"predecessor-version":[{"id":3500,"href":"https:\/\/www.photostory.dk\/index.php?rest_route=\/wp\/v2\/pages\/3496\/revisions\/3500"}],"wp:attachment":[{"href":"https:\/\/www.photostory.dk\/index.php?rest_route=%2Fwp%2Fv2%2Fmedia&parent=3496"}],"curies":[{"name":"wp","href":"https:\/\/api.w.org\/{rel}","templated":true}]}}