{"id":3487,"date":"2017-02-19T09:31:45","date_gmt":"2017-02-19T09:31:45","guid":{"rendered":"http:\/\/photostory.dk\/?page_id=3487"},"modified":"2017-02-19T09:31:45","modified_gmt":"2017-02-19T09:31:45","slug":"digt-om-aarstiderne","status":"publish","type":"page","link":"https:\/\/www.photostory.dk\/?page_id=3487","title":{"rendered":"Digt om \u00e5rstiderne &#8230;"},"content":{"rendered":"<p><a href=\"http:\/\/photostory.dk\/wp-content\/uploads\/2017\/02\/co-102-aarstider_small.jpg\"><img decoding=\"async\" loading=\"lazy\" class=\"size-full wp-image-3488 aligncenter\" src=\"http:\/\/photostory.dk\/wp-content\/uploads\/2017\/02\/co-102-aarstider_small.jpg\" alt=\"\" width=\"400\" height=\"265\" srcset=\"https:\/\/www.photostory.dk\/wp-content\/uploads\/2017\/02\/co-102-aarstider_small.jpg 400w, https:\/\/www.photostory.dk\/wp-content\/uploads\/2017\/02\/co-102-aarstider_small-295x195.jpg 295w\" sizes=\"(max-width: 400px) 100vw, 400px\" \/><\/a><\/p>\n<p style=\"text-align: center;\"><b>\u00c5rstider<\/b><\/p>\n<p style=\"text-align: center;\">Om vinteren,<br \/>\ner der sne og slud,<br \/>\nmen om for\u00e5ret,<br \/>\nspringer blomsterne ud,<br \/>\nom vinteren,<br \/>\nglider man p\u00e5 sl\u00e6de,<br \/>\nog om for\u00e5ret,<br \/>\nbygger fuglene rede.<\/p>\n<p>\u201cCosta Karlslunde Digte 1981\u201d var en del af et undervisningsprojekt i 1981 p\u00e5 Karlslunde Skole om lokalmilj\u00f8er i bl.a. Aved\u00f8re, Lyngby og Karlslunde. De her gengivne digte m.m. er fra Karlslunde og omegn og udf\u00f8rt af eleverne fra 5, 6 og 7. klasse. De er efterf\u00f8lgende udgivet p\u00e5 internettet af Lars Bj\u00f8rnsten til inspiration for andre.<\/p>\n<p style=\"text-align: center;\"><a href=\"http:\/\/photostory.dk\/?page_id=835\">Oversigt Costa Karlslunde Digte 1981. Skoledigte<\/a><\/p>\n","protected":false},"excerpt":{"rendered":"<p>\u00c5rstider Om vinteren, er der sne og slud, men om for\u00e5ret, springer blomsterne ud, om vinteren, glider man p\u00e5 sl\u00e6de, og om for\u00e5ret, bygger fuglene rede. \u201cCosta Karlslunde Digte 1981\u201d var en del af et undervisningsprojekt i 1981 p\u00e5 Karlslunde Skole om lokalmilj\u00f8er i bl.a. Aved\u00f8re, Lyngby og Karlslunde. De her gengivne digte m.m. er &hellip; <a href=\"https:\/\/www.photostory.dk\/?page_id=3487\" class=\"more-link\">L\u00e6s mere <span class=\"screen-reader-text\">Digt om \u00e5rstiderne &#8230;<\/span><\/a><\/p>\n","protected":false},"author":1,"featured_media":0,"parent":0,"menu_order":0,"comment_status":"closed","ping_status":"closed","template":"","meta":[],"_links":{"self":[{"href":"https:\/\/www.photostory.dk\/index.php?rest_route=\/wp\/v2\/pages\/3487"}],"collection":[{"href":"https:\/\/www.photostory.dk\/index.php?rest_route=\/wp\/v2\/pages"}],"about":[{"href":"https:\/\/www.photostory.dk\/index.php?rest_route=\/wp\/v2\/types\/page"}],"author":[{"embeddable":true,"href":"https:\/\/www.photostory.dk\/index.php?rest_route=\/wp\/v2\/users\/1"}],"replies":[{"embeddable":true,"href":"https:\/\/www.photostory.dk\/index.php?rest_route=%2Fwp%2Fv2%2Fcomments&post=3487"}],"version-history":[{"count":1,"href":"https:\/\/www.photostory.dk\/index.php?rest_route=\/wp\/v2\/pages\/3487\/revisions"}],"predecessor-version":[{"id":3490,"href":"https:\/\/www.photostory.dk\/index.php?rest_route=\/wp\/v2\/pages\/3487\/revisions\/3490"}],"wp:attachment":[{"href":"https:\/\/www.photostory.dk\/index.php?rest_route=%2Fwp%2Fv2%2Fmedia&parent=3487"}],"curies":[{"name":"wp","href":"https:\/\/api.w.org\/{rel}","templated":true}]}}