{"id":3482,"date":"2017-02-19T09:26:49","date_gmt":"2017-02-19T09:26:49","guid":{"rendered":"http:\/\/photostory.dk\/?page_id=3482"},"modified":"2017-02-19T09:27:18","modified_gmt":"2017-02-19T09:27:18","slug":"digt-sneen-det-er-aften","status":"publish","type":"page","link":"https:\/\/www.photostory.dk\/?page_id=3482","title":{"rendered":"Digt: Sneen. Det er aften &#8230;.."},"content":{"rendered":"<p><a href=\"http:\/\/photostory.dk\/wp-content\/uploads\/2017\/02\/co-102-sneen_small.jpg\"><img decoding=\"async\" loading=\"lazy\" class=\"size-full wp-image-3483 aligncenter\" src=\"http:\/\/photostory.dk\/wp-content\/uploads\/2017\/02\/co-102-sneen_small.jpg\" alt=\"\" width=\"400\" height=\"394\" srcset=\"https:\/\/www.photostory.dk\/wp-content\/uploads\/2017\/02\/co-102-sneen_small.jpg 400w, https:\/\/www.photostory.dk\/wp-content\/uploads\/2017\/02\/co-102-sneen_small-223x220.jpg 223w\" sizes=\"(max-width: 400px) 100vw, 400px\" \/><\/a><\/p>\n<p style=\"text-align: center;\"><strong>Sneen<\/strong><\/p>\n<p style=\"text-align: center;\">Det er aften.<br \/>\nDagen har v\u00e6ret lang.<br \/>\nMan er tr\u00e6t<br \/>\nKigger ud ad vinduet.<br \/>\nDet sneer.<br \/>\n&#8220;Juhu.&#8221;<br \/>\nAlle tanker for rundt rundt i hovedet.<br \/>\nSneen falder hele tiden.<br \/>\nSikke sk\u00e6gt man for det,<br \/>\nn\u00e5r der er nok sne,<br \/>\ntil at tumle og k\u00e6lke i.<br \/>\nSneen falder p\u00e5 hver en gren og blad.<br \/>\nDen falder og ligger s\u00e5 findt.<\/p>\n<p>\u201cCosta Karlslunde Digte 1981\u201d var en del af et undervisningsprojekt i 1981 p\u00e5 Karlslunde Skole om lokalmilj\u00f8er i bl.a. Aved\u00f8re, Lyngby og Karlslunde. De her gengivne digte m.m. er fra Karlslunde og omegn og udf\u00f8rt af eleverne fra 5, 6 og 7. klasse. De er efterf\u00f8lgende udgivet p\u00e5 internettet af Lars Bj\u00f8rnsten til inspiration for andre.<\/p>\n<p style=\"text-align: center;\"><a href=\"http:\/\/photostory.dk\/?page_id=835\">Oversigt Costa Karlslunde Digte 1981. Skoledigte<\/a><\/p>\n","protected":false},"excerpt":{"rendered":"<p>Sneen Det er aften. Dagen har v\u00e6ret lang. Man er tr\u00e6t Kigger ud ad vinduet. Det sneer. &#8220;Juhu.&#8221; Alle tanker for rundt rundt i hovedet. Sneen falder hele tiden. Sikke sk\u00e6gt man for det, n\u00e5r der er nok sne, til at tumle og k\u00e6lke i. Sneen falder p\u00e5 hver en gren og blad. Den falder &hellip; <a href=\"https:\/\/www.photostory.dk\/?page_id=3482\" class=\"more-link\">L\u00e6s mere <span class=\"screen-reader-text\">Digt: Sneen. Det er aften &#8230;..<\/span><\/a><\/p>\n","protected":false},"author":1,"featured_media":0,"parent":0,"menu_order":0,"comment_status":"closed","ping_status":"closed","template":"","meta":[],"_links":{"self":[{"href":"https:\/\/www.photostory.dk\/index.php?rest_route=\/wp\/v2\/pages\/3482"}],"collection":[{"href":"https:\/\/www.photostory.dk\/index.php?rest_route=\/wp\/v2\/pages"}],"about":[{"href":"https:\/\/www.photostory.dk\/index.php?rest_route=\/wp\/v2\/types\/page"}],"author":[{"embeddable":true,"href":"https:\/\/www.photostory.dk\/index.php?rest_route=\/wp\/v2\/users\/1"}],"replies":[{"embeddable":true,"href":"https:\/\/www.photostory.dk\/index.php?rest_route=%2Fwp%2Fv2%2Fcomments&post=3482"}],"version-history":[{"count":2,"href":"https:\/\/www.photostory.dk\/index.php?rest_route=\/wp\/v2\/pages\/3482\/revisions"}],"predecessor-version":[{"id":3486,"href":"https:\/\/www.photostory.dk\/index.php?rest_route=\/wp\/v2\/pages\/3482\/revisions\/3486"}],"wp:attachment":[{"href":"https:\/\/www.photostory.dk\/index.php?rest_route=%2Fwp%2Fv2%2Fmedia&parent=3482"}],"curies":[{"name":"wp","href":"https:\/\/api.w.org\/{rel}","templated":true}]}}