{"id":3469,"date":"2017-02-19T08:09:24","date_gmt":"2017-02-19T08:09:24","guid":{"rendered":"http:\/\/photostory.dk\/?page_id=3469"},"modified":"2017-02-19T08:10:05","modified_gmt":"2017-02-19T08:10:05","slug":"foraar-foraar-bladene-springer-ud","status":"publish","type":"page","link":"https:\/\/www.photostory.dk\/?page_id=3469","title":{"rendered":"For\u00e5r, For\u00e5r Bladene springer ud"},"content":{"rendered":"<p style=\"text-align: center;\"><a href=\"http:\/\/photostory.dk\/wp-content\/uploads\/2017\/02\/co-101-foraar_small.jpg\"><img decoding=\"async\" loading=\"lazy\" class=\"size-full wp-image-3470 aligncenter\" src=\"http:\/\/photostory.dk\/wp-content\/uploads\/2017\/02\/co-101-foraar_small.jpg\" alt=\"\" width=\"400\" height=\"115\" srcset=\"https:\/\/www.photostory.dk\/wp-content\/uploads\/2017\/02\/co-101-foraar_small.jpg 400w, https:\/\/www.photostory.dk\/wp-content\/uploads\/2017\/02\/co-101-foraar_small-295x85.jpg 295w\" sizes=\"(max-width: 400px) 100vw, 400px\" \/><\/a><br \/>\nFor\u00e5r<br \/>\nFor\u00e5r<br \/>\nBladene springer ud<br \/>\nFuglene synger<\/p>\n<p style=\"text-align: center;\">For\u00e5r<br \/>\nFor\u00e5r<br \/>\nSolen skinner<br \/>\nHundene l\u00f8ber<\/p>\n<p>\u201cCosta Karlslunde Digte 1981\u201d var en del af et undervisningsprojekt i 1981 p\u00e5 Karlslunde Skole om lokalmilj\u00f8er i bl.a. Aved\u00f8re, Lyngby og Karlslunde. De her gengivne digte m.m. er fra Karlslunde og omegn og udf\u00f8rt af eleverne fra 5, 6 og 7. klasse. De er efterf\u00f8lgende udgivet p\u00e5 internettet af Lars Bj\u00f8rnsten til inspiration for andre.<\/p>\n<p style=\"text-align: center;\"><a href=\"http:\/\/photostory.dk\/?page_id=835\">Oversigt Costa Karlslunde Digte 1981. Skoledigte<\/a><\/p>\n","protected":false},"excerpt":{"rendered":"<p>For\u00e5r For\u00e5r Bladene springer ud Fuglene synger For\u00e5r For\u00e5r Solen skinner Hundene l\u00f8ber \u201cCosta Karlslunde Digte 1981\u201d var en del af et undervisningsprojekt i 1981 p\u00e5 Karlslunde Skole om lokalmilj\u00f8er i bl.a. Aved\u00f8re, Lyngby og Karlslunde. De her gengivne digte m.m. er fra Karlslunde og omegn og udf\u00f8rt af eleverne fra 5, 6 og 7. &hellip; <a href=\"https:\/\/www.photostory.dk\/?page_id=3469\" class=\"more-link\">L\u00e6s mere <span class=\"screen-reader-text\">For\u00e5r, For\u00e5r Bladene springer ud<\/span><\/a><\/p>\n","protected":false},"author":1,"featured_media":0,"parent":0,"menu_order":0,"comment_status":"closed","ping_status":"closed","template":"","meta":[],"_links":{"self":[{"href":"https:\/\/www.photostory.dk\/index.php?rest_route=\/wp\/v2\/pages\/3469"}],"collection":[{"href":"https:\/\/www.photostory.dk\/index.php?rest_route=\/wp\/v2\/pages"}],"about":[{"href":"https:\/\/www.photostory.dk\/index.php?rest_route=\/wp\/v2\/types\/page"}],"author":[{"embeddable":true,"href":"https:\/\/www.photostory.dk\/index.php?rest_route=\/wp\/v2\/users\/1"}],"replies":[{"embeddable":true,"href":"https:\/\/www.photostory.dk\/index.php?rest_route=%2Fwp%2Fv2%2Fcomments&post=3469"}],"version-history":[{"count":1,"href":"https:\/\/www.photostory.dk\/index.php?rest_route=\/wp\/v2\/pages\/3469\/revisions"}],"predecessor-version":[{"id":3472,"href":"https:\/\/www.photostory.dk\/index.php?rest_route=\/wp\/v2\/pages\/3469\/revisions\/3472"}],"wp:attachment":[{"href":"https:\/\/www.photostory.dk\/index.php?rest_route=%2Fwp%2Fv2%2Fmedia&parent=3469"}],"curies":[{"name":"wp","href":"https:\/\/api.w.org\/{rel}","templated":true}]}}