{"id":3454,"date":"2017-02-18T17:40:04","date_gmt":"2017-02-18T17:40:04","guid":{"rendered":"http:\/\/photostory.dk\/?page_id=3454"},"modified":"2017-02-18T17:40:50","modified_gmt":"2017-02-18T17:40:50","slug":"solen-skinner-det-er-varmt","status":"publish","type":"page","link":"https:\/\/www.photostory.dk\/?page_id=3454","title":{"rendered":"Solen skinner det er varmt"},"content":{"rendered":"<p style=\"text-align: center;\"><a href=\"http:\/\/photostory.dk\/wp-content\/uploads\/2017\/02\/co-100-sol_small.jpg\"><img decoding=\"async\" loading=\"lazy\" class=\"size-full wp-image-3455 aligncenter\" src=\"http:\/\/photostory.dk\/wp-content\/uploads\/2017\/02\/co-100-sol_small.jpg\" alt=\"\" width=\"400\" height=\"217\" srcset=\"https:\/\/www.photostory.dk\/wp-content\/uploads\/2017\/02\/co-100-sol_small.jpg 400w, https:\/\/www.photostory.dk\/wp-content\/uploads\/2017\/02\/co-100-sol_small-295x160.jpg 295w\" sizes=\"(max-width: 400px) 100vw, 400px\" \/><\/a><\/p>\n<p style=\"text-align: center;\"><strong>Sol<\/strong><\/p>\n<p style=\"text-align: center;\">Solen skinner<br \/>\ndet er varmt<br \/>\ns\u00e5 varmt at jeg m\u00e5 l\u00e6gge jakken<br \/>\nimorgen m\u00e5 jeg have T-shirt p\u00e5<br \/>\nfor ikke at d\u00f8 af varme<\/p>\n<p>\u201cCosta Karlslunde Digte 1981\u201d var en del af et undervisningsprojekt i 1981 p\u00e5 Karlslunde Skole om lokalmilj\u00f8er i bl.a. Aved\u00f8re, Lyngby og Karlslunde. De her gengivne digte m.m. er fra Karlslunde og omegn og udf\u00f8rt af eleverne fra 5, 6 og 7. klasse. De er efterf\u00f8lgende udgivet p\u00e5 internettet af Lars Bj\u00f8rnsten til inspiration for andre.<\/p>\n<p style=\"text-align: center;\"><a href=\"http:\/\/photostory.dk\/?page_id=835\">Oversigt Costa Karlslunde Digte 1981. Skoledigte<\/a><\/p>\n","protected":false},"excerpt":{"rendered":"<p>Sol Solen skinner det er varmt s\u00e5 varmt at jeg m\u00e5 l\u00e6gge jakken imorgen m\u00e5 jeg have T-shirt p\u00e5 for ikke at d\u00f8 af varme \u201cCosta Karlslunde Digte 1981\u201d var en del af et undervisningsprojekt i 1981 p\u00e5 Karlslunde Skole om lokalmilj\u00f8er i bl.a. Aved\u00f8re, Lyngby og Karlslunde. De her gengivne digte m.m. er fra &hellip; <a href=\"https:\/\/www.photostory.dk\/?page_id=3454\" class=\"more-link\">L\u00e6s mere <span class=\"screen-reader-text\">Solen skinner det er varmt<\/span><\/a><\/p>\n","protected":false},"author":1,"featured_media":0,"parent":0,"menu_order":0,"comment_status":"closed","ping_status":"closed","template":"","meta":[],"_links":{"self":[{"href":"https:\/\/www.photostory.dk\/index.php?rest_route=\/wp\/v2\/pages\/3454"}],"collection":[{"href":"https:\/\/www.photostory.dk\/index.php?rest_route=\/wp\/v2\/pages"}],"about":[{"href":"https:\/\/www.photostory.dk\/index.php?rest_route=\/wp\/v2\/types\/page"}],"author":[{"embeddable":true,"href":"https:\/\/www.photostory.dk\/index.php?rest_route=\/wp\/v2\/users\/1"}],"replies":[{"embeddable":true,"href":"https:\/\/www.photostory.dk\/index.php?rest_route=%2Fwp%2Fv2%2Fcomments&post=3454"}],"version-history":[{"count":3,"href":"https:\/\/www.photostory.dk\/index.php?rest_route=\/wp\/v2\/pages\/3454\/revisions"}],"predecessor-version":[{"id":3459,"href":"https:\/\/www.photostory.dk\/index.php?rest_route=\/wp\/v2\/pages\/3454\/revisions\/3459"}],"wp:attachment":[{"href":"https:\/\/www.photostory.dk\/index.php?rest_route=%2Fwp%2Fv2%2Fmedia&parent=3454"}],"curies":[{"name":"wp","href":"https:\/\/api.w.org\/{rel}","templated":true}]}}